{"id":81,"date":"2024-04-17T20:13:05","date_gmt":"2024-04-17T18:13:05","guid":{"rendered":"http:\/\/www.forum-klimaschutz-gmunden.at\/?page_id=81"},"modified":"2026-04-10T11:26:27","modified_gmt":"2026-04-10T09:26:27","slug":"mitmachen","status":"publish","type":"page","link":"https:\/\/www.forum-klimaschutz-gmunden.at\/?page_id=81","title":{"rendered":"Mitmachen"},"content":{"rendered":"\n<div class=\"wp-block-cover alignfull\"><img loading=\"lazy\" decoding=\"async\" width=\"2048\" height=\"722\" class=\"wp-block-cover__image-background wp-image-2998 size-full\" alt=\"\" src=\"https:\/\/www.forum-klimaschutz-gmunden.at\/wp-content\/uploads\/2025\/05\/42545898_XXL-1-1.jpg\" data-object-fit=\"cover\" srcset=\"https:\/\/www.forum-klimaschutz-gmunden.at\/wp-content\/uploads\/2025\/05\/42545898_XXL-1-1.jpg 2048w, https:\/\/www.forum-klimaschutz-gmunden.at\/wp-content\/uploads\/2025\/05\/42545898_XXL-1-1-300x106.jpg 300w, https:\/\/www.forum-klimaschutz-gmunden.at\/wp-content\/uploads\/2025\/05\/42545898_XXL-1-1-1024x361.jpg 1024w, https:\/\/www.forum-klimaschutz-gmunden.at\/wp-content\/uploads\/2025\/05\/42545898_XXL-1-1-768x271.jpg 768w, https:\/\/www.forum-klimaschutz-gmunden.at\/wp-content\/uploads\/2025\/05\/42545898_XXL-1-1-1536x542.jpg 1536w\" sizes=\"auto, (max-width: 2048px) 100vw, 2048px\" \/><span aria-hidden=\"true\" class=\"wp-block-cover__background has-background-dim-30 has-background-dim\" style=\"background-color:#8195ae\"><\/span><div class=\"wp-block-cover__inner-container has-global-padding is-layout-constrained wp-block-cover-is-layout-constrained\">\n<h4 class=\"wp-block-heading alignwide has-text-align-center has-base-color has-text-color has-link-color has-xx-large-font-size wp-elements-710bc4b4f8ad9ddcb05312f5320a6d32\"><strong>Mach mit beim Klimaschutz<\/strong><\/h4>\n<\/div><\/div>\n\n\n\n<div style=\"height:21px\" aria-hidden=\"true\" class=\"wp-block-spacer\"><\/div>\n\n\n\n<h4 class=\"wp-block-heading has-text-align-center\">Wir suchen noch Menschen, die sich <br>einbringen m\u00f6chten!<\/h4>\n\n\n\n<p>Was soll Ihrer \/ Deiner Meinung nach auf Gemeindeebene f\u00fcr den Klimaschutz getan werden? <\/p>\n\n\n\n<p>Wir freuen uns auf neue Gesichter bei unseren Treffen oder Mails an: <br><a href=\"mailto:info@forum-klimaschutz-gmunden.at\">info@forum-klimaschutz-gmunden.at<\/a> <\/p>\n\n\n\n<p><strong>Forum f\u00fcr Klimaschutz in Gmunden<br>N\u00e4chstes Treffen: Donnerstag, 21. Mai 2026<\/strong><br><strong>18 Uhr im Otelo<\/strong> <strong>Gmunden<\/strong><br><strong>Gmunden, Klosterplatz 2<\/strong><br><strong><a href=\"https:\/\/www.openstreetmap.org\/?mlat=47.91748836636543&amp;mlon=13.805045485496521#map=19\/47.917488\/13.805045\">OpenStreetMap<\/a> <\/strong><\/p>\n\n\n\n<figure class=\"wp-block-image size-large\"><a href=\"https:\/\/otelo.or.at\/standort\/gmunden\/\"><img loading=\"lazy\" decoding=\"async\" width=\"1024\" height=\"683\" src=\"https:\/\/www.forum-klimaschutz-gmunden.at\/wp-content\/uploads\/2025\/05\/DSC_8134-1024x683.jpg\" alt=\"\" class=\"wp-image-2966\" srcset=\"https:\/\/www.forum-klimaschutz-gmunden.at\/wp-content\/uploads\/2025\/05\/DSC_8134-1024x683.jpg 1024w, https:\/\/www.forum-klimaschutz-gmunden.at\/wp-content\/uploads\/2025\/05\/DSC_8134-300x200.jpg 300w, https:\/\/www.forum-klimaschutz-gmunden.at\/wp-content\/uploads\/2025\/05\/DSC_8134-768x512.jpg 768w, https:\/\/www.forum-klimaschutz-gmunden.at\/wp-content\/uploads\/2025\/05\/DSC_8134.jpg 1280w\" sizes=\"auto, (max-width: 1024px) 100vw, 1024px\" \/><\/a><figcaption class=\"wp-element-caption\">Foto: Otelo Gmunden<\/figcaption><\/figure>\n\n\n\n<p>Im Bild der wundersch\u00f6ne Garten des ehemaligen Kapuzinerklosters. Im Nordtrakt des Geb\u00e4udes sind die R\u00e4umlichkeiten des OTELO-Gmunden, wo wir derzeit unsere Forum-Treffen abhalten.<\/p>\n\n\n\n<div style=\"height:20px\" aria-hidden=\"true\" class=\"wp-block-spacer\"><\/div>\n\n\n\n<p class=\"has-text-align-center has-small-font-size\">Titelbild: <a href=\"https:\/\/www.gmunden.at\/verwaltung-politik\/klima-energie-umwelt-tiere\/klimaschutz-mach-mit-2\/\">Klimaschutz &#8211; Mach mit! &#8211; Stadtgemeinde Gmunden<\/a><\/p>\n\n\n\n<p><\/p>\n","protected":false},"excerpt":{"rendered":"<p>Wir suchen noch Menschen, die sich einbringen m\u00f6chten! Was soll Ihrer \/ Deiner Meinung nach auf Gemeindeebene f\u00fcr den Klimaschutz getan werden? Wir freuen uns auf neue Gesichter bei unseren Treffen oder Mails an: info@forum-klimaschutz-gmunden.at Forum f\u00fcr Klimaschutz in GmundenN\u00e4chstes Treffen: Donnerstag, 21. Mai 202618 Uhr im Otelo GmundenGmunden, Klosterplatz 2OpenStreetMap Im Bild der wundersch\u00f6ne [&hellip;]<\/p>\n","protected":false},"author":1,"featured_media":0,"parent":0,"menu_order":5,"comment_status":"closed","ping_status":"closed","template":"startseite","meta":{"ngg_post_thumbnail":0,"footnotes":""},"class_list":["post-81","page","type-page","status-publish","hentry"],"_links":{"self":[{"href":"https:\/\/www.forum-klimaschutz-gmunden.at\/index.php?rest_route=\/wp\/v2\/pages\/81","targetHints":{"allow":["GET"]}}],"collection":[{"href":"https:\/\/www.forum-klimaschutz-gmunden.at\/index.php?rest_route=\/wp\/v2\/pages"}],"about":[{"href":"https:\/\/www.forum-klimaschutz-gmunden.at\/index.php?rest_route=\/wp\/v2\/types\/page"}],"author":[{"embeddable":true,"href":"https:\/\/www.forum-klimaschutz-gmunden.at\/index.php?rest_route=\/wp\/v2\/users\/1"}],"replies":[{"embeddable":true,"href":"https:\/\/www.forum-klimaschutz-gmunden.at\/index.php?rest_route=%2Fwp%2Fv2%2Fcomments&post=81"}],"version-history":[{"count":44,"href":"https:\/\/www.forum-klimaschutz-gmunden.at\/index.php?rest_route=\/wp\/v2\/pages\/81\/revisions"}],"predecessor-version":[{"id":3976,"href":"https:\/\/www.forum-klimaschutz-gmunden.at\/index.php?rest_route=\/wp\/v2\/pages\/81\/revisions\/3976"}],"wp:attachment":[{"href":"https:\/\/www.forum-klimaschutz-gmunden.at\/index.php?rest_route=%2Fwp%2Fv2%2Fmedia&parent=81"}],"curies":[{"name":"wp","href":"https:\/\/api.w.org\/{rel}","templated":true}]}}