{"id":800,"date":"2024-10-25T15:46:41","date_gmt":"2024-10-25T13:46:41","guid":{"rendered":"https:\/\/www.forum-klimaschutz-gmunden.at\/?page_id=800"},"modified":"2026-05-09T14:21:31","modified_gmt":"2026-05-09T12:21:31","slug":"weitere-termine","status":"publish","type":"page","link":"https:\/\/www.forum-klimaschutz-gmunden.at\/?page_id=800","title":{"rendered":"Veranstaltungshinweise"},"content":{"rendered":"\n<div class=\"wp-block-cover alignfull\"><img loading=\"lazy\" decoding=\"async\" width=\"1024\" height=\"498\" class=\"wp-block-cover__image-background wp-image-3905 size-large\" alt=\"\" src=\"https:\/\/www.forum-klimaschutz-gmunden.at\/wp-content\/uploads\/2026\/03\/20240915_174054-1-1024x498.jpg\" style=\"object-position:50% 13%\" data-object-fit=\"cover\" data-object-position=\"50% 13%\" srcset=\"https:\/\/www.forum-klimaschutz-gmunden.at\/wp-content\/uploads\/2026\/03\/20240915_174054-1-1024x498.jpg 1024w, https:\/\/www.forum-klimaschutz-gmunden.at\/wp-content\/uploads\/2026\/03\/20240915_174054-1-300x146.jpg 300w, https:\/\/www.forum-klimaschutz-gmunden.at\/wp-content\/uploads\/2026\/03\/20240915_174054-1-768x373.jpg 768w, https:\/\/www.forum-klimaschutz-gmunden.at\/wp-content\/uploads\/2026\/03\/20240915_174054-1-1536x747.jpg 1536w, https:\/\/www.forum-klimaschutz-gmunden.at\/wp-content\/uploads\/2026\/03\/20240915_174054-1-2048x996.jpg 2048w\" sizes=\"auto, (max-width: 1024px) 100vw, 1024px\" \/><span aria-hidden=\"true\" class=\"wp-block-cover__background has-background-dim\" style=\"background-color:#797a7b\"><\/span><div class=\"wp-block-cover__inner-container has-global-padding is-layout-constrained wp-block-cover-is-layout-constrained\">\n<h2 class=\"wp-block-heading alignwide has-text-align-center has-xx-large-font-size\"><strong>Lass keine Termine ins Wasser fallen<\/strong><\/h2>\n<\/div><\/div>\n\n\n\n<div style=\"height:20px\" aria-hidden=\"true\" class=\"wp-block-spacer\"><\/div>\n\n\n\n<hr class=\"wp-block-separator has-alpha-channel-opacity is-style-wide\"\/>\n\n\n\n<div style=\"height:20px\" aria-hidden=\"true\" class=\"wp-block-spacer\"><\/div>\n\n\n\n<p><strong>Fr, 26. Juni | 19:00 Uhr&nbsp;| Vortrag im Klostersaal Traunkirchen<\/strong><br><strong>Gebirgsforschung &amp; Gletscherkunde | Priv.-Doz. Andrea Fischer<\/strong><\/p>\n\n\n\n<div class=\"wp-block-columns is-layout-flex wp-container-core-columns-is-layout-570f9a45 wp-block-columns-is-layout-flex\" style=\"padding-right:0;padding-left:0\">\n<div class=\"wp-block-column is-layout-flow wp-block-column-is-layout-flow\" style=\"flex-basis:33.33%\">\n<figure data-wp-context=\"{&quot;imageId&quot;:&quot;6a07077898b84&quot;}\" data-wp-interactive=\"core\/image\" data-wp-key=\"6a07077898b84\" class=\"wp-block-image size-large wp-lightbox-container\"><img loading=\"lazy\" decoding=\"async\" width=\"723\" height=\"1024\" data-wp-class--hide=\"state.isContentHidden\" data-wp-class--show=\"state.isContentVisible\" data-wp-init=\"callbacks.setButtonStyles\" data-wp-on--click=\"actions.showLightbox\" data-wp-on--load=\"callbacks.setButtonStyles\" data-wp-on-window--resize=\"callbacks.setButtonStyles\" src=\"https:\/\/www.forum-klimaschutz-gmunden.at\/wp-content\/uploads\/2026\/05\/iat-055-vortrag-26.06.2026_gebirgsforschung_poster_rz_251128_2_web-723x1024.jpg\" alt=\"\" class=\"wp-image-4028\" srcset=\"https:\/\/www.forum-klimaschutz-gmunden.at\/wp-content\/uploads\/2026\/05\/iat-055-vortrag-26.06.2026_gebirgsforschung_poster_rz_251128_2_web-723x1024.jpg 723w, https:\/\/www.forum-klimaschutz-gmunden.at\/wp-content\/uploads\/2026\/05\/iat-055-vortrag-26.06.2026_gebirgsforschung_poster_rz_251128_2_web-212x300.jpg 212w, https:\/\/www.forum-klimaschutz-gmunden.at\/wp-content\/uploads\/2026\/05\/iat-055-vortrag-26.06.2026_gebirgsforschung_poster_rz_251128_2_web-768x1087.jpg 768w, https:\/\/www.forum-klimaschutz-gmunden.at\/wp-content\/uploads\/2026\/05\/iat-055-vortrag-26.06.2026_gebirgsforschung_poster_rz_251128_2_web-1085x1536.jpg 1085w, https:\/\/www.forum-klimaschutz-gmunden.at\/wp-content\/uploads\/2026\/05\/iat-055-vortrag-26.06.2026_gebirgsforschung_poster_rz_251128_2_web-1447x2048.jpg 1447w, https:\/\/www.forum-klimaschutz-gmunden.at\/wp-content\/uploads\/2026\/05\/iat-055-vortrag-26.06.2026_gebirgsforschung_poster_rz_251128_2_web.jpg 1684w\" sizes=\"auto, (max-width: 723px) 100vw, 723px\" \/><button\n\t\t\tclass=\"lightbox-trigger\"\n\t\t\ttype=\"button\"\n\t\t\taria-haspopup=\"dialog\"\n\t\t\taria-label=\"Vergr\u00f6\u00dfern\"\n\t\t\tdata-wp-init=\"callbacks.initTriggerButton\"\n\t\t\tdata-wp-on--click=\"actions.showLightbox\"\n\t\t\tdata-wp-style--right=\"state.imageButtonRight\"\n\t\t\tdata-wp-style--top=\"state.imageButtonTop\"\n\t\t>\n\t\t\t<svg xmlns=\"http:\/\/www.w3.org\/2000\/svg\" width=\"12\" height=\"12\" fill=\"none\" viewBox=\"0 0 12 12\">\n\t\t\t\t<path fill=\"#fff\" d=\"M2 0a2 2 0 0 0-2 2v2h1.5V2a.5.5 0 0 1 .5-.5h2V0H2Zm2 10.5H2a.5.5 0 0 1-.5-.5V8H0v2a2 2 0 0 0 2 2h2v-1.5ZM8 12v-1.5h2a.5.5 0 0 0 .5-.5V8H12v2a2 2 0 0 1-2 2H8Zm2-12a2 2 0 0 1 2 2v2h-1.5V2a.5.5 0 0 0-.5-.5H8V0h2Z\" \/>\n\t\t\t<\/svg>\n\t\t<\/button><\/figure>\n<\/div>\n\n\n\n<div class=\"wp-block-column has-global-padding is-layout-constrained wp-block-column-is-layout-constrained\" style=\"flex-basis:66.66%\">\n<p>Die Spuren der eiszeitlichen Gletscher im Alpenvorland verhalfen der damals abstrakten Theorie eines ver\u00e4nderlichen Klimawandels zum Durchbruch. Nach mehr als einem Jahrhundert der Klimaforschung zeigen uns wiederum die Gletscher, dass es in den n\u00e4chsten Jahrzehnten w\u00e4rmer werden k\u00f6nnte als in den letzten 1,2 Millionen Jahren. Was bedeutet der Klimawandel f\u00fcr uns in den Alpen, was sollten wir wissen, und was k\u00f6nnen und brauchen wir nicht zu wissen?<\/p>\n<\/div>\n<\/div>\n\n\n\n<p><strong>Referentin:<\/strong>&nbsp;Doz.in Andrea Fischer, \u00d6AW\/ Institut f\u00fcr Interdisziplin\u00e4re Gebirgsforschung&nbsp;an der Universit\u00e4t Innsbruck.<br><strong>Veranstalter:<\/strong> <a href=\"https:\/\/www.akademietraunkirchen.com\/event\/vortrag-gebirgsforschung-und-gletscherkunde-in-zeiten-des-klimawandels-neuer-termin\/\" target=\"_blank\" rel=\"noreferrer noopener\">Internationale Akademie Traunkirchen<\/a><\/p>\n\n\n\n<div style=\"height:20px\" aria-hidden=\"true\" class=\"wp-block-spacer\"><\/div>\n\n\n\n<hr class=\"wp-block-separator has-alpha-channel-opacity is-style-wide\"\/>\n\n\n\n<div style=\"height:20px\" aria-hidden=\"true\" class=\"wp-block-spacer\"><\/div>\n\n\n\n<p class=\"has-text-align-left\"><a href=\"https:\/\/ccca.ac.at\/events\" target=\"_blank\" rel=\"noreferrer noopener\"><strong>Events &#8211; Climate Change Centre Austria<\/strong><\/a><\/p>\n\n\n\n<div class=\"wp-block-columns is-layout-flex wp-container-core-columns-is-layout-c5150b4a wp-block-columns-is-layout-flex\">\n<div class=\"wp-block-column is-layout-flow wp-block-column-is-layout-flow\" style=\"flex-basis:33.33%\">\n<figure class=\"wp-block-image size-full\"><img loading=\"lazy\" decoding=\"async\" width=\"695\" height=\"233\" src=\"https:\/\/www.forum-klimaschutz-gmunden.at\/wp-content\/uploads\/2025\/02\/CCCA_Logo.png\" alt=\"\" class=\"wp-image-2521\" srcset=\"https:\/\/www.forum-klimaschutz-gmunden.at\/wp-content\/uploads\/2025\/02\/CCCA_Logo.png 695w, https:\/\/www.forum-klimaschutz-gmunden.at\/wp-content\/uploads\/2025\/02\/CCCA_Logo-300x101.png 300w\" sizes=\"auto, (max-width: 695px) 100vw, 695px\" \/><\/figure>\n<\/div>\n\n\n\n<div class=\"wp-block-column has-global-padding is-layout-constrained wp-block-column-is-layout-constrained\" style=\"flex-basis:66.66%\">\n<p>Das CCCA ist Netzwerk und Sprachrohr der&nbsp;\u00f6sterreichischen Klima- &amp; Klimafolgen- forschung.<br><\/p>\n<\/div>\n<\/div>\n\n\n\n<div style=\"height:20px\" aria-hidden=\"true\" class=\"wp-block-spacer\"><\/div>\n\n\n\n<hr class=\"wp-block-separator has-alpha-channel-opacity is-style-wide\"\/>\n\n\n\n<div style=\"height:20px\" aria-hidden=\"true\" class=\"wp-block-spacer\"><\/div>\n\n\n\n<p class=\"has-text-align-center has-small-font-size\">Titelbild: Christian Auer<\/p>\n\n\n\n<p><\/p>\n","protected":false},"excerpt":{"rendered":"<p>Fr, 26. Juni | 19:00 Uhr&nbsp;| Vortrag im Klostersaal TraunkirchenGebirgsforschung &amp; Gletscherkunde | Priv.-Doz. Andrea Fischer Die Spuren der eiszeitlichen Gletscher im Alpenvorland verhalfen der damals abstrakten Theorie eines ver\u00e4nderlichen Klimawandels zum Durchbruch. Nach mehr als einem Jahrhundert der Klimaforschung zeigen uns wiederum die Gletscher, dass es in den n\u00e4chsten Jahrzehnten w\u00e4rmer werden k\u00f6nnte als [&hellip;]<\/p>\n","protected":false},"author":1,"featured_media":0,"parent":0,"menu_order":0,"comment_status":"closed","ping_status":"closed","template":"startseite","meta":{"ngg_post_thumbnail":0,"footnotes":""},"class_list":["post-800","page","type-page","status-publish","hentry"],"_links":{"self":[{"href":"https:\/\/www.forum-klimaschutz-gmunden.at\/index.php?rest_route=\/wp\/v2\/pages\/800","targetHints":{"allow":["GET"]}}],"collection":[{"href":"https:\/\/www.forum-klimaschutz-gmunden.at\/index.php?rest_route=\/wp\/v2\/pages"}],"about":[{"href":"https:\/\/www.forum-klimaschutz-gmunden.at\/index.php?rest_route=\/wp\/v2\/types\/page"}],"author":[{"embeddable":true,"href":"https:\/\/www.forum-klimaschutz-gmunden.at\/index.php?rest_route=\/wp\/v2\/users\/1"}],"replies":[{"embeddable":true,"href":"https:\/\/www.forum-klimaschutz-gmunden.at\/index.php?rest_route=%2Fwp%2Fv2%2Fcomments&post=800"}],"version-history":[{"count":137,"href":"https:\/\/www.forum-klimaschutz-gmunden.at\/index.php?rest_route=\/wp\/v2\/pages\/800\/revisions"}],"predecessor-version":[{"id":4033,"href":"https:\/\/www.forum-klimaschutz-gmunden.at\/index.php?rest_route=\/wp\/v2\/pages\/800\/revisions\/4033"}],"wp:attachment":[{"href":"https:\/\/www.forum-klimaschutz-gmunden.at\/index.php?rest_route=%2Fwp%2Fv2%2Fmedia&parent=800"}],"curies":[{"name":"wp","href":"https:\/\/api.w.org\/{rel}","templated":true}]}}