{"id":776,"date":"2024-10-25T11:21:02","date_gmt":"2024-10-25T09:21:02","guid":{"rendered":"https:\/\/www.forum-klimaschutz-gmunden.at\/?page_id=776"},"modified":"2026-02-17T19:30:51","modified_gmt":"2026-02-17T18:30:51","slug":"boden-baeume-entsiegelung","status":"publish","type":"page","link":"https:\/\/www.forum-klimaschutz-gmunden.at\/?page_id=776","title":{"rendered":"Boden &#8211; B\u00e4ume"},"content":{"rendered":"\n<div class=\"wp-block-cover alignfull is-light has-base-color has-text-color has-link-color wp-elements-eab8bf9343c6fcd08bfcf9353cf9eec0\"><img loading=\"lazy\" decoding=\"async\" width=\"2304\" height=\"1120\" class=\"wp-block-cover__image-background wp-image-1728\" alt=\"Orter Wiese in Gmunden\" src=\"https:\/\/www.forum-klimaschutz-gmunden.at\/wp-content\/uploads\/2025\/01\/20240505_095050-1.jpg\" style=\"object-position:50% 50%\" data-object-fit=\"cover\" data-object-position=\"50% 50%\" srcset=\"https:\/\/www.forum-klimaschutz-gmunden.at\/wp-content\/uploads\/2025\/01\/20240505_095050-1.jpg 2304w, https:\/\/www.forum-klimaschutz-gmunden.at\/wp-content\/uploads\/2025\/01\/20240505_095050-1-300x146.jpg 300w, https:\/\/www.forum-klimaschutz-gmunden.at\/wp-content\/uploads\/2025\/01\/20240505_095050-1-1024x498.jpg 1024w, https:\/\/www.forum-klimaschutz-gmunden.at\/wp-content\/uploads\/2025\/01\/20240505_095050-1-768x373.jpg 768w, https:\/\/www.forum-klimaschutz-gmunden.at\/wp-content\/uploads\/2025\/01\/20240505_095050-1-1536x747.jpg 1536w, https:\/\/www.forum-klimaschutz-gmunden.at\/wp-content\/uploads\/2025\/01\/20240505_095050-1-2048x996.jpg 2048w\" sizes=\"auto, (max-width: 2304px) 100vw, 2304px\" \/><span aria-hidden=\"true\" class=\"wp-block-cover__background has-accent-5-background-color has-background-dim-40 has-background-dim\"><\/span><div class=\"wp-block-cover__inner-container has-global-padding is-layout-constrained wp-block-cover-is-layout-constrained\">\n<h1 class=\"wp-block-heading alignwide has-text-align-center has-base-color has-text-color has-link-color has-xx-large-font-size wp-elements-69168e776815342480d46c03f0597893\"><strong>Boden &#8211; B\u00e4ume &#8211; Renaturierung<\/strong><\/h1>\n<\/div><\/div>\n\n\n\n<div style=\"height:21px\" aria-hidden=\"true\" class=\"wp-block-spacer\"><\/div>\n\n\n\n<div class=\"wp-block-group is-vertical is-layout-flex wp-container-core-group-is-layout-fe9cc265 wp-block-group-is-layout-flex\">\n<div class=\"wp-block-group has-global-padding is-layout-constrained wp-block-group-is-layout-constrained\">\n<p class=\"has-text-align-center\">Boden speichert&nbsp;Regenwasser und bietet Schutz vor \u00dcberschwemmungen. Ist der Boden versiegelt (betoniert, asphaltiert), kann es bei Starkregen zur \u00dcberlastung der Kanalisation kommen.<\/p>\n\n\n\n<p class=\"has-text-align-center\">Boden filtert sch\u00e4dliche Stoffe, damit sie nicht direkt ins Grundwasser gelangen. Das ist essentiell f\u00fcr saubere&nbsp;Trinkwasserversorgung. <br>Boden speichert Staub und sorgt f\u00fcr gute&nbsp;Luft.<\/p>\n\n\n\n<p class=\"has-text-align-center\">Bei versiegeltem Boden&nbsp;rinnt das Wasser ab und es kommt nicht zur Verdunstung an der versiegelten Oberfl\u00e4che. Dieser Prozess des Verdunstens ist aber notwendig zur K\u00fchlung der Luft.<\/p>\n\n\n\n<p class=\"has-text-align-center\">Beton und asphaltierte Stra\u00dfen speichern die Hitze, was zu Hitzeinseln mit gesundheitlicher Gef\u00e4hrdung f\u00fchren kann. <br><br>B\u00f6den sind der gr\u00f6\u00dfte Speicher (\u201eSenke\u201c) f\u00fcr Kohlenstoff und gleichzeitig eine der wichtigsten nat\u00fcrlichen Quellen f\u00fcr CO<sub>2<\/sub>&nbsp;in der Atmosph\u00e4re. <a href=\"https:\/\/www.mpg.de\/4705567\/kohlenstoffspeicher-boden\" target=\"_blank\" rel=\"noreferrer noopener\">Boden ist unser wichtigster Kohlenstoffspeicher<\/a>!<\/p>\n<\/div>\n<\/div>\n\n\n\n<blockquote class=\"wp-block-quote alignfull is-layout-flow wp-block-quote-is-layout-flow\">\n<h4 class=\"wp-block-heading has-text-align-center\"><em>Bodenschutz ist Klimaschutz! In \u00d6sterreich werden t\u00e4glich zw\u00f6lf Hektar Boden verbraucht. <\/em><br><em>Das entspricht in etwa 16 Fu\u00dfballfeldern.<\/em><\/h4>\n<\/blockquote>\n\n\n\n<h4 class=\"wp-block-heading has-text-align-center\">Hotspots drohender Versiegelung <br>in Gmunden<\/h4>\n\n\n\n<div style=\"height:13px\" aria-hidden=\"true\" class=\"wp-block-spacer\"><\/div>\n\n\n\n<p><strong><a href=\"https:\/\/www.forum-klimaschutz-gmunden.at\/?page_id=2825\">Auw\u00e4ldchen beim Toscanapark<\/a><\/strong><br>Im April 2025 wurden im Toskanapark in Gmunden ca. 6.000 m\u00b2 Wald f\u00fcr einen Parkplatz, der Teil eines geplanten Hotelprojekts ist, gerodet. Auch wenn rechtlich alle Bestimmungen eingehalten wurden, ist das in Zeiten der Klimakrise geradezu grotesk.<\/p>\n\n\n\n<p><a href=\"https:\/\/www.forum-klimaschutz-gmunden.at\/?page_id=249\" data-type=\"page\" data-id=\"249\" target=\"_blank\" rel=\"noreferrer noopener\"><strong>Orter-Wiese<\/strong><\/a><br>Die Wiese zwischen Krankenhaus und der Kirche Gmunden Ort wird trotz Protest und ohne ausreichende Pr\u00fcfung von m\u00f6glichen Alternativen versiegelt. Im Herbst 2024 wurden Container f\u00fcr Kinderbetreuung aufgestellt. Das Forum hat mit Infobl\u00e4ttern, Leserbriefen und bei der Gemeinderatssitzung protestiert. 2025 wird die Errichtung eines Prim\u00e4rversorgungszentrums diskutiert. <\/p>\n\n\n\n<p class=\"has-text-align-left\"><strong>Seebahnhof-Areal<\/strong><br>Auf dem Seebahnhof-Areal sollen ca. 20.000 m\u00b2 Boden bebaut werden. Geplant sind ein Luxushotel am See mit 132 Zimmern und 84 Eigentumswohnungen. Das Projekt k\u00f6nnte noch an einer etwaigen <a href=\"https:\/\/www.immoclimate.legal\/neueste-faelle-und-erfolge-der-kanzlei\/erfolg-pruefung-der-uvp-pflicht-fuer-das-grosprojekt-seeviertel-in-gmunden-nun-fix\/\" target=\"_blank\" rel=\"noreferrer noopener\">Umweltvertr\u00e4glichkeitspr\u00fcfung<\/a> (UVP) und \/ oder der Finanzierung scheitern.<br><br>Bescheid der O\u00d6 Landesregierung 18.3.2025 <a href=\"https:\/\/www.land-oberoesterreich.gv.at\/Mediendateien\/Formulare\/Dokumente%20UWD%20Abt_AUWR\/AUWR-2025-2281_27.pdf\" target=\"_blank\" rel=\"noreferrer noopener\">AUWR-2025-2281_27.pdf<\/a> <br>Es ist keine Umweltvertr\u00e4glichkeitspr\u00fcfung durchzuf\u00fchren.<\/p>\n\n\n\n<p>Gegen diesen Bescheid legte die Umweltorganisation&nbsp;<em>Alliance For Nature<\/em>&nbsp;Beschwerde beim Bundesverwaltungsgericht ein \u2013 wegen Umweltbedenken und m\u00f6glicher EU-Rechtsverst\u00f6\u00dfe.<br><a href=\"https:\/\/www.salzi.at\/2025\/04\/seeviertel-gmunden-landet-beim-bundesverwaltungsgericht\/\" target=\"_blank\" rel=\"noreferrer noopener\">\u201eSeeviertel Gmunden\u201c landet beim Bundesverwaltungsgericht &#8211; salzi.at<\/a><\/p>\n\n\n\n<p class=\"has-text-align-left\">Falls es nicht zur Bebauung kommt, stellt sich die Frage, wie es auf dem Areal weitergeht. Wer ist f\u00fcr den Entscheidungsprozess zust\u00e4ndig? Wer sollte eingebunden werden? Wie transparent muss das ablaufen? <br>Noch zu beachten dabei: Das Hochwasser-Risiko auf diesem Areal wird mittel bzw. hoch eingesch\u00e4tzt und ist auf <a href=\"https:\/\/hora.gv.at\/#\/chwrz:-\/bgrau\/a-\/qgmunden%2C%20schiffsl%C3%A4nde\/@47.91626,13.80627,17z\" target=\"_blank\" rel=\"noreferrer noopener\">HORA &#8211; Natural Hazard Overview &amp; Risk Assessment Austria<\/a> einzusehen.<\/p>\n\n\n\n<p><strong><a href=\"https:\/\/www.bodenfreundlich.at\/angebote\/bodencheck\/\" target=\"_blank\" rel=\"noreferrer noopener\">BodenCheck<\/a><\/strong><br>Wie steht es um den Boden in Gmunden? Das Bodenb\u00fcndnis O\u00d6 stellt dazu einen interaktiven Fragebogen zur Verf\u00fcgung. Er liefert Antworten f\u00fcr einen zukunftsf\u00e4higen Umgang mit Boden in der Gemeinde.<\/p>\n\n\n\n<figure class=\"wp-block-image size-large\"><a href=\"https:\/\/www.bodenfreundlich.at\/angebote\/bodencheck\/\" target=\"_blank\" rel=\" noreferrer noopener\"><img loading=\"lazy\" decoding=\"async\" width=\"1024\" height=\"526\" src=\"https:\/\/www.forum-klimaschutz-gmunden.at\/wp-content\/uploads\/2025\/01\/image-1024x526.png\" alt=\"\" class=\"wp-image-1732\" srcset=\"https:\/\/www.forum-klimaschutz-gmunden.at\/wp-content\/uploads\/2025\/01\/image-1024x526.png 1024w, https:\/\/www.forum-klimaschutz-gmunden.at\/wp-content\/uploads\/2025\/01\/image-300x154.png 300w, https:\/\/www.forum-klimaschutz-gmunden.at\/wp-content\/uploads\/2025\/01\/image-768x395.png 768w, https:\/\/www.forum-klimaschutz-gmunden.at\/wp-content\/uploads\/2025\/01\/image.png 1280w\" sizes=\"auto, (max-width: 1024px) 100vw, 1024px\" \/><\/a><\/figure>\n\n\n\n<div style=\"height:13px\" aria-hidden=\"true\" class=\"wp-block-spacer\"><\/div>\n\n\n\n<p><strong><a href=\"https:\/\/www.facebook.com\/watch\/?v=659606300471940\" target=\"_blank\" rel=\"noreferrer noopener\">Schwammstadt-Projekt am Kastanienplatzl in Gmunden<\/a> <\/strong><br>Das Schwammstadt-Prinzip sichert Stadtb\u00e4umen das \u00dcberleben im Stra\u00dfenraum. Es ist ein innovatives System, das die gesunde Entwicklung gro\u00dfkroniger B\u00e4ume auf befestigten Fl\u00e4chen erm\u00f6glicht und unterirdischen Retentionsraum f\u00fcr Niederschlagsw\u00e4sser schafft.&nbsp; <br><a href=\"https:\/\/www.relevant.news\/schwammstadt-wo-baeume-gluecklich-wachsen\/\" target=\"_blank\" rel=\"noreferrer noopener\">Schwammstadt: Wo B\u00e4ume gl\u00fccklich wachsen (relevant.news)<\/a><\/p>\n\n\n\n<div style=\"height:20px\" aria-hidden=\"true\" class=\"wp-block-spacer\"><\/div>\n\n\n\n<h4 class=\"wp-block-heading has-text-align-center\">Das Krottensee-Moor<\/h4>\n\n\n\n<p>Klimaschutz und Artenschutz sind zwei Seiten derselben Medaille. Mit dem Schutz des Klimas werden auch die Flora und Fauna erhalten. Moore sind wichtige \u00d6kosysteme und CO<sub>2<\/sub>-Speicher. Weltweit bedecken Moore 3 % der Landfl\u00e4che, binden aber etwa doppelt soviel Kohlenstoff wie alle W\u00e4lder zusammen. <br><a href=\"https:\/\/www.klimafakten.de\/klimawissen\/was-nuetzt\/was-koennen-moore-zum-klimaschutz-beitragen\">Was k\u00f6nnen Moore zum Klimaschutz beitragen? | klimafakten.de<\/a><\/p>\n\n\n\n<p>Hier in Gmunden haben wir mit dem Krottensee ein einzigartiges Naturjuwel, an Hand dessen wir die Erdgeschichte der letzten 20.000 Jahre studieren k\u00f6nnen. Das Forum hat dazu im Oktober 2024 eine <a href=\"https:\/\/www.forum-klimaschutz-gmunden.at\/?page_id=388\">Krottensee-F\u00fchrung<\/a> veranstaltet. <\/p>\n\n\n\n<h4 class=\"wp-block-heading has-text-align-center\">Links <\/h4>\n\n\n\n<ul class=\"wp-block-list\">\n<li><a href=\"https:\/\/www.bodenfreundlich.at\/\">Bodenb\u00fcndnis O\u00d6<\/a> <\/li>\n\n\n\n<li><a href=\"https:\/\/www.wwf.at\/das-schuetzen-wir\/klima\/\">Klima in der Krise &#8211; WWF \u00d6sterreich<\/a><\/li>\n\n\n\n<li><a href=\"https:\/\/www.wwf.at\/wp-content\/uploads\/2024\/11\/Bodenschutz_To-Do-Liste_Bundesregierung2024.pdf\">Bodenschutz_To-Do-Liste_Bundesregierung2024.pdf<\/a><\/li>\n\n\n\n<li><a href=\"https:\/\/difu.de\/themen\/bodenpolitik\">Bodenpolitik | Deutsches Institut f\u00fcr Urbanistik<\/a><\/li>\n<\/ul>\n\n\n\n<div style=\"height:25px\" aria-hidden=\"true\" class=\"wp-block-spacer\"><\/div>\n\n\n\n<div class=\"wp-block-buttons is-content-justification-center is-layout-flex wp-container-core-buttons-is-layout-a89b3969 wp-block-buttons-is-layout-flex\">\n<div class=\"wp-block-button\"><a class=\"wp-block-button__link has-base-color has-text-color has-link-color has-text-align-center wp-element-button\" href=\"https:\/\/www.forum-klimaschutz-gmunden.at\/?page_id=139\">zur\u00fcck zur Themen-\u00dcbersicht<\/a><\/div>\n<\/div>\n\n\n\n<p class=\"has-text-align-center has-small-font-size\">Titelbild: Christian Auer<\/p>\n\n\n\n<p><\/p>\n","protected":false},"excerpt":{"rendered":"<p>Boden speichert&nbsp;Regenwasser und bietet Schutz vor \u00dcberschwemmungen. Ist der Boden versiegelt (betoniert, asphaltiert), kann es bei Starkregen zur \u00dcberlastung der Kanalisation kommen. Boden filtert sch\u00e4dliche Stoffe, damit sie nicht direkt ins Grundwasser gelangen. Das ist essentiell f\u00fcr saubere&nbsp;Trinkwasserversorgung. Boden speichert Staub und sorgt f\u00fcr gute&nbsp;Luft. Bei versiegeltem Boden&nbsp;rinnt das Wasser ab und es kommt nicht [&hellip;]<\/p>\n","protected":false},"author":1,"featured_media":0,"parent":0,"menu_order":0,"comment_status":"closed","ping_status":"closed","template":"startseite","meta":{"ngg_post_thumbnail":0,"footnotes":"[]"},"class_list":["post-776","page","type-page","status-publish","hentry"],"_links":{"self":[{"href":"https:\/\/www.forum-klimaschutz-gmunden.at\/index.php?rest_route=\/wp\/v2\/pages\/776","targetHints":{"allow":["GET"]}}],"collection":[{"href":"https:\/\/www.forum-klimaschutz-gmunden.at\/index.php?rest_route=\/wp\/v2\/pages"}],"about":[{"href":"https:\/\/www.forum-klimaschutz-gmunden.at\/index.php?rest_route=\/wp\/v2\/types\/page"}],"author":[{"embeddable":true,"href":"https:\/\/www.forum-klimaschutz-gmunden.at\/index.php?rest_route=\/wp\/v2\/users\/1"}],"replies":[{"embeddable":true,"href":"https:\/\/www.forum-klimaschutz-gmunden.at\/index.php?rest_route=%2Fwp%2Fv2%2Fcomments&post=776"}],"version-history":[{"count":113,"href":"https:\/\/www.forum-klimaschutz-gmunden.at\/index.php?rest_route=\/wp\/v2\/pages\/776\/revisions"}],"predecessor-version":[{"id":3778,"href":"https:\/\/www.forum-klimaschutz-gmunden.at\/index.php?rest_route=\/wp\/v2\/pages\/776\/revisions\/3778"}],"wp:attachment":[{"href":"https:\/\/www.forum-klimaschutz-gmunden.at\/index.php?rest_route=%2Fwp%2Fv2%2Fmedia&parent=776"}],"curies":[{"name":"wp","href":"https:\/\/api.w.org\/{rel}","templated":true}]}}