{"id":51,"date":"2024-04-17T10:38:20","date_gmt":"2024-04-17T08:38:20","guid":{"rendered":"http:\/\/www.forum-klimaschutz-gmunden.at\/?page_id=51"},"modified":"2026-04-04T10:04:09","modified_gmt":"2026-04-04T08:04:09","slug":"wer-wir-sind","status":"publish","type":"page","link":"https:\/\/www.forum-klimaschutz-gmunden.at\/?page_id=51","title":{"rendered":"\u00dcber uns"},"content":{"rendered":"\n<div class=\"wp-block-cover alignfull has-base-color has-text-color has-link-color wp-elements-0111dcd5bc9734e5afb341bd6b178b05\"><img loading=\"lazy\" decoding=\"async\" width=\"1024\" height=\"484\" class=\"wp-block-cover__image-background wp-image-2097\" alt=\"\" src=\"https:\/\/www.forum-klimaschutz-gmunden.at\/wp-content\/uploads\/2025\/01\/DSC_8134-1-1024x683-4.jpg\" data-object-fit=\"cover\" srcset=\"https:\/\/www.forum-klimaschutz-gmunden.at\/wp-content\/uploads\/2025\/01\/DSC_8134-1-1024x683-4.jpg 1024w, https:\/\/www.forum-klimaschutz-gmunden.at\/wp-content\/uploads\/2025\/01\/DSC_8134-1-1024x683-4-300x142.jpg 300w, https:\/\/www.forum-klimaschutz-gmunden.at\/wp-content\/uploads\/2025\/01\/DSC_8134-1-1024x683-4-768x363.jpg 768w\" sizes=\"auto, (max-width: 1024px) 100vw, 1024px\" \/><span aria-hidden=\"true\" class=\"wp-block-cover__background has-background-dim-30 has-background-dim\" style=\"background-color:#8195ae\"><\/span><div class=\"wp-block-cover__inner-container has-global-padding is-layout-constrained wp-block-cover-is-layout-constrained\">\n<h2 class=\"wp-block-heading alignwide has-text-align-center has-xx-large-font-size\"><strong>\u00dcber unsere Klimabande<\/strong><\/h2>\n<\/div><\/div>\n\n\n\n<div style=\"height:19px\" aria-hidden=\"true\" class=\"wp-block-spacer\"><\/div>\n\n\n\n<p class=\"has-text-align-center\">Im Fr\u00fchjahr 2024 haben engagierte B\u00fcrger und B\u00fcrgerinnen aus Gmunden und Umgebung das Forum f\u00fcr Klimaschutz gegr\u00fcndet. Mittlerweile besteht das Kernteam aus 16 Frauen und M\u00e4nnern. <br>In kurzen Portraits erfahren sie \u00fcber unsere Beweggr\u00fcnde.<\/p>\n\n\n\n<div style=\"height:20px\" aria-hidden=\"true\" class=\"wp-block-spacer\"><\/div>\n\n\n\n<div class=\"wp-block-columns is-layout-flex wp-container-core-columns-is-layout-c5150b4a wp-block-columns-is-layout-flex\">\n<div class=\"wp-block-column is-layout-flow wp-block-column-is-layout-flow\" style=\"flex-basis:33.33%\">\n<figure class=\"wp-block-image aligncenter size-full is-resized\"><img loading=\"lazy\" decoding=\"async\" width=\"595\" height=\"792\" src=\"https:\/\/www.forum-klimaschutz-gmunden.at\/wp-content\/uploads\/2026\/04\/20240529_125230-1.jpg\" alt=\"\" class=\"wp-image-3967\" style=\"width:198px;height:auto\" srcset=\"https:\/\/www.forum-klimaschutz-gmunden.at\/wp-content\/uploads\/2026\/04\/20240529_125230-1.jpg 595w, https:\/\/www.forum-klimaschutz-gmunden.at\/wp-content\/uploads\/2026\/04\/20240529_125230-1-225x300.jpg 225w\" sizes=\"auto, (max-width: 595px) 100vw, 595px\" \/><\/figure>\n<\/div>\n\n\n\n<div class=\"wp-block-column has-global-padding is-layout-constrained wp-block-column-is-layout-constrained\" style=\"flex-basis:66.66%\">\n<p class=\"has-text-align-left\"><strong>Christian Auer<\/strong><br>Zu meiner Vorstellung \u00fcber ein gutes Leben geh\u00f6rt eine gesunde Umwelt, der Erhalt der Artenvielfalt sowie ein schonender und gerechter Umgang mit unseren Ressourcen. Vieles wurde von Menschenhand bereits zerst\u00f6rt. Wir stecken mitten in der Krise. <br>Aber wir haben L\u00f6sungen f\u00fcr unsere Probleme. Das Wissen ist vorhanden. Nun m\u00fcssen wir handeln. Auch auf Gemeindeebene!<\/p>\n<\/div>\n<\/div>\n\n\n\n<p>Meine technische und betriebswirtschaftliche Ausbildung habe ich in einem Unternehmen f\u00fcr Rechenzentrum- und Kontrollraumausstattung eingesetzt. Nach meiner Pensionierung im November 2023 begann meine zweite Karriere im Sinne von Klimaschutz und Gerechtigkeit. Das Wissen dazu habe ich in einem 2-semestrigen Lehrgang auf der FH Joanneum in Graz erlangt.<\/p>\n\n\n\n<div style=\"height:20px\" aria-hidden=\"true\" class=\"wp-block-spacer\"><\/div>\n\n\n\n<div class=\"wp-block-columns is-layout-flex wp-container-core-columns-is-layout-c5150b4a wp-block-columns-is-layout-flex\">\n<div class=\"wp-block-column is-layout-flow wp-block-column-is-layout-flow\" style=\"flex-basis:33.33%\">\n<figure class=\"wp-block-image aligncenter size-full is-resized\"><img loading=\"lazy\" decoding=\"async\" width=\"114\" height=\"148\" src=\"https:\/\/www.forum-klimaschutz-gmunden.at\/wp-content\/uploads\/2024\/11\/image.jpg\" alt=\"Claudia Ellmauer-Baumgartner\" class=\"wp-image-1469\" style=\"width:200px;height:auto\"\/><\/figure>\n<\/div>\n\n\n\n<div class=\"wp-block-column has-global-padding is-layout-constrained wp-block-column-is-layout-constrained\" style=\"flex-basis:66.66%\">\n<p><strong>Claudia Ellmauer-Baumgartner<\/strong><br>Als ehemalige Teilnehmerin am Gmundner Klimarat, ist es f\u00fcr mich eine logische Folge, mich dem Forum f\u00fcr Klimaschutz anzuschlie\u00dfen. Pers\u00f6nlich finde ich nichts schlimmer als unt\u00e4tig die Ereignisse \u00fcber mich ergehen zu lassen und nur Zuschauerin zu sein. \u201eDa kann man eh nichts tun\u201c ist noch nie mein Lebensmotto gewesen. Bei keinem Thema und so auch nicht beim Klimathema.<\/p>\n<\/div>\n<\/div>\n\n\n\n<p>Eine lebenswerte Welt, an der sich auch noch meine Kinder und Enkelkinder erfreuen k\u00f6nnen, m\u00f6chte ich mit meinem&nbsp;bescheidenen Beitrag mitgestalten. Und ich hoffe auf viele Menschen in Gmunden, die \u00e4hnlich denken und handeln. Wenn man ein wenig in die Zukunft blickt, bleibt nur dieser Weg. Ohne lebenswerter Umwelt ist ALLES NICHTS.<\/p>\n\n\n\n<div style=\"height:20px\" aria-hidden=\"true\" class=\"wp-block-spacer\"><\/div>\n\n\n\n<div class=\"wp-block-columns is-layout-flex wp-container-core-columns-is-layout-c5150b4a wp-block-columns-is-layout-flex\">\n<div class=\"wp-block-column is-layout-flow wp-block-column-is-layout-flow\" style=\"flex-basis:33.33%\">\n<figure class=\"wp-block-image aligncenter size-full is-resized\"><img loading=\"lazy\" decoding=\"async\" width=\"187\" height=\"248\" src=\"https:\/\/www.forum-klimaschutz-gmunden.at\/wp-content\/uploads\/2024\/10\/Profilbild-1.jpg\" alt=\"Fritz Feichtinger\" class=\"wp-image-686\" style=\"width:200px;height:auto\"\/><\/figure>\n<\/div>\n\n\n\n<div class=\"wp-block-column has-global-padding is-layout-constrained wp-block-column-is-layout-constrained\" style=\"flex-basis:66.66%\">\n<p><strong>Fritz Feichtinger<\/strong><br>Mir ist es wichtig bei all den kleinen Dingen, die f\u00fcr Klimaschutz wichtig sind auf die gro\u00dfen Dinge nicht zu vergessen, n\u00e4mlich die Abkehr von fossilen Brennstoffen. Dies gelingt nur wenn wir es schaffen und zulassen andere Energieformen zu nutzen sowie insgesamt sparsamer und effizienter mit Energie umzugehen. Nun ist es Zeit diese Dinge anzupacken, auch hier in Gmunden. <\/p>\n<\/div>\n<\/div>\n\n\n\n<p>Seit dem Studium der Mechatronik arbeite ich als Elektronik- und Software-Entwickler. Ich interessiere mich f\u00fcr alles, was mit Naturwissenschaft und Technik zu tun hat. Im Verein OTELO versuche ich mein Wissen und meine Begeisterung an junge Menschen weiter zu geben und helfe bei Repair-Cafes.<\/p>\n\n\n\n<div style=\"height:20px\" aria-hidden=\"true\" class=\"wp-block-spacer\"><\/div>\n\n\n\n<div class=\"wp-block-columns is-layout-flex wp-container-core-columns-is-layout-c5150b4a wp-block-columns-is-layout-flex\">\n<div class=\"wp-block-column is-layout-flow wp-block-column-is-layout-flow\" style=\"flex-basis:33.33%\">\n<figure class=\"wp-block-image aligncenter size-full\"><img loading=\"lazy\" decoding=\"async\" width=\"760\" height=\"1021\" src=\"https:\/\/www.forum-klimaschutz-gmunden.at\/wp-content\/uploads\/2024\/10\/Aloisia-1.jpg\" alt=\"Aloisia Altmanninger\" class=\"wp-image-685\" srcset=\"https:\/\/www.forum-klimaschutz-gmunden.at\/wp-content\/uploads\/2024\/10\/Aloisia-1.jpg 760w, https:\/\/www.forum-klimaschutz-gmunden.at\/wp-content\/uploads\/2024\/10\/Aloisia-1-223x300.jpg 223w\" sizes=\"auto, (max-width: 760px) 100vw, 760px\" \/><\/figure>\n<\/div>\n\n\n\n<div class=\"wp-block-column has-global-padding is-layout-constrained wp-block-column-is-layout-constrained\" style=\"flex-basis:66.66%\">\n<p><strong>Aloisia Altmanninger<\/strong><br>Wir k\u00f6nnen nicht weitermachen wie bisher, h\u00f6re ich von den unterschiedlichsten Menschen immer wieder.&nbsp; Dass wir uns radikal \u00e4ndern m\u00fcssen, scheint heute v\u00f6llig klar zu sein. Ich besch\u00e4ftige mich schon lange mit den \u00f6kologischen Fragen: Was ist ein&nbsp; umweltvertr\u00e4glicher Lebensstil und wie k\u00f6nnen begrenzte Ressourcen global gerecht geteilt werden?<\/p>\n<\/div>\n<\/div>\n\n\n\n<p>Besonders am Herzen liegt mir der Erhalt von Natur- und Gr\u00fcnfl\u00e4chen. Indem man verst\u00e4rkt auf Sanierung setzt ist dies gut m\u00f6glich. Ein Versiegeln von Boden sollte nur mehr in absoluten Notf\u00e4llen passieren. Die letzten 25 Jahre haben Gmunden sehr ver\u00e4ndert und dies nicht unbedingt zum Positiven. Wie kann die Sch\u00f6nheit dieser wunderbaren Erde und das Leben aller ihrer Lebewesen bewahrt werden? Was kann der Einzelne tun und was hat die Politik zu tun? M\u00f6glichkeiten gibt es auf allen Ebenen. <\/p>\n\n\n\n<div style=\"height:20px\" aria-hidden=\"true\" class=\"wp-block-spacer\"><\/div>\n\n\n\n<div class=\"wp-block-columns is-layout-flex wp-container-core-columns-is-layout-c5150b4a wp-block-columns-is-layout-flex\">\n<div class=\"wp-block-column is-layout-flow wp-block-column-is-layout-flow\" style=\"flex-basis:33.33%\">\n<figure class=\"wp-block-image aligncenter size-full\"><img loading=\"lazy\" decoding=\"async\" width=\"240\" height=\"324\" src=\"https:\/\/www.forum-klimaschutz-gmunden.at\/wp-content\/uploads\/2024\/10\/Arved.png\" alt=\"Arved M\u00fcllner\" class=\"wp-image-682\" srcset=\"https:\/\/www.forum-klimaschutz-gmunden.at\/wp-content\/uploads\/2024\/10\/Arved.png 240w, https:\/\/www.forum-klimaschutz-gmunden.at\/wp-content\/uploads\/2024\/10\/Arved-222x300.png 222w\" sizes=\"auto, (max-width: 240px) 100vw, 240px\" \/><\/figure>\n<\/div>\n\n\n\n<div class=\"wp-block-column has-global-padding is-layout-constrained wp-block-column-is-layout-constrained\" style=\"flex-basis:66.66%\">\n<p><strong>Arved M\u00fcllner<\/strong><br>Ich halte den Klimawandel f\u00fcr eine der gr\u00f6\u00dften Gefahren der Menschheit. Ein Umdenken f\u00fcr unser (\u00dcber-)Leben ist erforderlich. Ich sehe die Verantwortung vor allem bei der Politik. Deshalb beteilige ich mich seit 2023 in der Gmundner Kommunalpolitik. Ich denke trotzdem, dass auch der technische Aspekt nicht unausgesprochen bleiben darf. Damit meine ich auch eine neue Atomkraftdebatte<\/p>\n<\/div>\n<\/div>\n\n\n\n<p>Als jemand, der selbst oft in der Natur unterwegs ist, ist es mir auch ein pers\u00f6nliches Anliegen das Klima zu sch\u00fctzen. Nicht f\u00fcr die Erde, sondern f\u00fcr die Menschheit. Der Planet h\u00e4lt es aus, der Mensch nicht. <br>Ich bin geb\u00fcrtiger Gmundner und habe so die aktuellen Entwicklungen in Gmunden von Anfang an mitbekommen. Meine Volkschulzeit habe ich in der Volkschule Ort verbracht. Derzeit bin ich im BG\/BRG Gmunden im Real-Gymnasialen-Zweig, in welchem ich auch die Unterstufe abgeschlossen habe.<\/p>\n\n\n\n<div style=\"height:20px\" aria-hidden=\"true\" class=\"wp-block-spacer\"><\/div>\n\n\n\n<div class=\"wp-block-columns is-layout-flex wp-container-core-columns-is-layout-c5150b4a wp-block-columns-is-layout-flex\">\n<div class=\"wp-block-column is-layout-flow wp-block-column-is-layout-flow\" style=\"flex-basis:33.33%\">\n<figure class=\"wp-block-image aligncenter size-full is-resized\"><img loading=\"lazy\" decoding=\"async\" width=\"271\" height=\"363\" src=\"https:\/\/www.forum-klimaschutz-gmunden.at\/wp-content\/uploads\/2024\/11\/Foto-Labor-Steffi-Hufnagl-1-1.jpg\" alt=\"Steffi Hufnagl\" class=\"wp-image-1172\" style=\"width:201px;height:auto\" srcset=\"https:\/\/www.forum-klimaschutz-gmunden.at\/wp-content\/uploads\/2024\/11\/Foto-Labor-Steffi-Hufnagl-1-1.jpg 271w, https:\/\/www.forum-klimaschutz-gmunden.at\/wp-content\/uploads\/2024\/11\/Foto-Labor-Steffi-Hufnagl-1-1-224x300.jpg 224w\" sizes=\"auto, (max-width: 271px) 100vw, 271px\" \/><\/figure>\n<\/div>\n\n\n\n<div class=\"wp-block-column has-global-padding is-layout-constrained wp-block-column-is-layout-constrained\" style=\"flex-basis:66.66%\">\n<p><strong>Steffi Hufnagl<\/strong> <br>Mein Herz schl\u00e4gt f\u00fcr die Medizin und f\u00fcr die Menschen, f\u00fcr deren Gesundheit ich geschworen habe mich einzusetzen.&nbsp;Mein Herz schl\u00e4gt aber auch f\u00fcr die Natur, die uns ein Leben lang ern\u00e4hrt. Um beides zu sch\u00fctzen, setze ich mich als \u00c4rztin daf\u00fcr ein, gemeinsam mit Entscheidungstr\u00e4gern aus Industrie und Forschung, L\u00f6sungen&nbsp;f\u00fcr die Umweltprobleme zu finden.<\/p>\n<\/div>\n<\/div>\n\n\n\n<p>Besonderes Augenmerk lege ich auf das im &#8222;Nature&#8220; als&nbsp;&#8220; zuk\u00fcnftiger Goldstandard&#8220; f\u00fcr nachhaltige Entwicklung bezeichnete &#8222;Cradle to Cradle&#8220;-Konzept. Dabei stelle ich mein Netzwerk zur Verf\u00fcgung, um die Entstehung von gesunden Kreisl\u00e4ufen zu f\u00f6rdern.<\/p>\n\n\n\n<div style=\"height:20px\" aria-hidden=\"true\" class=\"wp-block-spacer\"><\/div>\n\n\n\n<div class=\"wp-block-columns is-layout-flex wp-container-core-columns-is-layout-c5150b4a wp-block-columns-is-layout-flex\">\n<div class=\"wp-block-column is-layout-flow wp-block-column-is-layout-flow\" style=\"flex-basis:33.33%\">\n<figure class=\"wp-block-image aligncenter size-full\"><img loading=\"lazy\" decoding=\"async\" width=\"756\" height=\"1008\" src=\"https:\/\/www.forum-klimaschutz-gmunden.at\/wp-content\/uploads\/2024\/11\/Werner-1.jpg\" alt=\"Werner Huemer\" class=\"wp-image-1510\" srcset=\"https:\/\/www.forum-klimaschutz-gmunden.at\/wp-content\/uploads\/2024\/11\/Werner-1.jpg 756w, https:\/\/www.forum-klimaschutz-gmunden.at\/wp-content\/uploads\/2024\/11\/Werner-1-225x300.jpg 225w\" sizes=\"auto, (max-width: 756px) 100vw, 756px\" \/><\/figure>\n<\/div>\n\n\n\n<div class=\"wp-block-column has-global-padding is-layout-constrained wp-block-column-is-layout-constrained\" style=\"flex-basis:66.66%\">\n<p><strong>Werner Huemer<\/strong><br>Als ehemaligem Biologielehrer ist mir der Klimaschutz immer ein wichtiges Anliegen gewesen. Ich habe mich stets bem\u00fcht, meinen \u00f6kologischen Fu\u00dfabdruck so klein wie m\u00f6glich zu halten und meinen Sch\u00fclerinnen und Sch\u00fclern in dieser Hinsicht ein Vorbild zu sein. Meine Dissertation habe ich \u00fcber den&nbsp; \u00f6kologischen&nbsp; Zustand kleiner&nbsp; stehender Gew\u00e4sser im Bezirk Gmunden geschrieben.<\/p>\n<\/div>\n<\/div>\n\n\n\n<p>Der Krottensee ist mir dabei immer besonders am Herzen gelegen, weil ich unmittelbarer Anrainer bin. Gerade diesem Naturjuwel hat der Klimawandel besonders stark zugesetzt. Es hat sich dabei aber auch gezeigt, dass durch den Einsatz einiger weniger Idealisten der Schaden in Grenzen gehalten werden konnte. <br>So wie beim Krottensee sehen wir in vielen anderen Bereichen die negativen Folgen des Klimawandels. Es ist h\u00f6chste Zeit dagegen anzuk\u00e4mpfen aber sicherlich nicht zu sp\u00e4t. Die gute Nachricht dabei ist, dass jeder Einzelne seinen Beitrag leisten kann.<\/p>\n\n\n\n<div style=\"height:20px\" aria-hidden=\"true\" class=\"wp-block-spacer\"><\/div>\n\n\n\n<div class=\"wp-block-columns is-layout-flex wp-container-core-columns-is-layout-c5150b4a wp-block-columns-is-layout-flex\">\n<div class=\"wp-block-column is-layout-flow wp-block-column-is-layout-flow\" style=\"flex-basis:33.33%\">\n<figure class=\"wp-block-image aligncenter size-full is-resized\"><img loading=\"lazy\" decoding=\"async\" width=\"550\" height=\"728\" src=\"https:\/\/www.forum-klimaschutz-gmunden.at\/wp-content\/uploads\/2024\/10\/1726318587262.jpg\" alt=\"Lisbeth A. Joachim\" class=\"wp-image-681\" style=\"width:198px;height:auto\" srcset=\"https:\/\/www.forum-klimaschutz-gmunden.at\/wp-content\/uploads\/2024\/10\/1726318587262.jpg 550w, https:\/\/www.forum-klimaschutz-gmunden.at\/wp-content\/uploads\/2024\/10\/1726318587262-227x300.jpg 227w\" sizes=\"auto, (max-width: 550px) 100vw, 550px\" \/><\/figure>\n<\/div>\n\n\n\n<div class=\"wp-block-column has-global-padding is-layout-constrained wp-block-column-is-layout-constrained\" style=\"flex-basis:66.66%\">\n<p><strong>Lisbeth A. Joachim<\/strong><br>In den fr\u00fchen 1980-iger Jahren wurde ich erstmals durch den Bericht des Club of Rome auf Klimaver\u00e4nderungen aufmerksam. W\u00e4hrend der Zeit, die ich in Wien lebte, konnte ich hautnah erleben wie die Winter immer milder, die Sommerhitze immer unertr\u00e4glicher wurde. 2020 bin ich auf \u00e4rztlichen Rat ins k\u00fchlere Gmunden \u00fcbersiedelt. Ich empfinde mich als &#8220; Klimafl\u00fcchtling &#8222;.<\/p>\n<\/div>\n<\/div>\n\n\n\n<p>Ausbildung: Abiturientenlehrgang Tourismus; Universit\u00e4tslehrgang Marketing\/Soziologie WU Wien; Teilstudium Philosophie Wien<br>Beruf: Marketing in Internationalen Konzernen; seit 2000 in Pension<\/p>\n\n\n\n<div style=\"height:20px\" aria-hidden=\"true\" class=\"wp-block-spacer\"><\/div>\n\n\n\n<div class=\"wp-block-columns is-layout-flex wp-container-core-columns-is-layout-c5150b4a wp-block-columns-is-layout-flex\">\n<div class=\"wp-block-column is-layout-flow wp-block-column-is-layout-flow\" style=\"flex-basis:33.33%\">\n<figure class=\"wp-block-image aligncenter size-large\"><img loading=\"lazy\" decoding=\"async\" width=\"760\" height=\"1024\" src=\"https:\/\/www.forum-klimaschutz-gmunden.at\/wp-content\/uploads\/2025\/03\/1.-Heinrich_IMG_20250117_171427-760x1024.jpg\" alt=\"\" class=\"wp-image-2574\" srcset=\"https:\/\/www.forum-klimaschutz-gmunden.at\/wp-content\/uploads\/2025\/03\/1.-Heinrich_IMG_20250117_171427-760x1024.jpg 760w, https:\/\/www.forum-klimaschutz-gmunden.at\/wp-content\/uploads\/2025\/03\/1.-Heinrich_IMG_20250117_171427-223x300.jpg 223w, https:\/\/www.forum-klimaschutz-gmunden.at\/wp-content\/uploads\/2025\/03\/1.-Heinrich_IMG_20250117_171427-768x1035.jpg 768w, https:\/\/www.forum-klimaschutz-gmunden.at\/wp-content\/uploads\/2025\/03\/1.-Heinrich_IMG_20250117_171427-1140x1536.jpg 1140w, https:\/\/www.forum-klimaschutz-gmunden.at\/wp-content\/uploads\/2025\/03\/1.-Heinrich_IMG_20250117_171427.jpg 1383w\" sizes=\"auto, (max-width: 760px) 100vw, 760px\" \/><\/figure>\n<\/div>\n\n\n\n<div class=\"wp-block-column has-global-padding is-layout-constrained wp-block-column-is-layout-constrained\" style=\"flex-basis:66.66%\">\n<p><strong>Heinrich Torggler<\/strong><br>Meine Themen, die ich gerne im Forum diskutieren w\u00fcrde, drehen sich um Gemeinwohl, Gen\u00fcgsamkeit und Zufriedenheit und wohl auch um neue Technologien zur Rettung der Welt.<br>Daher liegt mir der Themenkreis Permakultur sehr am Herzen. Ein sorgevolles Miteinander und ein gerechtes Teilen von Ressourcen und Zeit m\u00f6chte ich vorleben und weitergeben.<\/p>\n<\/div>\n<\/div>\n\n\n\n<p>Stationen aus meinem Leben: Geboren und aufgewachsen in Meran, Medizinstudium in Innsbruck und Wien, Praxis f\u00fcr Allgemein-Medizin in Gmunden. Danach Gr\u00fcndung von \u201eBALANCE\u201c einem Institut f\u00fcr Psychotherapie und Familienberatung. Ausbildung und Arbeit als Kindertherapeut. 2004 Er\u00f6ffnung des \u201eAdagio\u201c in der Traungasse. Ein Ort an dem man sich Zeit nimmt f\u00fcr Begegnungen. Ich hab an Projekten wie der \u201eBank f\u00fcr Gemeinwohl\u201c oder den Tauschkreis \u201eWir gemeinsam\u201c  aktiv teilgenommen. <\/p>\n\n\n\n<div style=\"height:20px\" aria-hidden=\"true\" class=\"wp-block-spacer\"><\/div>\n\n\n\n<div class=\"wp-block-columns is-layout-flex wp-container-core-columns-is-layout-c5150b4a wp-block-columns-is-layout-flex\">\n<div class=\"wp-block-column is-layout-flow wp-block-column-is-layout-flow\" style=\"flex-basis:33.33%\">\n<figure class=\"wp-block-image aligncenter size-full\"><img loading=\"lazy\" decoding=\"async\" width=\"724\" height=\"964\" src=\"https:\/\/www.forum-klimaschutz-gmunden.at\/wp-content\/uploads\/2025\/03\/Joe-724x1024-1.jpg\" alt=\"\" class=\"wp-image-2729\" srcset=\"https:\/\/www.forum-klimaschutz-gmunden.at\/wp-content\/uploads\/2025\/03\/Joe-724x1024-1.jpg 724w, https:\/\/www.forum-klimaschutz-gmunden.at\/wp-content\/uploads\/2025\/03\/Joe-724x1024-1-225x300.jpg 225w\" sizes=\"auto, (max-width: 724px) 100vw, 724px\" \/><\/figure>\n<\/div>\n\n\n\n<div class=\"wp-block-column has-global-padding is-layout-constrained wp-block-column-is-layout-constrained\" style=\"flex-basis:66.66%\">\n<p><strong>Josef Aigner<\/strong><br>\u00dcber die absolute Dringlichkeit von Ma\u00dfnahmen zur Abmilderung der Klimakatastrophe braucht man nicht mehr diskutieren. Als langj\u00e4hriger Journalist (Salzkammergut-Zeitung) und PR-Mensch (Stadtgemeinde Gmunden) stelle ich mir vor allem eine Frage: Wie bin ich und wie sind meine Mitmenschen dazu zu bewegen, <br>JETZT entschlossen zu handeln?<\/p>\n<\/div>\n<\/div>\n\n\n\n<p>Predigten, hunderte wissenschaftliche Studien und das Ausmalen dystopischer Zust\u00e4nde reichen nicht aus. Sie k\u00f6nnen &#8211; wie die Gmundner Klimapsychologin Isabella Uhl-Haedicke darlegt &#8211; das Gegenteil bewirken: Ignoranz.&nbsp;Projekte und Workshops zum Anfassen und Mitmachen, das Hinausgehen aus der Blase der Klimaschutz-Apostel, Informationen und Diskussionen auf Augenh\u00f6he und vor allem das uneitel gelebte Vorbild halte ich f\u00fcr das Zielf\u00fchrendste. Daf\u00fcr ist f\u00fcr mich dieses Forum die beste Community.<\/p>\n\n\n\n<div style=\"height:20px\" aria-hidden=\"true\" class=\"wp-block-spacer\"><\/div>\n\n\n\n<h4 class=\"wp-block-heading has-text-align-center\">Freies Radio Salzkammergut<\/h4>\n\n\n\n<p class=\"has-text-align-center\">Aloisia und Christian im Gespr\u00e4ch mit Moritz Reisenberger | 7. M\u00e4rz 2025<\/p>\n\n\n\n<figure class=\"wp-block-image size-large\"><img loading=\"lazy\" decoding=\"async\" width=\"1024\" height=\"518\" src=\"https:\/\/www.forum-klimaschutz-gmunden.at\/wp-content\/uploads\/2025\/06\/FRS_-Aloisia_Chris_Farbe-2-1024x518.jpeg\" alt=\"\" class=\"wp-image-3030\" srcset=\"https:\/\/www.forum-klimaschutz-gmunden.at\/wp-content\/uploads\/2025\/06\/FRS_-Aloisia_Chris_Farbe-2-1024x518.jpeg 1024w, https:\/\/www.forum-klimaschutz-gmunden.at\/wp-content\/uploads\/2025\/06\/FRS_-Aloisia_Chris_Farbe-2-300x152.jpeg 300w, https:\/\/www.forum-klimaschutz-gmunden.at\/wp-content\/uploads\/2025\/06\/FRS_-Aloisia_Chris_Farbe-2-768x388.jpeg 768w, https:\/\/www.forum-klimaschutz-gmunden.at\/wp-content\/uploads\/2025\/06\/FRS_-Aloisia_Chris_Farbe-2.jpeg 1238w\" sizes=\"auto, (max-width: 1024px) 100vw, 1024px\" \/><\/figure>\n\n\n\n<figure class=\"wp-block-audio\"><audio controls src=\"https:\/\/www.forum-klimaschutz-gmunden.at\/wp-content\/uploads\/2025\/05\/27.ausgabe-salzkammertalk-forum-fuer-klimaschutz-7.3.2025.mp3\"><\/audio><\/figure>\n\n\n\n<h4 class=\"wp-block-heading has-text-align-center\">Ober\u00f6sterreichische Nachrichten<\/h4>\n\n\n\n<p class=\"has-text-align-left\">&#8222;Das Forum f\u00fcr Klimaschutz: Ein Fingerzeig aus der Zivilgesellschaft&#8220; <\/p>\n\n\n\n<div class=\"wp-block-file\" style=\"margin-right:0;margin-left:0;padding-right:0;padding-left:0\"><a id=\"wp-block-file--media-8c5f93e2-324a-4459-912c-ccf17189319c\" href=\"https:\/\/www.forum-klimaschutz-gmunden.at\/wp-content\/uploads\/2025\/01\/OOeN-Artikel.pdf\">O\u00d6N Artikel<\/a><\/div>\n\n\n\n<div style=\"height:20px\" aria-hidden=\"true\" class=\"wp-block-spacer\"><\/div>\n\n\n\n<p class=\"has-text-align-center has-small-font-size\">Titelbild: <a href=\"https:\/\/otelo.or.at\/standort\/gmunden\/\">Gmunden \u2013 Otelo<\/a><\/p>\n","protected":false},"excerpt":{"rendered":"<p>Im Fr\u00fchjahr 2024 haben engagierte B\u00fcrger und B\u00fcrgerinnen aus Gmunden und Umgebung das Forum f\u00fcr Klimaschutz gegr\u00fcndet. Mittlerweile besteht das Kernteam aus 16 Frauen und M\u00e4nnern. In kurzen Portraits erfahren sie \u00fcber unsere Beweggr\u00fcnde. Christian AuerZu meiner Vorstellung \u00fcber ein gutes Leben geh\u00f6rt eine gesunde Umwelt, der Erhalt der Artenvielfalt sowie ein schonender und gerechter [&hellip;]<\/p>\n","protected":false},"author":1,"featured_media":0,"parent":0,"menu_order":0,"comment_status":"closed","ping_status":"closed","template":"startseite","meta":{"ngg_post_thumbnail":0,"footnotes":""},"class_list":["post-51","page","type-page","status-publish","hentry"],"_links":{"self":[{"href":"https:\/\/www.forum-klimaschutz-gmunden.at\/index.php?rest_route=\/wp\/v2\/pages\/51","targetHints":{"allow":["GET"]}}],"collection":[{"href":"https:\/\/www.forum-klimaschutz-gmunden.at\/index.php?rest_route=\/wp\/v2\/pages"}],"about":[{"href":"https:\/\/www.forum-klimaschutz-gmunden.at\/index.php?rest_route=\/wp\/v2\/types\/page"}],"author":[{"embeddable":true,"href":"https:\/\/www.forum-klimaschutz-gmunden.at\/index.php?rest_route=\/wp\/v2\/users\/1"}],"replies":[{"embeddable":true,"href":"https:\/\/www.forum-klimaschutz-gmunden.at\/index.php?rest_route=%2Fwp%2Fv2%2Fcomments&post=51"}],"version-history":[{"count":112,"href":"https:\/\/www.forum-klimaschutz-gmunden.at\/index.php?rest_route=\/wp\/v2\/pages\/51\/revisions"}],"predecessor-version":[{"id":3968,"href":"https:\/\/www.forum-klimaschutz-gmunden.at\/index.php?rest_route=\/wp\/v2\/pages\/51\/revisions\/3968"}],"wp:attachment":[{"href":"https:\/\/www.forum-klimaschutz-gmunden.at\/index.php?rest_route=%2Fwp%2Fv2%2Fmedia&parent=51"}],"curies":[{"name":"wp","href":"https:\/\/api.w.org\/{rel}","templated":true}]}}