{"id":3914,"date":"2026-04-03T14:51:14","date_gmt":"2026-04-03T12:51:14","guid":{"rendered":"https:\/\/www.forum-klimaschutz-gmunden.at\/?page_id=3914"},"modified":"2026-04-03T19:54:35","modified_gmt":"2026-04-03T17:54:35","slug":"wege-aus-der-fossilen-abhaengigkeit","status":"publish","type":"page","link":"https:\/\/www.forum-klimaschutz-gmunden.at\/?page_id=3914","title":{"rendered":"Wege aus der fossilen Abh\u00e4ngigkeit"},"content":{"rendered":"\n<div class=\"wp-block-cover alignfull is-light\"><img loading=\"lazy\" decoding=\"async\" width=\"1024\" height=\"576\" class=\"wp-block-cover__image-background wp-image-3937 size-large\" alt=\"\" src=\"https:\/\/www.forum-klimaschutz-gmunden.at\/wp-content\/uploads\/2026\/04\/20260403_182232-1024x576.jpg\" style=\"object-position:55% 53%\" data-object-fit=\"cover\" data-object-position=\"55% 53%\" srcset=\"https:\/\/www.forum-klimaschutz-gmunden.at\/wp-content\/uploads\/2026\/04\/20260403_182232-1024x576.jpg 1024w, https:\/\/www.forum-klimaschutz-gmunden.at\/wp-content\/uploads\/2026\/04\/20260403_182232-300x169.jpg 300w, https:\/\/www.forum-klimaschutz-gmunden.at\/wp-content\/uploads\/2026\/04\/20260403_182232-768x432.jpg 768w, https:\/\/www.forum-klimaschutz-gmunden.at\/wp-content\/uploads\/2026\/04\/20260403_182232-1536x864.jpg 1536w, https:\/\/www.forum-klimaschutz-gmunden.at\/wp-content\/uploads\/2026\/04\/20260403_182232-2048x1152.jpg 2048w\" sizes=\"auto, (max-width: 1024px) 100vw, 1024px\" \/><span aria-hidden=\"true\" class=\"wp-block-cover__background has-background-dim\" style=\"background-color:#8b97a5\"><\/span><div class=\"wp-block-cover__inner-container has-global-padding is-layout-constrained wp-block-cover-is-layout-constrained\">\n<h2 class=\"wp-block-heading alignwide has-text-align-center has-base-color has-text-color has-link-color has-xx-large-font-size wp-elements-ba2042e1c72ca6c36b3c5b2ad9a1cd67\"><strong>Wege aus der fossilen Abh\u00e4ngigkeit<\/strong><\/h2>\n<\/div><\/div>\n\n\n\n<div style=\"height:20px\" aria-hidden=\"true\" class=\"wp-block-spacer\"><\/div>\n\n\n\n<p class=\"has-text-align-center\">Bereits zum zweiten Mal binnen weniger Jahre m\u00fcssen Haushalte und Unternehmen die teure Rechnung f\u00fcr unsere \u00d6l- und Gasabh\u00e4ngigkeit zahlen und mit Versorgungsengp\u00e4ssen rechnen. <\/p>\n\n\n\n<blockquote class=\"wp-block-quote alignwide has-text-align-center is-layout-flow wp-block-quote-is-layout-flow\">\n<h4 class=\"wp-block-heading has-text-align-center\"><em>Ein Fossilausstieg ist unausweichlich, er muss aber rasch und konsequent umgesetzt werden und darf nicht zu weiteren sozialen Verwerfungen f\u00fchren (Erwin K. Reichel)<\/em><\/h4>\n<\/blockquote>\n\n\n\n<p class=\"has-text-align-center\">Alle Voraussetzungen, um zu verhindern, dass fossile Energietr\u00e4ger weiter unseren Wohlstand zerfressen, sind vorhanden.&nbsp;<\/p>\n\n\n\n<div style=\"height:20px\" aria-hidden=\"true\" class=\"wp-block-spacer\"><\/div>\n\n\n\n<div class=\"wp-block-columns is-layout-flex wp-container-core-columns-is-layout-7380ae93 wp-block-columns-is-layout-flex\" style=\"padding-top:0;padding-right:0;padding-bottom:0;padding-left:0\">\n<div class=\"wp-block-column is-layout-flow wp-block-column-is-layout-flow\" style=\"flex-basis:33.33%\">\n<figure data-wp-context=\"{&quot;imageId&quot;:&quot;69d02ea191e21&quot;}\" data-wp-interactive=\"core\/image\" data-wp-key=\"69d02ea191e21\" class=\"wp-block-image size-large wp-lightbox-container\"><img loading=\"lazy\" decoding=\"async\" width=\"724\" height=\"1024\" data-wp-class--hide=\"state.isContentHidden\" data-wp-class--show=\"state.isContentVisible\" data-wp-init=\"callbacks.setButtonStyles\" data-wp-on--click=\"actions.showLightbox\" data-wp-on--load=\"callbacks.setButtonStyles\" data-wp-on-window--resize=\"callbacks.setButtonStyles\" src=\"https:\/\/www.forum-klimaschutz-gmunden.at\/wp-content\/uploads\/2026\/04\/Plakat-Wirtschaft-ohne-Oel-und-Gas-724x1024.png\" alt=\"\" class=\"wp-image-3922\" srcset=\"https:\/\/www.forum-klimaschutz-gmunden.at\/wp-content\/uploads\/2026\/04\/Plakat-Wirtschaft-ohne-Oel-und-Gas-724x1024.png 724w, https:\/\/www.forum-klimaschutz-gmunden.at\/wp-content\/uploads\/2026\/04\/Plakat-Wirtschaft-ohne-Oel-und-Gas-212x300.png 212w, https:\/\/www.forum-klimaschutz-gmunden.at\/wp-content\/uploads\/2026\/04\/Plakat-Wirtschaft-ohne-Oel-und-Gas-768x1086.png 768w, https:\/\/www.forum-klimaschutz-gmunden.at\/wp-content\/uploads\/2026\/04\/Plakat-Wirtschaft-ohne-Oel-und-Gas-1086x1536.png 1086w, https:\/\/www.forum-klimaschutz-gmunden.at\/wp-content\/uploads\/2026\/04\/Plakat-Wirtschaft-ohne-Oel-und-Gas-1448x2048.png 1448w, https:\/\/www.forum-klimaschutz-gmunden.at\/wp-content\/uploads\/2026\/04\/Plakat-Wirtschaft-ohne-Oel-und-Gas.png 1587w\" sizes=\"auto, (max-width: 724px) 100vw, 724px\" \/><button\n\t\t\tclass=\"lightbox-trigger\"\n\t\t\ttype=\"button\"\n\t\t\taria-haspopup=\"dialog\"\n\t\t\taria-label=\"Vergr\u00f6\u00dfern\"\n\t\t\tdata-wp-init=\"callbacks.initTriggerButton\"\n\t\t\tdata-wp-on--click=\"actions.showLightbox\"\n\t\t\tdata-wp-style--right=\"state.imageButtonRight\"\n\t\t\tdata-wp-style--top=\"state.imageButtonTop\"\n\t\t>\n\t\t\t<svg xmlns=\"http:\/\/www.w3.org\/2000\/svg\" width=\"12\" height=\"12\" fill=\"none\" viewBox=\"0 0 12 12\">\n\t\t\t\t<path fill=\"#fff\" d=\"M2 0a2 2 0 0 0-2 2v2h1.5V2a.5.5 0 0 1 .5-.5h2V0H2Zm2 10.5H2a.5.5 0 0 1-.5-.5V8H0v2a2 2 0 0 0 2 2h2v-1.5ZM8 12v-1.5h2a.5.5 0 0 0 .5-.5V8H12v2a2 2 0 0 1-2 2H8Zm2-12a2 2 0 0 1 2 2v2h-1.5V2a.5.5 0 0 0-.5-.5H8V0h2Z\" \/>\n\t\t\t<\/svg>\n\t\t<\/button><\/figure>\n<\/div>\n\n\n\n<div class=\"wp-block-column has-global-padding is-layout-constrained wp-block-column-is-layout-constrained\" style=\"flex-basis:66.66%\">\n<p>Wie kann Ober\u00f6sterreich seine Wirtschaft Schritt f\u00fcr Schritt von fossilen Energietr\u00e4gern unabh\u00e4ngig machen? Wesentliche Handlungsfelder, technische M\u00f6glichkeiten und realistische Wege f\u00fcr eine sichere und erneuerbare Energiezukunft werden im Vortrag aufgezeigt. Die kompakte Einf\u00fchrung richtet sich an alle, die einen klaren \u00dcberblick \u00fcber Chancen, Grenzen und notwendige Ma\u00dfnahmen der Transformation erhalten m\u00f6chten.<\/p>\n<\/div>\n<\/div>\n\n\n\n<p>Die aktuelle Energiekrise zeigt, wie auch die fr\u00fcheren, dass die Abh\u00e4ngigkeit der Wirtschaft von fossilen Energietr\u00e4gern ein dauerhaftes Risiko darstellt. Obwohl es in einer Krise immer auch Chancen und Profiteure gibt, sind vor allem Menschen ohne Verm\u00f6gensreserven sehr stark betroffen. Der technologische Fortschritt bei der erneuerbaren Energieerzeugung bietet die Chance, gegen\u00fcber globalen Krisen resilient zu werden. Ein Fossilausstieg ist unausweichlich, er muss aber rasch und konsequent umgesetzt werden und darf nicht zu weiteren sozialen Verwerfungen f\u00fchren.<\/p>\n\n\n\n<p>Stand vor ein paar Jahren noch das Erreichen der international vereinbarten Klimaziele als Motivation hinter der Energiewende, zeigen sich mittlerweile immer mehr wirtschaftliche und gesellschaftspolitische Vorteile. Der \u00dcbergang von der zentralistischen Energieerzeugung hin zu einer verteilten stellt unser Gesellschafts- und Wirtschaftssystem vor vielf\u00e4ltige Herausforderungen. Mit Elektrifizierung, Energiegemeinschaften, flexiblen Verbrauchern, und intelligenten Speichersysteme kann diesen begegnet werden.<\/p>\n\n\n\n<p>Die Klima-Allianz O\u00d6 hat als Reaktion auf die sehr vage gehaltene Klima- und Energiestrategie des Landes Ober\u00f6sterreich einen konkreten Plan zur Transformation dargelegt.<\/p>\n\n\n\n<figure data-wp-context=\"{&quot;imageId&quot;:&quot;69d02ea19254e&quot;}\" data-wp-interactive=\"core\/image\" data-wp-key=\"69d02ea19254e\" class=\"wp-block-image size-full wp-lightbox-container\"><img loading=\"lazy\" decoding=\"async\" width=\"756\" height=\"567\" data-wp-class--hide=\"state.isContentHidden\" data-wp-class--show=\"state.isContentVisible\" data-wp-init=\"callbacks.setButtonStyles\" data-wp-on--click=\"actions.showLightbox\" data-wp-on--load=\"callbacks.setButtonStyles\" data-wp-on-window--resize=\"callbacks.setButtonStyles\" src=\"https:\/\/www.forum-klimaschutz-gmunden.at\/wp-content\/uploads\/2026\/04\/image.jpeg\" alt=\"\" class=\"wp-image-3923\" srcset=\"https:\/\/www.forum-klimaschutz-gmunden.at\/wp-content\/uploads\/2026\/04\/image.jpeg 756w, https:\/\/www.forum-klimaschutz-gmunden.at\/wp-content\/uploads\/2026\/04\/image-300x225.jpeg 300w\" sizes=\"auto, (max-width: 756px) 100vw, 756px\" \/><button\n\t\t\tclass=\"lightbox-trigger\"\n\t\t\ttype=\"button\"\n\t\t\taria-haspopup=\"dialog\"\n\t\t\taria-label=\"Vergr\u00f6\u00dfern\"\n\t\t\tdata-wp-init=\"callbacks.initTriggerButton\"\n\t\t\tdata-wp-on--click=\"actions.showLightbox\"\n\t\t\tdata-wp-style--right=\"state.imageButtonRight\"\n\t\t\tdata-wp-style--top=\"state.imageButtonTop\"\n\t\t>\n\t\t\t<svg xmlns=\"http:\/\/www.w3.org\/2000\/svg\" width=\"12\" height=\"12\" fill=\"none\" viewBox=\"0 0 12 12\">\n\t\t\t\t<path fill=\"#fff\" d=\"M2 0a2 2 0 0 0-2 2v2h1.5V2a.5.5 0 0 1 .5-.5h2V0H2Zm2 10.5H2a.5.5 0 0 1-.5-.5V8H0v2a2 2 0 0 0 2 2h2v-1.5ZM8 12v-1.5h2a.5.5 0 0 0 .5-.5V8H12v2a2 2 0 0 1-2 2H8Zm2-12a2 2 0 0 1 2 2v2h-1.5V2a.5.5 0 0 0-.5-.5H8V0h2Z\" \/>\n\t\t\t<\/svg>\n\t\t<\/button><\/figure>\n\n\n\n<p class=\"has-small-font-size\">Grafik: Transitionsszenario f\u00fcr die Energieversorgung Ober\u00f6sterreichs (70:30 Aufteilung von Windkraft und Photovoltaik), mit dem Ziel der Klimaneutralit\u00e4t 2040<\/p>\n\n\n\n<div style=\"height:20px\" aria-hidden=\"true\" class=\"wp-block-spacer\"><\/div>\n\n\n\n<p>Im Vortrag am 23.04.2026 wird eine \u00fcberarbeitete Version davon pr\u00e4sentiert und speziell auf die Versorgung der energieintensiven Industrie sowie die M\u00f6glichkeiten und notwendigen Ma\u00dfnahmen im Bereich von Energiespeichern und Um-\/Ausbau der Netze eingegangen.<\/p>\n\n\n\n<p>Dieser L\u00f6sungsweg verbindet also das Erreichen der Klimaziele mit einem nachhaltigen, gerecht verteilten Wohlstand.<\/p>\n\n\n\n<p><strong>Literatur\/Links<\/strong><\/p>\n\n\n\n<p>Erwin K. Reichel: <a href=\"https:\/\/klimaallianz-ooe.at\/energiestrategie-2040-der-klimaallianz-ooe\/\">https:\/\/klimaallianz-ooe.at\/energiestrategie-2040-der-klimaallianz-ooe\/<\/a>, 2023<\/p>\n\n\n\n<p>Tim Meyer, Strom: \u00dcber Nostalgie, Zukunft und warum der Markt l\u00e4ngst entschieden hat, 2025<\/p>\n\n\n\n<p>Erling Holden et al, The Imperatives of Sustainable Development: Needs, Justice, Limits, 2017<\/p>\n\n\n\n<p>IRENA, Technology, <a href=\"https:\/\/www.irena.org\/Energy-Transition\/Technology\">https:\/\/www.irena.org\/Energy-Transition\/Technology<\/a>, download 2026<\/p>\n\n\n\n<p>Fossil Fuel (non-proliferation) Treaty, <a href=\"https:\/\/www.irena.org\/Energy-Transition\/Technology\">https:\/\/www.irena.org\/Energy-Transition\/Technology<\/a><\/p>\n\n\n\n<div style=\"height:20px\" aria-hidden=\"true\" class=\"wp-block-spacer\"><\/div>\n\n\n\n<div class=\"wp-block-buttons is-content-justification-center is-layout-flex wp-container-core-buttons-is-layout-a89b3969 wp-block-buttons-is-layout-flex\">\n<div class=\"wp-block-button\"><a class=\"wp-block-button__link has-base-color has-text-color has-link-color wp-element-button\">Zur\u00fcck zu Klimapolitik<\/a><\/div>\n<\/div>\n\n\n\n<p class=\"has-text-align-center has-small-font-size\">Titelbild: Christian Auer<\/p>\n","protected":false},"excerpt":{"rendered":"<p>Bereits zum zweiten Mal binnen weniger Jahre m\u00fcssen Haushalte und Unternehmen die teure Rechnung f\u00fcr unsere \u00d6l- und Gasabh\u00e4ngigkeit zahlen und mit Versorgungsengp\u00e4ssen rechnen. Ein Fossilausstieg ist unausweichlich, er muss aber rasch und konsequent umgesetzt werden und darf nicht zu weiteren sozialen Verwerfungen f\u00fchren (Erwin K. Reichel) Alle Voraussetzungen, um zu verhindern, dass fossile Energietr\u00e4ger [&hellip;]<\/p>\n","protected":false},"author":1,"featured_media":0,"parent":0,"menu_order":0,"comment_status":"closed","ping_status":"closed","template":"startseite","meta":{"ngg_post_thumbnail":0,"footnotes":""},"class_list":["post-3914","page","type-page","status-publish","hentry"],"_links":{"self":[{"href":"https:\/\/www.forum-klimaschutz-gmunden.at\/index.php?rest_route=\/wp\/v2\/pages\/3914","targetHints":{"allow":["GET"]}}],"collection":[{"href":"https:\/\/www.forum-klimaschutz-gmunden.at\/index.php?rest_route=\/wp\/v2\/pages"}],"about":[{"href":"https:\/\/www.forum-klimaschutz-gmunden.at\/index.php?rest_route=\/wp\/v2\/types\/page"}],"author":[{"embeddable":true,"href":"https:\/\/www.forum-klimaschutz-gmunden.at\/index.php?rest_route=\/wp\/v2\/users\/1"}],"replies":[{"embeddable":true,"href":"https:\/\/www.forum-klimaschutz-gmunden.at\/index.php?rest_route=%2Fwp%2Fv2%2Fcomments&post=3914"}],"version-history":[{"count":11,"href":"https:\/\/www.forum-klimaschutz-gmunden.at\/index.php?rest_route=\/wp\/v2\/pages\/3914\/revisions"}],"predecessor-version":[{"id":3964,"href":"https:\/\/www.forum-klimaschutz-gmunden.at\/index.php?rest_route=\/wp\/v2\/pages\/3914\/revisions\/3964"}],"wp:attachment":[{"href":"https:\/\/www.forum-klimaschutz-gmunden.at\/index.php?rest_route=%2Fwp%2Fv2%2Fmedia&parent=3914"}],"curies":[{"name":"wp","href":"https:\/\/api.w.org\/{rel}","templated":true}]}}