{"id":388,"date":"2024-09-10T11:39:31","date_gmt":"2024-09-10T09:39:31","guid":{"rendered":"http:\/\/www.forum-klimaschutz-gmunden.at\/?page_id=388"},"modified":"2026-02-17T19:55:28","modified_gmt":"2026-02-17T18:55:28","slug":"exkursion-zum-krottensee","status":"publish","type":"page","link":"https:\/\/www.forum-klimaschutz-gmunden.at\/?page_id=388","title":{"rendered":"Der Krottensee"},"content":{"rendered":"\n<div class=\"wp-block-cover alignfull\"><img loading=\"lazy\" decoding=\"async\" width=\"2560\" height=\"1707\" class=\"wp-block-cover__image-background wp-image-2390\" alt=\"\" src=\"https:\/\/www.forum-klimaschutz-gmunden.at\/wp-content\/uploads\/2025\/01\/IMG_3799-ezgif.com-optijpeg-scaled.jpg\" data-object-fit=\"cover\" srcset=\"https:\/\/www.forum-klimaschutz-gmunden.at\/wp-content\/uploads\/2025\/01\/IMG_3799-ezgif.com-optijpeg-scaled.jpg 2560w, https:\/\/www.forum-klimaschutz-gmunden.at\/wp-content\/uploads\/2025\/01\/IMG_3799-ezgif.com-optijpeg-300x200.jpg 300w, https:\/\/www.forum-klimaschutz-gmunden.at\/wp-content\/uploads\/2025\/01\/IMG_3799-ezgif.com-optijpeg-1024x683.jpg 1024w, https:\/\/www.forum-klimaschutz-gmunden.at\/wp-content\/uploads\/2025\/01\/IMG_3799-ezgif.com-optijpeg-768x512.jpg 768w, https:\/\/www.forum-klimaschutz-gmunden.at\/wp-content\/uploads\/2025\/01\/IMG_3799-ezgif.com-optijpeg-1536x1024.jpg 1536w, https:\/\/www.forum-klimaschutz-gmunden.at\/wp-content\/uploads\/2025\/01\/IMG_3799-ezgif.com-optijpeg-2048x1365.jpg 2048w\" sizes=\"auto, (max-width: 2560px) 100vw, 2560px\" \/><span aria-hidden=\"true\" class=\"wp-block-cover__background has-background-dim-40 has-background-dim\" style=\"background-color:#8195ae\"><\/span><div class=\"wp-block-cover__inner-container has-global-padding is-layout-constrained wp-block-cover-is-layout-constrained\">\n<h2 class=\"wp-block-heading alignfull has-text-align-center has-xx-large-font-size\"><strong>Der<\/strong> <strong>Krottensee<\/strong><\/h2>\n<\/div><\/div>\n\n\n\n<div style=\"height:20px\" aria-hidden=\"true\" class=\"wp-block-spacer\"><\/div>\n\n\n\n<p class=\"has-text-align-center has-contrast-color has-text-color has-link-color wp-elements-d512e9ec00cc20886dd463109b9492b5\">Klimaschutz und Artenschutz sind zwei Seiten derselben Medaille. Mit dem Schutz des Klimas erhalten wir die Flora und Fauna des Sees. Der Krottensee wiederum ist ein nicht unerheblicher C02 Speicher.<\/p>\n\n\n\n<p class=\"has-text-align-center has-contrast-color has-text-color has-link-color wp-elements-999ffddf3926348c473c9c09dfebd3d3\">Der Krottensee in Gmunden, ein Toteissee innerhalb der W\u00fcrm-Endmor\u00e4ne des Traunseegletschers, misst ca. 3,5 ha. Etwa 0,7 ha davon werden von offenen Wasserfl\u00e4chen eingenommen. Den gr\u00f6\u00dften Anteil bedeckt ein bewaldeter Insel-Schwingrasen. Der See besitzt keine oberfl\u00e4chlichen Zubringer oder Abfl\u00fcsse. Er wurde 1980 zum Naturdenkmal erkl\u00e4rt.<\/p>\n\n\n\n<p class=\"has-text-align-center has-contrast-color has-text-color has-link-color wp-elements-7f075cbf138f1ee2ebf442661f1529da\">Die Moorlandschaft Krottensee begeistert nicht nur Biologen mit einer einzigartigen Vielfalt, sondern ist in Zeiten der Klimakrise auch ein wertvoller Kohlenstoffspeicher.<\/p>\n\n\n\n<figure data-wp-context=\"{&quot;imageId&quot;:&quot;6a0707796b276&quot;}\" data-wp-interactive=\"core\/image\" data-wp-key=\"6a0707796b276\" class=\"wp-block-image size-full is-style-default wp-lightbox-container\"><img loading=\"lazy\" decoding=\"async\" width=\"1400\" height=\"919\" data-wp-class--hide=\"state.isContentHidden\" data-wp-class--show=\"state.isContentVisible\" data-wp-init=\"callbacks.setButtonStyles\" data-wp-on--click=\"actions.showLightbox\" data-wp-on--load=\"callbacks.setButtonStyles\" data-wp-on-window--resize=\"callbacks.setButtonStyles\" src=\"https:\/\/www.forum-klimaschutz-gmunden.at\/wp-content\/uploads\/2024\/10\/natur_mooratlas_20230123_1_ellenstockmar_ccbyncndsa.png\" alt=\"\" class=\"wp-image-702\" srcset=\"https:\/\/www.forum-klimaschutz-gmunden.at\/wp-content\/uploads\/2024\/10\/natur_mooratlas_20230123_1_ellenstockmar_ccbyncndsa.png 1400w, https:\/\/www.forum-klimaschutz-gmunden.at\/wp-content\/uploads\/2024\/10\/natur_mooratlas_20230123_1_ellenstockmar_ccbyncndsa-300x197.png 300w, https:\/\/www.forum-klimaschutz-gmunden.at\/wp-content\/uploads\/2024\/10\/natur_mooratlas_20230123_1_ellenstockmar_ccbyncndsa-1024x672.png 1024w, https:\/\/www.forum-klimaschutz-gmunden.at\/wp-content\/uploads\/2024\/10\/natur_mooratlas_20230123_1_ellenstockmar_ccbyncndsa-768x504.png 768w\" sizes=\"auto, (max-width: 1400px) 100vw, 1400px\" \/><button\n\t\t\tclass=\"lightbox-trigger\"\n\t\t\ttype=\"button\"\n\t\t\taria-haspopup=\"dialog\"\n\t\t\taria-label=\"Vergr\u00f6\u00dfern\"\n\t\t\tdata-wp-init=\"callbacks.initTriggerButton\"\n\t\t\tdata-wp-on--click=\"actions.showLightbox\"\n\t\t\tdata-wp-style--right=\"state.imageButtonRight\"\n\t\t\tdata-wp-style--top=\"state.imageButtonTop\"\n\t\t>\n\t\t\t<svg xmlns=\"http:\/\/www.w3.org\/2000\/svg\" width=\"12\" height=\"12\" fill=\"none\" viewBox=\"0 0 12 12\">\n\t\t\t\t<path fill=\"#fff\" d=\"M2 0a2 2 0 0 0-2 2v2h1.5V2a.5.5 0 0 1 .5-.5h2V0H2Zm2 10.5H2a.5.5 0 0 1-.5-.5V8H0v2a2 2 0 0 0 2 2h2v-1.5ZM8 12v-1.5h2a.5.5 0 0 0 .5-.5V8H12v2a2 2 0 0 1-2 2H8Zm2-12a2 2 0 0 1 2 2v2h-1.5V2a.5.5 0 0 0-.5-.5H8V0h2Z\" \/>\n\t\t\t<\/svg>\n\t\t<\/button><\/figure>\n\n\n\n<p>Daten und Fakten zu nassen Klimasch\u00fctzern. Erfahren Sie hier alles zum \u00d6kosystem Moor. <a href=\"https:\/\/www.global2000.at\/publikationen\/mooratlas\">https:\/\/www.global2000.at\/publikationen\/mooratlas<\/a><\/p>\n\n\n\n<p>Seit etlichen Jahren beteuen Werner Huemer und Otto Steinz ehrenamtlich den Krottensee. In unz\u00e4hligen Stunden versuchen sie den Ist-Zustand zu erhalten. Das bedeutet abgestorbenes Pflanzenmaterial aus den Engstellen zu entfernen, um das Zusammenwachsen der Insel mit dem Festland zu verhindern und eine durchgehende Wasserzirkulation zu gew\u00e4hrleisten.<\/p>\n\n\n\n<div style=\"height:20px\" aria-hidden=\"true\" class=\"wp-block-spacer\"><\/div>\n\n\n\n<h4 class=\"wp-block-heading has-text-align-center\">Krottensee-F\u00fchrung im Oktober 2024<\/h4>\n\n\n\n<p>Neben der reichhaltigen Geschichte des Toteissees werden bei der F\u00fchrung die Auswirkungen des Klimawandels auf das Gew\u00e4sser besprochen. Anhand des \u00f6kologischen Zustands werden die verschiedenen Szenarien f\u00fcr die Zukunft des Sees diskutiert. Den Abschluss bildet eine Begehung der Insel, um den Besuchern einen Einblick \u00fcber die einzigartige Vegetation des Naturjuwels zu vermitteln.<\/p>\n\n\n\n<p>Das Interesse an der F\u00fchrung war \u00fcberw\u00e4ltigend. F\u00fcr die Begehung der Insel haben wir uns in 2 Gruppen zu je 20 Personen aufgeteilt. Gro\u00dfen Dank an Werner Huemer f\u00fcr den sachkundigen Vortrag!<\/p>\n\n\n\nngg_shortcode_0_placeholder\n\n\n\n<p class=\"has-text-align-center\">Fotos von Aloisa Altmanninger<\/p>\n\n\n\n<div style=\"height:20px\" aria-hidden=\"true\" class=\"wp-block-spacer\"><\/div>\n\n\n\n<h4 class=\"wp-block-heading has-text-align-center\">Workshop und Krottensee-F\u00fchrung im Mai 2025<\/h4>\n\n\n\n<p>F\u00fcr Absolventinnen und Absolventen des Fachhochschullehrgangs &#8222;<a href=\"https:\/\/www.fh-joanneum.at\/nachhaltigkeitskommunikation-und-klimajournalismus\/academic_certificate_programme\/Nachhaltig\" data-type=\"link\" data-id=\"https:\/\/www.fh-joanneum.at\/nachhaltigkeitskommunikation-und-klimajournalismus\/academic_certificate_programme\/Nachhaltig\" target=\"_blank\" rel=\"noreferrer noopener\">Nachhaltigkeitskommunikation &amp; Klimajournalismus<\/a>&#8220; an der FH Graz.<\/p>\n\n\n\n<p>Werner Huemer erkl\u00e4rt wiederum fachkundig die \u00d6kologie am und im See sowie die Bedrohung durch invasive Arten. H\u00f6henpunkt ist die Begehung der Insel wo Mitte Mai die Rhododendren-Bl\u00fcte zu sehen ist.<\/p>\n\n\n\n<p>Vielen Dank an Werner Huemer f\u00fcr die tolle F\u00fchrung!<\/p>\n\n\n\nngg_shortcode_1_placeholder\n\n\n\n<div style=\"height:20px\" aria-hidden=\"true\" class=\"wp-block-spacer\"><\/div>\n\n\n\n<p>Das Idyll am Krottensee ist aber nicht ungetr\u00fcbt wie folgende Studie zur Seesanierung zeigt.<\/p>\n\n\n\n<div data-wp-interactive=\"core\/file\" class=\"wp-block-file alignwide\" style=\"padding-right:var(--wp--preset--spacing--60);padding-left:var(--wp--preset--spacing--60)\"><object data-wp-bind--hidden=\"!state.hasPdfPreview\" hidden class=\"wp-block-file__embed\" data=\"https:\/\/www.forum-klimaschutz-gmunden.at\/wp-content\/uploads\/2025\/05\/TrPlRenKrottensee_Endbericht.pdf\" type=\"application\/pdf\" style=\"width:100%;height:600px\" aria-label=\"Einbettung von TrPlRenKrottensee_Endbericht.\"><\/object><a id=\"wp-block-file--media-6a77765a-9d63-4054-a8f9-c5e34d71a504\" href=\"https:\/\/www.forum-klimaschutz-gmunden.at\/wp-content\/uploads\/2025\/05\/TrPlRenKrottensee_Endbericht.pdf\">TrPlRenKrottensee_Endbericht<\/a><\/div>\n\n\n\n<div style=\"height:20px\" aria-hidden=\"true\" class=\"wp-block-spacer\"><\/div>\n\n\n\n<div class=\"wp-block-buttons alignwide is-content-justification-center is-layout-flex wp-container-core-buttons-is-layout-a89b3969 wp-block-buttons-is-layout-flex\">\n<div class=\"wp-block-button is-style-fill\"><a class=\"wp-block-button__link has-base-color has-text-color has-link-color has-text-align-center wp-element-button\" href=\"https:\/\/www.forum-klimaschutz-gmunden.at\/?page_id=139\">zur\u00fcck zur Themen-\u00dcbersicht<\/a><\/div>\n<\/div>\n\n\n\n<p class=\"has-text-align-center has-small-font-size\">Titelbild: Aloisia Altmanninger<\/p>\n","protected":false},"excerpt":{"rendered":"<p>Klimaschutz und Artenschutz sind zwei Seiten derselben Medaille. Mit dem Schutz des Klimas erhalten wir die Flora und Fauna des Sees. Der Krottensee wiederum ist ein nicht unerheblicher C02 Speicher. Der Krottensee in Gmunden, ein Toteissee innerhalb der W\u00fcrm-Endmor\u00e4ne des Traunseegletschers, misst ca. 3,5 ha. Etwa 0,7 ha davon werden von offenen Wasserfl\u00e4chen eingenommen. Den [&hellip;]<\/p>\n","protected":false},"author":1,"featured_media":0,"parent":0,"menu_order":0,"comment_status":"closed","ping_status":"closed","template":"startseite","meta":{"ngg_post_thumbnail":0,"footnotes":""},"class_list":["post-388","page","type-page","status-publish","hentry"],"_links":{"self":[{"href":"https:\/\/www.forum-klimaschutz-gmunden.at\/index.php?rest_route=\/wp\/v2\/pages\/388","targetHints":{"allow":["GET"]}}],"collection":[{"href":"https:\/\/www.forum-klimaschutz-gmunden.at\/index.php?rest_route=\/wp\/v2\/pages"}],"about":[{"href":"https:\/\/www.forum-klimaschutz-gmunden.at\/index.php?rest_route=\/wp\/v2\/types\/page"}],"author":[{"embeddable":true,"href":"https:\/\/www.forum-klimaschutz-gmunden.at\/index.php?rest_route=\/wp\/v2\/users\/1"}],"replies":[{"embeddable":true,"href":"https:\/\/www.forum-klimaschutz-gmunden.at\/index.php?rest_route=%2Fwp%2Fv2%2Fcomments&post=388"}],"version-history":[{"count":70,"href":"https:\/\/www.forum-klimaschutz-gmunden.at\/index.php?rest_route=\/wp\/v2\/pages\/388\/revisions"}],"predecessor-version":[{"id":3798,"href":"https:\/\/www.forum-klimaschutz-gmunden.at\/index.php?rest_route=\/wp\/v2\/pages\/388\/revisions\/3798"}],"wp:attachment":[{"href":"https:\/\/www.forum-klimaschutz-gmunden.at\/index.php?rest_route=%2Fwp%2Fv2%2Fmedia&parent=388"}],"curies":[{"name":"wp","href":"https:\/\/api.w.org\/{rel}","templated":true}]}}