{"id":3393,"date":"2025-11-27T22:50:16","date_gmt":"2025-11-27T21:50:16","guid":{"rendered":"https:\/\/www.forum-klimaschutz-gmunden.at\/?page_id=3393"},"modified":"2026-04-03T19:43:53","modified_gmt":"2026-04-03T17:43:53","slug":"extremwetter-verstehen","status":"publish","type":"page","link":"https:\/\/www.forum-klimaschutz-gmunden.at\/?page_id=3393","title":{"rendered":"Extremwetter verstehen"},"content":{"rendered":"\n<div class=\"wp-block-cover alignfull is-light\"><img loading=\"lazy\" decoding=\"async\" width=\"1024\" height=\"284\" class=\"wp-block-cover__image-background wp-image-3398 size-large\" alt=\"\" src=\"https:\/\/www.forum-klimaschutz-gmunden.at\/wp-content\/uploads\/2025\/11\/003-1-1024x284.jpg\" data-object-fit=\"cover\" srcset=\"https:\/\/www.forum-klimaschutz-gmunden.at\/wp-content\/uploads\/2025\/11\/003-1-1024x284.jpg 1024w, https:\/\/www.forum-klimaschutz-gmunden.at\/wp-content\/uploads\/2025\/11\/003-1-300x83.jpg 300w, https:\/\/www.forum-klimaschutz-gmunden.at\/wp-content\/uploads\/2025\/11\/003-1-768x213.jpg 768w, https:\/\/www.forum-klimaschutz-gmunden.at\/wp-content\/uploads\/2025\/11\/003-1-1536x426.jpg 1536w, https:\/\/www.forum-klimaschutz-gmunden.at\/wp-content\/uploads\/2025\/11\/003-1-2048x568.jpg 2048w\" sizes=\"auto, (max-width: 1024px) 100vw, 1024px\" \/><span aria-hidden=\"true\" class=\"wp-block-cover__background has-background-dim\" style=\"background-color:#868480\"><\/span><div class=\"wp-block-cover__inner-container has-global-padding is-layout-constrained wp-block-cover-is-layout-constrained\">\n<h2 class=\"wp-block-heading alignwide has-text-align-center has-base-color has-text-color has-link-color has-xx-large-font-size wp-elements-d2d97ba8eb30dc520ccfabd95fa48919\">&#8222;<strong>Extremwetter verstehen<\/strong>&#8220; <br><strong>Die Auswirkungen des Klimawandels<\/strong> <strong>in \u00d6sterreich mit speziellen Fokus auf Gmunden<\/strong><\/h2>\n<\/div><\/div>\n\n\n\n<div style=\"height:20px\" aria-hidden=\"true\" class=\"wp-block-spacer\"><\/div>\n\n\n\n<p class=\"has-text-align-center\"><a href=\"https:\/\/aar2.ccca.ac.at\/\" data-type=\"link\" data-id=\"https:\/\/aar2.ccca.ac.at\/\" target=\"_blank\" rel=\"noreferrer noopener\">Der zweite \u00f6sterreichische Sachstandsbericht zum Klimawandel<\/a>  dokumentiert, dass \u00d6sterreich 2024 bereits um etwa +3,1\u2009\u00b0C \u00fcber dem vorindustriellen Niveau liegt. Dies f\u00fchrt zu deutlich h\u00e4ufigeren und intensiveren Hitzewellen sowie Starkniederschl\u00e4ge und Hochwasser.<\/p>\n\n\n\n<blockquote class=\"wp-block-quote alignwide is-layout-flow wp-block-quote-is-layout-flow\">\n<h4 class=\"wp-block-heading has-text-align-center\"><em>Treibhausgas-Emissionen m\u00fcssen konsequent reduziert werden. Das k\u00f6nnte Hitzetage halbieren und w\u00fcrde Gesundheitsrisiken verringern.<\/em><\/h4>\n<\/blockquote>\n\n\n\n<div class=\"wp-block-columns is-layout-flex wp-container-core-columns-is-layout-c5150b4a wp-block-columns-is-layout-flex\">\n<div class=\"wp-block-column is-layout-flow wp-block-column-is-layout-flow\" style=\"flex-basis:33.33%\">\n<figure data-wp-context=\"{&quot;imageId&quot;:&quot;6a070741d14e4&quot;}\" data-wp-interactive=\"core\/image\" data-wp-key=\"6a070741d14e4\" class=\"wp-block-image aligncenter size-large wp-lightbox-container\"><img loading=\"lazy\" decoding=\"async\" width=\"724\" height=\"1024\" data-wp-class--hide=\"state.isContentHidden\" data-wp-class--show=\"state.isContentVisible\" data-wp-init=\"callbacks.setButtonStyles\" data-wp-on--click=\"actions.showLightbox\" data-wp-on--load=\"callbacks.setButtonStyles\" data-wp-on-window--resize=\"callbacks.setButtonStyles\" src=\"https:\/\/www.forum-klimaschutz-gmunden.at\/wp-content\/uploads\/2025\/11\/Plakat-Vortrag-Extremwetter-verstehen-1-724x1024.png\" alt=\"\" class=\"wp-image-3399\" srcset=\"https:\/\/www.forum-klimaschutz-gmunden.at\/wp-content\/uploads\/2025\/11\/Plakat-Vortrag-Extremwetter-verstehen-1-724x1024.png 724w, https:\/\/www.forum-klimaschutz-gmunden.at\/wp-content\/uploads\/2025\/11\/Plakat-Vortrag-Extremwetter-verstehen-1-212x300.png 212w, https:\/\/www.forum-klimaschutz-gmunden.at\/wp-content\/uploads\/2025\/11\/Plakat-Vortrag-Extremwetter-verstehen-1-768x1086.png 768w, https:\/\/www.forum-klimaschutz-gmunden.at\/wp-content\/uploads\/2025\/11\/Plakat-Vortrag-Extremwetter-verstehen-1-1086x1536.png 1086w, https:\/\/www.forum-klimaschutz-gmunden.at\/wp-content\/uploads\/2025\/11\/Plakat-Vortrag-Extremwetter-verstehen-1-1448x2048.png 1448w, https:\/\/www.forum-klimaschutz-gmunden.at\/wp-content\/uploads\/2025\/11\/Plakat-Vortrag-Extremwetter-verstehen-1.png 1587w\" sizes=\"auto, (max-width: 724px) 100vw, 724px\" \/><button\n\t\t\tclass=\"lightbox-trigger\"\n\t\t\ttype=\"button\"\n\t\t\taria-haspopup=\"dialog\"\n\t\t\taria-label=\"Vergr\u00f6\u00dfern\"\n\t\t\tdata-wp-init=\"callbacks.initTriggerButton\"\n\t\t\tdata-wp-on--click=\"actions.showLightbox\"\n\t\t\tdata-wp-style--right=\"state.imageButtonRight\"\n\t\t\tdata-wp-style--top=\"state.imageButtonTop\"\n\t\t>\n\t\t\t<svg xmlns=\"http:\/\/www.w3.org\/2000\/svg\" width=\"12\" height=\"12\" fill=\"none\" viewBox=\"0 0 12 12\">\n\t\t\t\t<path fill=\"#fff\" d=\"M2 0a2 2 0 0 0-2 2v2h1.5V2a.5.5 0 0 1 .5-.5h2V0H2Zm2 10.5H2a.5.5 0 0 1-.5-.5V8H0v2a2 2 0 0 0 2 2h2v-1.5ZM8 12v-1.5h2a.5.5 0 0 0 .5-.5V8H12v2a2 2 0 0 1-2 2H8Zm2-12a2 2 0 0 1 2 2v2h-1.5V2a.5.5 0 0 0-.5-.5H8V0h2Z\" \/>\n\t\t\t<\/svg>\n\t\t<\/button><\/figure>\n<\/div>\n\n\n\n<div class=\"wp-block-column has-global-padding is-layout-constrained wp-block-column-is-layout-constrained\" style=\"flex-basis:66.66%\">\n<p>Die Mathematikerin Frau Dr. Corinna Perchtold pr\u00e4sentiert die Ergebnisse ihrer Dissertation, die sie an der Johannes-Kepler-Universit\u00e4t Linz geschrieben hat. Ihre Datenanalyse konzentriert sich auf zwei zentrale Punkte.<br>1. &nbsp;Regenver\u00e4nderungen der letzten 60 Jahre: Wie haben sich Starkregenereignisse und Niederschlagsmuster in \u00d6. entwickelt?<br>2. &nbsp;Ver\u00e4nderte Sterberaten: Welches Sterberisiko entsteht durch h\u00e4ufigere Hitze- und Trockenperioden, insbesondere in Abh\u00e4ngigkeit von Alter und Geschlecht?<\/p>\n<\/div>\n<\/div>\n\n\n\n<p>Der Vortrag soll als Grundlage dienen lokale Risiken und Strategien f\u00fcr die Stadt Gmunden zu diskutieren.<\/p>\n\n\n\n<div data-wp-interactive=\"core\/file\" class=\"wp-block-file alignwide\" style=\"margin-right:0;margin-left:0;padding-right:var(--wp--preset--spacing--60);padding-left:var(--wp--preset--spacing--60)\"><object data-wp-bind--hidden=\"!state.hasPdfPreview\" hidden class=\"wp-block-file__embed\" data=\"https:\/\/www.forum-klimaschutz-gmunden.at\/wp-content\/uploads\/2025\/11\/Vortrag-Extremwetter-verstehen-1.pdf\" type=\"application\/pdf\" style=\"width:100%;height:600px\" aria-label=\"Einbettung von Vortrag Extremwetter verstehen.\"><\/object><a id=\"wp-block-file--media-e101f567-623e-40ef-81ad-e760c9fb17d0\" href=\"https:\/\/www.forum-klimaschutz-gmunden.at\/wp-content\/uploads\/2025\/11\/Vortrag-Extremwetter-verstehen-1.pdf\">Vortrag Extremwetter verstehen<\/a><\/div>\n\n\n\n<p>Herzlichen Dank an Corinna Perchtold f\u00fcr den exzellenten Vortrag. Ein wertvoller Beitrag f\u00fcr die Klimapolitik der Gemeinde Gmunden!<\/p>\n\n\n\nngg_shortcode_0_placeholder\n\n\n\n<p class=\"has-text-align-center has-small-font-size\">Fotos von Alosia Altmanninger und Christian Auer<\/p>\n\n\n\n<div style=\"height:20px\" aria-hidden=\"true\" class=\"wp-block-spacer\"><\/div>\n\n\n\n<h4 class=\"wp-block-heading has-text-align-center\">Klimawandelanpassung<\/h4>\n\n\n\n<p>Setzt sich die Entwicklung der Niederschlagsmuster in Zukunft \u00e4hnlich fort wie ich den letzten 60 Jahren, wird es \u00f6fter zu sogenannten Jahrhunderthochwasser kommen. Was das f\u00fcr Gmunden bedeutet, kann f\u00fcr jedes Objekt auf <a href=\"https:\/\/hora.gv.at\/#\/chwrz:-\/bgrau\/a-\/@47.72463,13.50823,8z\">HORA &#8211; Natural Hazard Overview &amp; Risk Assessment Austria<\/a> nachgesehen werden.<\/p>\n\n\n\n<p>Bestehende Geb\u00e4ude m\u00fcssen Schutzma\u00dfnahmen f\u00fcr h\u00e4ufiger und intensiver auftretende Hochwasser errichten oder nachbessern.<\/p>\n\n\n\n<p>Geplante Projekte im Bereich 30-j\u00e4hrlichen Hochwassers sind im Sinne von Klimawandelanpassung neu zu bewerten.<\/p>\n\n\n\n<figure class=\"wp-block-video\"><video height=\"1080\" style=\"aspect-ratio: 1920 \/ 1080;\" width=\"1920\" controls src=\"https:\/\/www.forum-klimaschutz-gmunden.at\/wp-content\/uploads\/2025\/12\/exported_video.mp4\"><\/video><\/figure>\n\n\n\n<p class=\"has-text-align-center has-small-font-size\">Video: <a href=\"https:\/\/hora.gv.at\/#\/chwrz:-\/bgrau\/a-\/@47.72463,13.50823,8z\">HORA &#8211; Natural Hazard Overview &amp; Risk Assessment Austria<\/a><\/p>\n\n\n\n<div style=\"height:21px\" aria-hidden=\"true\" class=\"wp-block-spacer\"><\/div>\n\n\n\n<div class=\"wp-block-buttons is-content-justification-center is-layout-flex wp-container-core-buttons-is-layout-a89b3969 wp-block-buttons-is-layout-flex\">\n<div class=\"wp-block-button\"><a class=\"wp-block-button__link has-base-color has-text-color has-link-color wp-element-button\" href=\"https:\/\/www.forum-klimaschutz-gmunden.at\/?page_id=732\">zur\u00fcck zu &#8222;Klimapolitik&#8220;<\/a><\/div>\n<\/div>\n\n\n\n<p class=\"has-text-align-center has-small-font-size\">Titelbild: Christian Auer<\/p>\n","protected":false},"excerpt":{"rendered":"<p>Der zweite \u00f6sterreichische Sachstandsbericht zum Klimawandel dokumentiert, dass \u00d6sterreich 2024 bereits um etwa +3,1\u2009\u00b0C \u00fcber dem vorindustriellen Niveau liegt. Dies f\u00fchrt zu deutlich h\u00e4ufigeren und intensiveren Hitzewellen sowie Starkniederschl\u00e4ge und Hochwasser. Treibhausgas-Emissionen m\u00fcssen konsequent reduziert werden. Das k\u00f6nnte Hitzetage halbieren und w\u00fcrde Gesundheitsrisiken verringern. Die Mathematikerin Frau Dr. Corinna Perchtold pr\u00e4sentiert die Ergebnisse ihrer Dissertation, [&hellip;]<\/p>\n","protected":false},"author":1,"featured_media":0,"parent":0,"menu_order":0,"comment_status":"closed","ping_status":"closed","template":"startseite","meta":{"ngg_post_thumbnail":0,"footnotes":""},"class_list":["post-3393","page","type-page","status-publish","hentry"],"_links":{"self":[{"href":"https:\/\/www.forum-klimaschutz-gmunden.at\/index.php?rest_route=\/wp\/v2\/pages\/3393","targetHints":{"allow":["GET"]}}],"collection":[{"href":"https:\/\/www.forum-klimaschutz-gmunden.at\/index.php?rest_route=\/wp\/v2\/pages"}],"about":[{"href":"https:\/\/www.forum-klimaschutz-gmunden.at\/index.php?rest_route=\/wp\/v2\/types\/page"}],"author":[{"embeddable":true,"href":"https:\/\/www.forum-klimaschutz-gmunden.at\/index.php?rest_route=\/wp\/v2\/users\/1"}],"replies":[{"embeddable":true,"href":"https:\/\/www.forum-klimaschutz-gmunden.at\/index.php?rest_route=%2Fwp%2Fv2%2Fcomments&post=3393"}],"version-history":[{"count":32,"href":"https:\/\/www.forum-klimaschutz-gmunden.at\/index.php?rest_route=\/wp\/v2\/pages\/3393\/revisions"}],"predecessor-version":[{"id":4004,"href":"https:\/\/www.forum-klimaschutz-gmunden.at\/index.php?rest_route=\/wp\/v2\/pages\/3393\/revisions\/4004"}],"wp:attachment":[{"href":"https:\/\/www.forum-klimaschutz-gmunden.at\/index.php?rest_route=%2Fwp%2Fv2%2Fmedia&parent=3393"}],"curies":[{"name":"wp","href":"https:\/\/api.w.org\/{rel}","templated":true}]}}