{"id":3192,"date":"2025-09-08T16:44:52","date_gmt":"2025-09-08T14:44:52","guid":{"rendered":"https:\/\/www.forum-klimaschutz-gmunden.at\/?page_id=3192"},"modified":"2026-03-07T15:08:52","modified_gmt":"2026-03-07T14:08:52","slug":"tempo-40","status":"publish","type":"page","link":"https:\/\/www.forum-klimaschutz-gmunden.at\/?page_id=3192","title":{"rendered":"Tempo 40"},"content":{"rendered":"\n<div class=\"wp-block-cover alignfull\"><img loading=\"lazy\" decoding=\"async\" width=\"1024\" height=\"261\" class=\"wp-block-cover__image-background wp-image-3206 size-large\" alt=\"\" src=\"https:\/\/www.forum-klimaschutz-gmunden.at\/wp-content\/uploads\/2025\/09\/20250904_103829-3-1024x261.jpg\" data-object-fit=\"cover\" srcset=\"https:\/\/www.forum-klimaschutz-gmunden.at\/wp-content\/uploads\/2025\/09\/20250904_103829-3-1024x261.jpg 1024w, https:\/\/www.forum-klimaschutz-gmunden.at\/wp-content\/uploads\/2025\/09\/20250904_103829-3-300x76.jpg 300w, https:\/\/www.forum-klimaschutz-gmunden.at\/wp-content\/uploads\/2025\/09\/20250904_103829-3-768x196.jpg 768w, https:\/\/www.forum-klimaschutz-gmunden.at\/wp-content\/uploads\/2025\/09\/20250904_103829-3-1536x391.jpg 1536w, https:\/\/www.forum-klimaschutz-gmunden.at\/wp-content\/uploads\/2025\/09\/20250904_103829-3.jpg 1842w\" sizes=\"auto, (max-width: 1024px) 100vw, 1024px\" \/><span aria-hidden=\"true\" class=\"wp-block-cover__background has-background-dim-40 has-background-dim\" style=\"background-color:#6e8396\"><\/span><div class=\"wp-block-cover__inner-container has-global-padding is-layout-constrained wp-block-cover-is-layout-constrained\">\n<p class=\"has-text-align-center has-large-font-size\"><\/p>\n<\/div><\/div>\n\n\n\n<div style=\"height:20px\" aria-hidden=\"true\" class=\"wp-block-spacer\"><\/div>\n\n\n\n<h4 class=\"wp-block-heading has-text-align-center\">Mobilit\u00e4tswende a la Gmunden: von 40 zu 50!<\/h4>\n\n\n\n<p class=\"has-text-align-center\"><br>Die Stadt Gmunden kippt die Tempo-40-Regelung und f\u00fchrt wieder das Tempolimit von 50 km\/h ein. Ein entsprechender Antrag wird Ende September 2025 im Gemeinderat beschlossen.<\/p>\n\n\n\n<blockquote class=\"wp-block-quote alignwide has-large-font-size is-layout-flow wp-block-quote-is-layout-flow\">\n<h4 class=\"wp-block-heading has-text-align-center\"><em>Damit wurde ein Meilenstein der Gmundner Klimastrategie gekippt<\/em> <em>und zentrale Aspekte f\u00fcr die Lebensqualit\u00e4t in unserer Stadt nicht ber\u00fccksichtigt. <\/em><\/h4>\n<\/blockquote>\n\n\n\n<p><strong>Erstens: Die Sicherheit. <\/strong><br>Seit Einf\u00fchrung von Tempo 40 ist die Zahl der Unf\u00e4lle mit Personensch\u00e4den deutlich zur\u00fcckgegangen. Auswertungen belegen eine signifikante <a href=\"https:\/\/ooe.gruene.at\/news\/40er-in-gmunden-wirkt-mehr-sicherheit-auf-unseren-strasen\/?utm_source=chatgpt.com\" data-type=\"link\" data-id=\"https:\/\/ooe.gruene.at\/news\/40er-in-gmunden-wirkt-mehr-sicherheit-auf-unseren-strasen\/?utm_source=chatgpt.com\" target=\"_blank\" rel=\"noreferrer noopener\">Verringerung von Unf\u00e4llen mit Personenschaden<\/a>. Geringeres Tempo bedeutet mehr Reaktionszeit, weniger L\u00e4rm und eine sichere Umgebung f\u00fcr Kinder, \u00e4ltere Menschen, Touristinnen und Touristen. Die Kosten f\u00fcr eine korrekte Beschilderung sind gerechtfertigt, wenn dadurch die Unfallh\u00e4ufigkeit und Umweltvorteile \u00fcberwiegen.<\/p>\n\n\n\n<p><strong>Zweitens: Der Klimaschutz. <\/strong><br>In aktuellen Klimaberichten fordern Forschende ausdr\u00fccklich h\u00f6here Emissions-Einsparungen im Verkehr. Tempo 40 ist ein einfaches, kosteng\u00fcnstiges Instrument, das L\u00e4rm und Luftschadstoffe reduziert. Statt die ersten positiven Schritte zur\u00fcckzunehmen, sollte Gmunden Vorreiter in Sachen klimafreundlicher Mobilit\u00e4t sein.<\/p>\n\n\n\n<p><strong>Drittens: Das Vertrauen. <\/strong><br>Viele B\u00fcrgerinnen und B\u00fcrger haben Tempo 40 begr\u00fc\u00dft, weil es die Stadt lebenswerter macht. Wer nun wegen formaler Fehler alles zur\u00fcckdreht, riskiert nicht nur die Sicherheit, sondern auch das Vertrauen der Bev\u00f6lkerung in vorausschauende Politik. Fehler bei Ortstafeln oder Zusatzschildern lassen sich korrigieren und m\u00fcssen auch korrigiert werden, um den gesetzlichen Vorgaben zu entsprechen. Daf\u00fcr braucht es Willen, nicht Resignation.<\/p>\n\n\n\n<blockquote class=\"wp-block-quote alignwide has-large-font-size is-layout-flow wp-block-quote-is-layout-flow\">\n<h4 class=\"wp-block-heading has-text-align-center\"><em>Tempo 40 war ein Gewinn f\u00fcr Gmunden, weil dadurch die Attraktivit\u00e4t von \u00d6ffis und die Sicherheit von Rad- und Fu\u00dfverkehr erh\u00f6ht wurde.<\/em><\/h4>\n<\/blockquote>\n\n\n\n<p>Aus diesen Gr\u00fcnden hat das Forum die notwendigen Unterschriften f\u00fcr einen B\u00fcrgerantrag &#8222;Tempo 40 in Gmunden beibehalten&#8220; gesammelt und erfolgreich eingereicht. Folgendes Schreiben wurde am 25. September an die Gemeindevertretung geschickt.<\/p>\n\n\n\n<div data-wp-interactive=\"core\/file\" class=\"wp-block-file alignwide\" style=\"padding-right:var(--wp--preset--spacing--60);padding-left:var(--wp--preset--spacing--60)\"><object data-wp-bind--hidden=\"!state.hasPdfPreview\" hidden class=\"wp-block-file__embed\" data=\"https:\/\/www.forum-klimaschutz-gmunden.at\/wp-content\/uploads\/2025\/09\/Buergerantrag-Tempo-40-in-Gmunden-beibehalten.pdf\" type=\"application\/pdf\" style=\"width:100%;height:600px\" aria-label=\"Einbettung von B\u00fcrgerantrag Tempo 40 in Gmunden beibehalten.\"><\/object><a id=\"wp-block-file--media-93a40da1-0adb-4918-8494-eebd8593c178\" href=\"https:\/\/www.forum-klimaschutz-gmunden.at\/wp-content\/uploads\/2025\/09\/Buergerantrag-Tempo-40-in-Gmunden-beibehalten.pdf\">B\u00fcrgerantrag Tempo 40 in Gmunden beibehalten<\/a><\/div>\n\n\n\n<div style=\"height:20px\" aria-hidden=\"true\" class=\"wp-block-spacer\"><\/div>\n\n\n\n<p><strong>Der Mobilit\u00e4tsausschuss hat folgende Vorgehensweise beschlossen:<\/strong><\/p>\n\n\n\n<p>Der B\u00fcrgerantrag \u201eTempo 40 in Gmunden beibehalten\u201c wurde vor (am 25.9.2025) der Gemeinderatssitzung am 30.09.2025 eingebracht. Am 30.09.2025 hat der Gemeinderat mit mehrheitlichem Beschluss das fl\u00e4chendeckende 40 Km\/h-Tempolimit aufgehoben. Der Innenstadt- und Mobilit\u00e4tsausschuss stellt daher derzeit keinen gegenteiligen Antrag.<\/p>\n\n\n\n<p>Sehr wohl nimmt der Ausschuss die Anliegen zur Temporeduzierung in mehreren Stra\u00dfenabschnitten \u2013 insbesondere in jenen, wo vor dem fl\u00e4chendeckenden 40er eine niedrige Geschwindigkeit verordnet war, wie zB. in der Herakhstra\u00dfe, Traunsteinstra\u00dfe, Ohlsdorferstra\u00dfe, Plentznerstra\u00dfe, beim Bahnhof, beim Strandbad, in der Fliegerschulsiedlung usw. \u2013 auf.<\/p>\n\n\n\n<p>F\u00fcr die rechtskonforme Umsetzung der entsprechenden Temporeduzierungen braucht es in Zusammenarbeit mit dem Amtssachverst\u00e4ndigen des Landes entsprechende Ermittlungsverfahren (zB. Geschwindigkeits- und Frequenzmessungen) und Begutachtungen. Diese Verfahren wurden bereits eingeleitet und werden Stra\u00dfenabschnitt um Stra\u00dfenabschnitt abgearbeitet.<\/p>\n\n\n\n<div style=\"height:20px\" aria-hidden=\"true\" class=\"wp-block-spacer\"><\/div>\n\n\n\n<h4 class=\"wp-block-heading has-text-align-center\">Zusammenfassung der Gemeinderats-Sitzung<\/h4>\n\n\n\n<div data-wp-interactive=\"core\/file\" class=\"wp-block-file alignwide\" style=\"padding-right:var(--wp--preset--spacing--60);padding-left:var(--wp--preset--spacing--60)\"><object data-wp-bind--hidden=\"!state.hasPdfPreview\" hidden class=\"wp-block-file__embed\" data=\"https:\/\/www.forum-klimaschutz-gmunden.at\/wp-content\/uploads\/2025\/10\/Gemeinderat-30.9.2025-2.pdf\" type=\"application\/pdf\" style=\"width:100%;height:600px\" aria-label=\"Einbettung von Gemeinderat 30.9.2025.\"><\/object><a id=\"wp-block-file--media-1ab0e15b-4a00-4f5d-83a7-97f53db08a1f\" href=\"https:\/\/www.forum-klimaschutz-gmunden.at\/wp-content\/uploads\/2025\/10\/Gemeinderat-30.9.2025-2.pdf\">Gemeinderat 30.9.2025<\/a><\/div>\n\n\n\n<div style=\"height:20px\" aria-hidden=\"true\" class=\"wp-block-spacer\"><\/div>\n\n\n\n<p><strong>Mit etwas gutem Willen w\u00e4re eine rechtssichere und kostensparende L\u00f6sung gemeinsam mit dem Land O\u00d6 m\u00f6glich<\/strong>:<\/p>\n\n\n\n<ul class=\"wp-block-list\">\n<li>Landesstra\u00dfen im Gemeindegebiet k\u00f6nnten von der Gemeinde \u00fcbernommen werden. In den O\u00d6N von 24. September wird der Infrastrukturlandesrat mit folgenden Worten zitiert: &#8222;Sollte sich die Gemeinde Gmunden mehrheitlich f\u00fcr eine \u00dcbernahme der Stra\u00dfe aussprechen, kann dar\u00fcber nachgedacht werden. Wobei dann selbstverst\u00e4ndlich auch Erhaltung und Betreuung in den Verantwortungsbereich der Gemeinde fallen&#8220;. <\/li>\n\n\n\n<li>Das Land O\u00d6 k\u00f6nnte zustimmen, dass in Gmunden auch auf Landesstra\u00dfen Tempo 40 und nicht Tempo 50 gilt.<\/li>\n<\/ul>\n\n\n\n<p>Auch wenn die Mehrheit im Gemeinderat Tempo 40 vorerst gekippt hat, ist das Thema nicht vom Tisch: Sicherheit, Klimaschutz und B\u00fcrgerwille<br>bleiben auf der Tagesordnung!<\/p>\n\n\n\n<p>Das Forum sieht sich den B\u00fcrgerinnen und B\u00fcrgern, die mit ihrer Unterschrift den Antrag unterst\u00fctzt haben, besonders verpflichtet.<\/p>\n\n\n\n<p class=\"has-text-align-left\">Generell gilt: Mehr Mut in der Verkehrspolitik ist gefordert. Mut zur Vernunft! Tempo 30 f\u00fcr mehr Lebensqualit\u00e4t!<\/p>\n\n\n\n<div data-wp-interactive=\"core\/file\" class=\"wp-block-file alignwide\" style=\"margin-right:0;margin-left:0;padding-right:var(--wp--preset--spacing--60);padding-left:var(--wp--preset--spacing--60)\"><object data-wp-bind--hidden=\"!state.hasPdfPreview\" hidden class=\"wp-block-file__embed\" data=\"https:\/\/www.forum-klimaschutz-gmunden.at\/wp-content\/uploads\/2025\/10\/Tempo-30-fuer-mehr-Lebensqualitaet.pdf\" type=\"application\/pdf\" style=\"width:100%;height:600px\" aria-label=\"Einbettung von Tempo 30 f\u00fcr mehr Lebensqualit\u00e4t.\"><\/object><a id=\"wp-block-file--media-b51dcfce-fcac-41f3-8cd7-d1b18d712438\" href=\"https:\/\/www.forum-klimaschutz-gmunden.at\/wp-content\/uploads\/2025\/10\/Tempo-30-fuer-mehr-Lebensqualitaet.pdf\">Tempo 30 f\u00fcr mehr Lebensqualit\u00e4t<\/a><\/div>\n\n\n\n<div style=\"height:20px\" aria-hidden=\"true\" class=\"wp-block-spacer\"><\/div>\n\n\n\n<p>In Bad Ischl gilt bereits seit 2014 fl\u00e4chendeckend eine Geschwindigkeitsbegrenzung von 30 km\/h im gesamten Ortsgebiet, ausgenommen f\u00fcr Vorrangstra\u00dfen.&nbsp;Dies macht Bad Ischl zu einer der fr\u00fchen \u00f6sterreichischen Gemeinden, die diese Verkehrsberuhigungsma\u00dfnahme eingef\u00fchrt haben.&nbsp;<\/p>\n\n\n\n<div style=\"height:20px\" aria-hidden=\"true\" class=\"wp-block-spacer\"><\/div>\n\n\n\n<div class=\"wp-block-buttons is-content-justification-center is-layout-flex wp-container-core-buttons-is-layout-72caf8c6 wp-block-buttons-is-layout-flex\">\n<div class=\"wp-block-button\"><a class=\"wp-block-button__link has-base-color has-text-color has-link-color has-text-align-center wp-element-button\" href=\"https:\/\/www.forum-klimaschutz-gmunden.at\/?page_id=139\">zur\u00fcck zur Themen-\u00dcbersicht<\/a><\/div>\n<\/div>\n\n\n\n<p class=\"has-text-align-center has-small-font-size\">Titelbild: Christian Auer<\/p>\n","protected":false},"excerpt":{"rendered":"<p>Mobilit\u00e4tswende a la Gmunden: von 40 zu 50! Die Stadt Gmunden kippt die Tempo-40-Regelung und f\u00fchrt wieder das Tempolimit von 50 km\/h ein. Ein entsprechender Antrag wird Ende September 2025 im Gemeinderat beschlossen. Damit wurde ein Meilenstein der Gmundner Klimastrategie gekippt und zentrale Aspekte f\u00fcr die Lebensqualit\u00e4t in unserer Stadt nicht ber\u00fccksichtigt. Erstens: Die Sicherheit. [&hellip;]<\/p>\n","protected":false},"author":1,"featured_media":0,"parent":0,"menu_order":0,"comment_status":"closed","ping_status":"closed","template":"startseite","meta":{"ngg_post_thumbnail":0,"footnotes":""},"class_list":["post-3192","page","type-page","status-publish","hentry"],"_links":{"self":[{"href":"https:\/\/www.forum-klimaschutz-gmunden.at\/index.php?rest_route=\/wp\/v2\/pages\/3192","targetHints":{"allow":["GET"]}}],"collection":[{"href":"https:\/\/www.forum-klimaschutz-gmunden.at\/index.php?rest_route=\/wp\/v2\/pages"}],"about":[{"href":"https:\/\/www.forum-klimaschutz-gmunden.at\/index.php?rest_route=\/wp\/v2\/types\/page"}],"author":[{"embeddable":true,"href":"https:\/\/www.forum-klimaschutz-gmunden.at\/index.php?rest_route=\/wp\/v2\/users\/1"}],"replies":[{"embeddable":true,"href":"https:\/\/www.forum-klimaschutz-gmunden.at\/index.php?rest_route=%2Fwp%2Fv2%2Fcomments&post=3192"}],"version-history":[{"count":36,"href":"https:\/\/www.forum-klimaschutz-gmunden.at\/index.php?rest_route=\/wp\/v2\/pages\/3192\/revisions"}],"predecessor-version":[{"id":3829,"href":"https:\/\/www.forum-klimaschutz-gmunden.at\/index.php?rest_route=\/wp\/v2\/pages\/3192\/revisions\/3829"}],"wp:attachment":[{"href":"https:\/\/www.forum-klimaschutz-gmunden.at\/index.php?rest_route=%2Fwp%2Fv2%2Fmedia&parent=3192"}],"curies":[{"name":"wp","href":"https:\/\/api.w.org\/{rel}","templated":true}]}}