{"id":3118,"date":"2025-06-28T16:35:38","date_gmt":"2025-06-28T14:35:38","guid":{"rendered":"https:\/\/www.forum-klimaschutz-gmunden.at\/?page_id=3118"},"modified":"2026-03-17T18:44:49","modified_gmt":"2026-03-17T17:44:49","slug":"mobile-reparaturwerkstatt","status":"publish","type":"page","link":"https:\/\/www.forum-klimaschutz-gmunden.at\/?page_id=3118","title":{"rendered":"Mobile Reparaturwerkstatt"},"content":{"rendered":"\n<div class=\"wp-block-cover alignfull is-light\"><img loading=\"lazy\" decoding=\"async\" width=\"1024\" height=\"568\" class=\"wp-block-cover__image-background wp-image-3160 size-large\" alt=\"\" src=\"https:\/\/www.forum-klimaschutz-gmunden.at\/wp-content\/uploads\/2025\/06\/20250627_170529-1-1024x568.jpg\" data-object-fit=\"cover\" srcset=\"https:\/\/www.forum-klimaschutz-gmunden.at\/wp-content\/uploads\/2025\/06\/20250627_170529-1-1024x568.jpg 1024w, https:\/\/www.forum-klimaschutz-gmunden.at\/wp-content\/uploads\/2025\/06\/20250627_170529-1-300x166.jpg 300w, https:\/\/www.forum-klimaschutz-gmunden.at\/wp-content\/uploads\/2025\/06\/20250627_170529-1-768x426.jpg 768w, https:\/\/www.forum-klimaschutz-gmunden.at\/wp-content\/uploads\/2025\/06\/20250627_170529-1-1536x852.jpg 1536w, https:\/\/www.forum-klimaschutz-gmunden.at\/wp-content\/uploads\/2025\/06\/20250627_170529-1-2048x1137.jpg 2048w\" sizes=\"auto, (max-width: 1024px) 100vw, 1024px\" \/><span aria-hidden=\"true\" class=\"wp-block-cover__background has-background-dim\" style=\"background-color:#8195ae\"><\/span><div class=\"wp-block-cover__inner-container has-global-padding is-layout-constrained wp-block-cover-is-layout-constrained\">\n<h2 class=\"wp-block-heading alignwide has-text-align-center has-base-color has-text-color has-link-color has-xx-large-font-size wp-elements-6e7a5cbc2d4f0b20c30dfd32df3915bc\"><strong>Mobile Reparaturwerkstatt<\/strong><\/h2>\n<\/div><\/div>\n\n\n\n<div style=\"height:20px\" aria-hidden=\"true\" class=\"wp-block-spacer\"><\/div>\n\n\n\n<h4 class=\"wp-block-heading has-text-align-center\">Reparieren ist gelebte Nachhaltigkeit <\/h4>\n\n\n\n<p class=\"has-text-align-center\">Reparieren f\u00f6rdert Sorgfalt, Verst\u00e4ndnis f\u00fcr Zusammenh\u00e4nge, Selbstst\u00e4ndigkeit, Unabh\u00e4ngigkeit und Kreativit\u00e4t.<br>Reparieren ist aber nicht nur ein \u00f6kologisches Gebot.<\/p>\n\n\n\n<blockquote class=\"wp-block-quote alignwide has-text-align-center is-layout-flow wp-block-quote-is-layout-flow\">\n<h4 class=\"wp-block-heading has-text-align-center\"><em>&#8222;Der gr\u00f6\u00dfte Gewinn bei einer durchgef\u00fchrten Reparatur ist nicht, dass ein defekter Gegenstand wieder funktioniert, sondern die Erkenntnis etwas zu k\u00f6nnen&#8220;<\/em><\/h4>\n<\/blockquote>\n\n\n\n<div class=\"wp-block-columns is-layout-flex wp-container-core-columns-is-layout-c5150b4a wp-block-columns-is-layout-flex\">\n<div class=\"wp-block-column is-layout-flow wp-block-column-is-layout-flow\" style=\"flex-basis:50%\">\n<figure data-wp-context=\"{&quot;imageId&quot;:&quot;6a070741e3ca2&quot;}\" data-wp-interactive=\"core\/image\" data-wp-key=\"6a070741e3ca2\" class=\"wp-block-image aligncenter size-large wp-lightbox-container\"><img loading=\"lazy\" decoding=\"async\" width=\"724\" height=\"1024\" data-wp-class--hide=\"state.isContentHidden\" data-wp-class--show=\"state.isContentVisible\" data-wp-init=\"callbacks.setButtonStyles\" data-wp-on--click=\"actions.showLightbox\" data-wp-on--load=\"callbacks.setButtonStyles\" data-wp-on-window--resize=\"callbacks.setButtonStyles\" src=\"https:\/\/www.forum-klimaschutz-gmunden.at\/wp-content\/uploads\/2025\/06\/1-1-724x1024.png\" alt=\"\" class=\"wp-image-3162\" srcset=\"https:\/\/www.forum-klimaschutz-gmunden.at\/wp-content\/uploads\/2025\/06\/1-1-724x1024.png 724w, https:\/\/www.forum-klimaschutz-gmunden.at\/wp-content\/uploads\/2025\/06\/1-1-212x300.png 212w, https:\/\/www.forum-klimaschutz-gmunden.at\/wp-content\/uploads\/2025\/06\/1-1-768x1086.png 768w, https:\/\/www.forum-klimaschutz-gmunden.at\/wp-content\/uploads\/2025\/06\/1-1-1086x1536.png 1086w, https:\/\/www.forum-klimaschutz-gmunden.at\/wp-content\/uploads\/2025\/06\/1-1-1448x2048.png 1448w, https:\/\/www.forum-klimaschutz-gmunden.at\/wp-content\/uploads\/2025\/06\/1-1.png 1587w\" sizes=\"auto, (max-width: 724px) 100vw, 724px\" \/><button\n\t\t\tclass=\"lightbox-trigger\"\n\t\t\ttype=\"button\"\n\t\t\taria-haspopup=\"dialog\"\n\t\t\taria-label=\"Vergr\u00f6\u00dfern\"\n\t\t\tdata-wp-init=\"callbacks.initTriggerButton\"\n\t\t\tdata-wp-on--click=\"actions.showLightbox\"\n\t\t\tdata-wp-style--right=\"state.imageButtonRight\"\n\t\t\tdata-wp-style--top=\"state.imageButtonTop\"\n\t\t>\n\t\t\t<svg xmlns=\"http:\/\/www.w3.org\/2000\/svg\" width=\"12\" height=\"12\" fill=\"none\" viewBox=\"0 0 12 12\">\n\t\t\t\t<path fill=\"#fff\" d=\"M2 0a2 2 0 0 0-2 2v2h1.5V2a.5.5 0 0 1 .5-.5h2V0H2Zm2 10.5H2a.5.5 0 0 1-.5-.5V8H0v2a2 2 0 0 0 2 2h2v-1.5ZM8 12v-1.5h2a.5.5 0 0 0 .5-.5V8H12v2a2 2 0 0 1-2 2H8Zm2-12a2 2 0 0 1 2 2v2h-1.5V2a.5.5 0 0 0-.5-.5H8V0h2Z\" \/>\n\t\t\t<\/svg>\n\t\t<\/button><\/figure>\n<\/div>\n\n\n\n<div class=\"wp-block-column has-global-padding is-layout-constrained wp-block-column-is-layout-constrained\" style=\"flex-basis:50%\">\n<p>Das Otelo Gmunden bietet seit Jahren sogenannte <a href=\"https:\/\/otelo.or.at\/kalender\/repair-cafe-17\/\" target=\"_blank\" rel=\"noreferrer noopener\"><strong>Repair Caf\u00e9<\/strong><\/a> an. Gemeinsam mit dem Otelo veranstaltete das Forum nun ein mobiles Repair-Caf\u00e9.<\/p>\n\n\n\n<p>Das E-Lastenrad wurde uns von der <a href=\"https:\/\/www.kem-traunsteinregion.at\/\" target=\"_blank\" rel=\"noreferrer noopener\"><strong>Klima- und Energie- Modellregion (KEM) Traunstein<\/strong><\/a> zur Verf\u00fcgung gestellt.<\/p>\n\n\n\n<p>Unter fachkundiger Anleitung wurden Fahrr\u00e4der und kleine Haushaltsger\u00e4te repariert. Unterst\u00fctzung bekam das Otelo-Team von Kirill, einem Mitarbeiter der <a href=\"https:\/\/www.salzkammergutbiker.at\/\" target=\"_blank\" rel=\"noreferrer noopener\"><strong>Salzkammergut-Biker<\/strong><\/a>.<\/p>\n<\/div>\n<\/div>\n\n\n\n<p>Dem Publikum bereiteten die Probefahrten mit dem Lastenrad viel Freude und Vergn\u00fcgen.<\/p>\n\n\n\n<blockquote class=\"wp-block-quote alignwide is-layout-flow wp-block-quote-is-layout-flow\">\n<h4 class=\"wp-block-heading has-text-align-center\"><em>&#8222;Der reparierende Mensch ist der gl\u00fccklichere Mensch&#8220;<\/em><\/h4>\n<\/blockquote>\n\n\n\n<p>Zitate aus: Wolfgang M. Heckl, \u201cDie Kultur der Reparatur\u201d, Hanser Verlag<\/p>\n\n\n\nngg_shortcode_0_placeholder\n\n\n\n<div class=\"wp-block-buttons is-content-justification-center is-layout-flex wp-container-core-buttons-is-layout-a89b3969 wp-block-buttons-is-layout-flex\">\n<div class=\"wp-block-button\"><a class=\"wp-block-button__link has-base-color has-text-color has-link-color wp-element-button\" href=\"https:\/\/www.forum-klimaschutz-gmunden.at\/?page_id=139\">zur\u00fcck zu &#8222;Unsere Themen&#8220;<\/a><\/div>\n<\/div>\n\n\n\n<p class=\"has-text-align-center has-small-font-size\">Titelbild und Fotos: Christian Auer<\/p>\n","protected":false},"excerpt":{"rendered":"<p>Reparieren ist gelebte Nachhaltigkeit Reparieren f\u00f6rdert Sorgfalt, Verst\u00e4ndnis f\u00fcr Zusammenh\u00e4nge, Selbstst\u00e4ndigkeit, Unabh\u00e4ngigkeit und Kreativit\u00e4t.Reparieren ist aber nicht nur ein \u00f6kologisches Gebot. &#8222;Der gr\u00f6\u00dfte Gewinn bei einer durchgef\u00fchrten Reparatur ist nicht, dass ein defekter Gegenstand wieder funktioniert, sondern die Erkenntnis etwas zu k\u00f6nnen&#8220; Das Otelo Gmunden bietet seit Jahren sogenannte Repair Caf\u00e9 an. Gemeinsam mit dem [&hellip;]<\/p>\n","protected":false},"author":1,"featured_media":0,"parent":0,"menu_order":0,"comment_status":"closed","ping_status":"closed","template":"startseite","meta":{"ngg_post_thumbnail":0,"footnotes":""},"class_list":["post-3118","page","type-page","status-publish","hentry"],"_links":{"self":[{"href":"https:\/\/www.forum-klimaschutz-gmunden.at\/index.php?rest_route=\/wp\/v2\/pages\/3118","targetHints":{"allow":["GET"]}}],"collection":[{"href":"https:\/\/www.forum-klimaschutz-gmunden.at\/index.php?rest_route=\/wp\/v2\/pages"}],"about":[{"href":"https:\/\/www.forum-klimaschutz-gmunden.at\/index.php?rest_route=\/wp\/v2\/types\/page"}],"author":[{"embeddable":true,"href":"https:\/\/www.forum-klimaschutz-gmunden.at\/index.php?rest_route=\/wp\/v2\/users\/1"}],"replies":[{"embeddable":true,"href":"https:\/\/www.forum-klimaschutz-gmunden.at\/index.php?rest_route=%2Fwp%2Fv2%2Fcomments&post=3118"}],"version-history":[{"count":25,"href":"https:\/\/www.forum-klimaschutz-gmunden.at\/index.php?rest_route=\/wp\/v2\/pages\/3118\/revisions"}],"predecessor-version":[{"id":3890,"href":"https:\/\/www.forum-klimaschutz-gmunden.at\/index.php?rest_route=\/wp\/v2\/pages\/3118\/revisions\/3890"}],"wp:attachment":[{"href":"https:\/\/www.forum-klimaschutz-gmunden.at\/index.php?rest_route=%2Fwp%2Fv2%2Fmedia&parent=3118"}],"curies":[{"name":"wp","href":"https:\/\/api.w.org\/{rel}","templated":true}]}}