{"id":3002,"date":"2025-05-31T18:27:03","date_gmt":"2025-05-31T16:27:03","guid":{"rendered":"https:\/\/www.forum-klimaschutz-gmunden.at\/?page_id=3002"},"modified":"2026-02-17T19:05:27","modified_gmt":"2026-02-17T18:05:27","slug":"stellungnahme-zur-petition","status":"publish","type":"page","link":"https:\/\/www.forum-klimaschutz-gmunden.at\/?page_id=3002","title":{"rendered":"Unsere Petition an die Gemeinde und Stellungnahmen"},"content":{"rendered":"\n<div class=\"wp-block-cover alignfull is-light\"><img loading=\"lazy\" decoding=\"async\" width=\"1024\" height=\"354\" class=\"wp-block-cover__image-background wp-image-3665 size-large\" alt=\"\" src=\"https:\/\/www.forum-klimaschutz-gmunden.at\/wp-content\/uploads\/2026\/02\/Petition-1024x354.jpg\" data-object-fit=\"cover\" srcset=\"https:\/\/www.forum-klimaschutz-gmunden.at\/wp-content\/uploads\/2026\/02\/Petition-1024x354.jpg 1024w, https:\/\/www.forum-klimaschutz-gmunden.at\/wp-content\/uploads\/2026\/02\/Petition-300x104.jpg 300w, https:\/\/www.forum-klimaschutz-gmunden.at\/wp-content\/uploads\/2026\/02\/Petition-768x266.jpg 768w, https:\/\/www.forum-klimaschutz-gmunden.at\/wp-content\/uploads\/2026\/02\/Petition.jpg 1141w\" sizes=\"auto, (max-width: 1024px) 100vw, 1024px\" \/><span aria-hidden=\"true\" class=\"wp-block-cover__background has-background-dim\" style=\"background-color:#9d9d98\"><\/span><div class=\"wp-block-cover__inner-container has-global-padding is-layout-constrained wp-block-cover-is-layout-constrained\">\n<h2 class=\"wp-block-heading alignwide has-text-align-center has-base-color has-text-color has-link-color has-xx-large-font-size wp-elements-3e00c95ca520ea4e4c11a7cdefeb9cc7\"><strong>Unsere Petition an die Gemeinde<\/strong><\/h2>\n<\/div><\/div>\n\n\n\n<div style=\"height:20px\" aria-hidden=\"true\" class=\"wp-block-spacer\"><\/div>\n\n\n\n<p class=\"has-text-align-center\">Anl\u00e4sslich der Verleihung des Klimaschutzpreises 2025 haben wir eine Petition an den B\u00fcrgermeister \u00fcberreicht. Die Petition umfasst 12 konkrete Punkte, die uns besonders am Herzen und im Verantwortungsbereich der Gemeinde liegen. <\/p>\n\n\n\n<div style=\"height:20px\" aria-hidden=\"true\" class=\"wp-block-spacer\"><\/div>\n\n\n\n<div class=\"wp-block-columns alignwide is-layout-flex wp-container-core-columns-is-layout-28f84493 wp-block-columns-is-layout-flex\">\n<div class=\"wp-block-column is-layout-flow wp-block-column-is-layout-flow\" style=\"flex-basis:66.66%\">\n<div data-wp-interactive=\"core\/file\" class=\"wp-block-file\" style=\"margin-top:0;margin-right:0;margin-bottom:0;margin-left:0;padding-top:0;padding-right:0;padding-bottom:0;padding-left:0\"><object data-wp-bind--hidden=\"!state.hasPdfPreview\" hidden class=\"wp-block-file__embed\" data=\"https:\/\/www.forum-klimaschutz-gmunden.at\/wp-content\/uploads\/2026\/02\/Petition-an-die-Gemeinde-Gmunden.pdf\" type=\"application\/pdf\" style=\"width:100%;height:589px\" aria-label=\"Einbettung von Petition an die Gemeinde Gmunden.\"><\/object><a id=\"wp-block-file--media-0a41ba90-9302-43eb-8762-d7a5d32c4cbf\" href=\"https:\/\/www.forum-klimaschutz-gmunden.at\/wp-content\/uploads\/2026\/02\/Petition-an-die-Gemeinde-Gmunden.pdf\">Petition an die Gemeinde Gmunden<\/a><\/div>\n<\/div>\n\n\n\n<div class=\"wp-block-column is-layout-flow wp-block-column-is-layout-flow\" style=\"padding-top:0;padding-right:0;padding-bottom:0;padding-left:0;flex-basis:33.33%\">\n<figure data-wp-context=\"{&quot;imageId&quot;:&quot;6a070778e01c5&quot;}\" data-wp-interactive=\"core\/image\" data-wp-key=\"6a070778e01c5\" class=\"wp-block-image size-large wp-lightbox-container\" style=\"margin-top:var(--wp--preset--spacing--10);margin-right:var(--wp--preset--spacing--10);margin-bottom:var(--wp--preset--spacing--10);margin-left:var(--wp--preset--spacing--10)\"><img loading=\"lazy\" decoding=\"async\" width=\"731\" height=\"1024\" data-wp-class--hide=\"state.isContentHidden\" data-wp-class--show=\"state.isContentVisible\" data-wp-init=\"callbacks.setButtonStyles\" data-wp-on--click=\"actions.showLightbox\" data-wp-on--load=\"callbacks.setButtonStyles\" data-wp-on-window--resize=\"callbacks.setButtonStyles\" src=\"https:\/\/www.forum-klimaschutz-gmunden.at\/wp-content\/uploads\/2026\/02\/Urkunde-3-731x1024.jpg\" alt=\"\" class=\"wp-image-3704\" srcset=\"https:\/\/www.forum-klimaschutz-gmunden.at\/wp-content\/uploads\/2026\/02\/Urkunde-3-731x1024.jpg 731w, https:\/\/www.forum-klimaschutz-gmunden.at\/wp-content\/uploads\/2026\/02\/Urkunde-3-214x300.jpg 214w, https:\/\/www.forum-klimaschutz-gmunden.at\/wp-content\/uploads\/2026\/02\/Urkunde-3-768x1076.jpg 768w, https:\/\/www.forum-klimaschutz-gmunden.at\/wp-content\/uploads\/2026\/02\/Urkunde-3-1096x1536.jpg 1096w, https:\/\/www.forum-klimaschutz-gmunden.at\/wp-content\/uploads\/2026\/02\/Urkunde-3-1461x2048.jpg 1461w, https:\/\/www.forum-klimaschutz-gmunden.at\/wp-content\/uploads\/2026\/02\/Urkunde-3-scaled.jpg 1827w\" sizes=\"auto, (max-width: 731px) 100vw, 731px\" \/><button\n\t\t\tclass=\"lightbox-trigger\"\n\t\t\ttype=\"button\"\n\t\t\taria-haspopup=\"dialog\"\n\t\t\taria-label=\"Vergr\u00f6\u00dfern\"\n\t\t\tdata-wp-init=\"callbacks.initTriggerButton\"\n\t\t\tdata-wp-on--click=\"actions.showLightbox\"\n\t\t\tdata-wp-style--right=\"state.imageButtonRight\"\n\t\t\tdata-wp-style--top=\"state.imageButtonTop\"\n\t\t>\n\t\t\t<svg xmlns=\"http:\/\/www.w3.org\/2000\/svg\" width=\"12\" height=\"12\" fill=\"none\" viewBox=\"0 0 12 12\">\n\t\t\t\t<path fill=\"#fff\" d=\"M2 0a2 2 0 0 0-2 2v2h1.5V2a.5.5 0 0 1 .5-.5h2V0H2Zm2 10.5H2a.5.5 0 0 1-.5-.5V8H0v2a2 2 0 0 0 2 2h2v-1.5ZM8 12v-1.5h2a.5.5 0 0 0 .5-.5V8H12v2a2 2 0 0 1-2 2H8Zm2-12a2 2 0 0 1 2 2v2h-1.5V2a.5.5 0 0 0-.5-.5H8V0h2Z\" \/>\n\t\t\t<\/svg>\n\t\t<\/button><\/figure>\n<\/div>\n<\/div>\n\n\n\n<div style=\"height:20px\" aria-hidden=\"true\" class=\"wp-block-spacer\"><\/div>\n\n\n\n<p class=\"has-text-align-left\">Dazu die sehr ausf\u00fchrliche Stellungnahmen vom Klimaausschuss, von der \u00d6VP-Fraktion und von den Gr\u00fcnen &#8211; Vielen Dank! Von den anderen Fraktionen haben wir keine Antwort bekommen. <\/p>\n\n\n\n<div class=\"wp-block-file\"><a id=\"wp-block-file--media-cb89e377-f437-48e8-9f72-f6be946a2e7b\" href=\"https:\/\/www.forum-klimaschutz-gmunden.at\/wp-content\/uploads\/2026\/02\/Stellungnahme-Klimaausschuss-1.pdf\">Stellungnahme Klimaausschuss<\/a><\/div>\n\n\n\n<div class=\"wp-block-file\"><a id=\"wp-block-file--media-e0ba1f08-87be-4a32-aafc-1eae4281d62c\" href=\"https:\/\/www.forum-klimaschutz-gmunden.at\/wp-content\/uploads\/2026\/02\/Stellungnahme-OeVP-2.pdf\">Stellungnahme \u00d6VP<\/a><\/div>\n\n\n\n<div class=\"wp-block-file\"><a id=\"wp-block-file--media-fe84905c-940e-4a41-9d0f-195bfa38a14b\" href=\"https:\/\/www.forum-klimaschutz-gmunden.at\/wp-content\/uploads\/2026\/02\/Stellungnahme-Die-Gruenen-2.pdf\">Stellungnahme Die Gr\u00fcnen<\/a><\/div>\n\n\n\n<div style=\"height:20px\" aria-hidden=\"true\" class=\"wp-block-spacer\"><\/div>\n\n\n\n<h4 class=\"wp-block-heading has-text-align-center\">Klimaschutzpreis<\/h4>\n\n\n\n<p class=\"has-text-align-left\">Forum-Mitglieder bei der Verleihung des Klimaschutzpreises und \u00dcberreichung der Petition an B\u00fcrgermeister Stefan Krapf und Klimastadtr\u00e4tin Ulrike Feichtinger. Video ab 2:54<\/p>\n\n\n\n<figure class=\"wp-block-image size-large\"><a href=\"https:\/\/www.salzi.tv\/video\/2-klimaschutzpreis-der-stadt-gmunden\/0261f4050de7cd9c4271064685a09ed8\" target=\"_blank\" rel=\" noreferrer noopener\"><img loading=\"lazy\" decoding=\"async\" width=\"1024\" height=\"554\" src=\"https:\/\/www.forum-klimaschutz-gmunden.at\/wp-content\/uploads\/2026\/02\/Salzi-TV-KLimaschutzpreis-2025-05-29-214149-1024x554.jpg\" alt=\"\" class=\"wp-image-3713\" srcset=\"https:\/\/www.forum-klimaschutz-gmunden.at\/wp-content\/uploads\/2026\/02\/Salzi-TV-KLimaschutzpreis-2025-05-29-214149-1024x554.jpg 1024w, https:\/\/www.forum-klimaschutz-gmunden.at\/wp-content\/uploads\/2026\/02\/Salzi-TV-KLimaschutzpreis-2025-05-29-214149-300x162.jpg 300w, https:\/\/www.forum-klimaschutz-gmunden.at\/wp-content\/uploads\/2026\/02\/Salzi-TV-KLimaschutzpreis-2025-05-29-214149-768x415.jpg 768w, https:\/\/www.forum-klimaschutz-gmunden.at\/wp-content\/uploads\/2026\/02\/Salzi-TV-KLimaschutzpreis-2025-05-29-214149.jpg 1050w\" sizes=\"auto, (max-width: 1024px) 100vw, 1024px\" \/><\/a><\/figure>\n\n\n\n<div style=\"height:20px\" aria-hidden=\"true\" class=\"wp-block-spacer\"><\/div>\n\n\n\n<p class=\"has-text-align-center has-small-font-size\">Titelfoto: Screenshot Salzi TV<\/p>\n","protected":false},"excerpt":{"rendered":"<p>Anl\u00e4sslich der Verleihung des Klimaschutzpreises 2025 haben wir eine Petition an den B\u00fcrgermeister \u00fcberreicht. Die Petition umfasst 12 konkrete Punkte, die uns besonders am Herzen und im Verantwortungsbereich der Gemeinde liegen. Dazu die sehr ausf\u00fchrliche Stellungnahmen vom Klimaausschuss, von der \u00d6VP-Fraktion und von den Gr\u00fcnen &#8211; Vielen Dank! Von den anderen Fraktionen haben wir keine [&hellip;]<\/p>\n","protected":false},"author":1,"featured_media":0,"parent":0,"menu_order":0,"comment_status":"closed","ping_status":"closed","template":"startseite","meta":{"ngg_post_thumbnail":0,"footnotes":""},"class_list":["post-3002","page","type-page","status-publish","hentry"],"_links":{"self":[{"href":"https:\/\/www.forum-klimaschutz-gmunden.at\/index.php?rest_route=\/wp\/v2\/pages\/3002","targetHints":{"allow":["GET"]}}],"collection":[{"href":"https:\/\/www.forum-klimaschutz-gmunden.at\/index.php?rest_route=\/wp\/v2\/pages"}],"about":[{"href":"https:\/\/www.forum-klimaschutz-gmunden.at\/index.php?rest_route=\/wp\/v2\/types\/page"}],"author":[{"embeddable":true,"href":"https:\/\/www.forum-klimaschutz-gmunden.at\/index.php?rest_route=\/wp\/v2\/users\/1"}],"replies":[{"embeddable":true,"href":"https:\/\/www.forum-klimaschutz-gmunden.at\/index.php?rest_route=%2Fwp%2Fv2%2Fcomments&post=3002"}],"version-history":[{"count":51,"href":"https:\/\/www.forum-klimaschutz-gmunden.at\/index.php?rest_route=\/wp\/v2\/pages\/3002\/revisions"}],"predecessor-version":[{"id":3772,"href":"https:\/\/www.forum-klimaschutz-gmunden.at\/index.php?rest_route=\/wp\/v2\/pages\/3002\/revisions\/3772"}],"wp:attachment":[{"href":"https:\/\/www.forum-klimaschutz-gmunden.at\/index.php?rest_route=%2Fwp%2Fv2%2Fmedia&parent=3002"}],"curies":[{"name":"wp","href":"https:\/\/api.w.org\/{rel}","templated":true}]}}