{"id":2641,"date":"2025-04-18T19:03:29","date_gmt":"2025-04-18T17:03:29","guid":{"rendered":"https:\/\/www.forum-klimaschutz-gmunden.at\/?page_id=2641"},"modified":"2026-03-17T18:40:14","modified_gmt":"2026-03-17T17:40:14","slug":"pv-warum-gerade-jetzt","status":"publish","type":"page","link":"https:\/\/www.forum-klimaschutz-gmunden.at\/?page_id=2641","title":{"rendered":"Mach dein Dach zum Kraftwerk"},"content":{"rendered":"\n<div class=\"wp-block-cover alignfull\"><img loading=\"lazy\" decoding=\"async\" width=\"800\" height=\"199\" class=\"wp-block-cover__image-background wp-image-2647\" alt=\"\" src=\"https:\/\/www.forum-klimaschutz-gmunden.at\/wp-content\/uploads\/2025\/03\/1687625053221.jpg\" data-object-fit=\"cover\" srcset=\"https:\/\/www.forum-klimaschutz-gmunden.at\/wp-content\/uploads\/2025\/03\/1687625053221.jpg 800w, https:\/\/www.forum-klimaschutz-gmunden.at\/wp-content\/uploads\/2025\/03\/1687625053221-300x75.jpg 300w, https:\/\/www.forum-klimaschutz-gmunden.at\/wp-content\/uploads\/2025\/03\/1687625053221-768x191.jpg 768w\" sizes=\"auto, (max-width: 800px) 100vw, 800px\" \/><span aria-hidden=\"true\" class=\"wp-block-cover__background has-background-dim-30 has-background-dim\" style=\"background-color:#8195ae\"><\/span><div class=\"wp-block-cover__inner-container is-layout-flow wp-block-cover-is-layout-flow\">\n<h2 class=\"wp-block-heading has-text-align-center has-base-color has-text-color has-link-color has-xx-large-font-size wp-elements-1ea542f4a332652e16031873028312c1\"><strong>Mach dein Dach zum Kraftwerk<\/strong><\/h2>\n<\/div><\/div>\n\n\n\n<div style=\"height:20px\" aria-hidden=\"true\" class=\"wp-block-spacer\"><\/div>\n\n\n\n<p class=\"has-text-align-center\">Die neue Regierung plant, den Stromverbrauch bis 2030 vollst\u00e4ndig durch erneuerbare Energien zu decken. <br>Dennoch wurden Ma\u00dfnahmen beschlossen, die den Ausbau von Photovoltaik und Elektromobilit\u00e4t bremsen k\u00f6nnten.<\/p>\n\n\n\n<ul class=\"wp-block-list\">\n<li><strong>Aufhebung der Umsatzsteuerbefreiung<\/strong> f\u00fcr kleinere PV-Anlagen ab <br>1. April, was die Nachfrage d\u00e4mpfen k\u00f6nnte.<\/li>\n\n\n\n<li><strong>Energiekrisenbeitrag Strom<\/strong>, der steigende Strompreise weiter antreiben k\u00f6nnte \u2013 auch f\u00fcr \u00d6kostrom.<\/li>\n\n\n\n<li><strong>Ende der Steuerbefreiung f\u00fcr E-Autos<\/strong>, was die ohnehin geringe Nachfrage nicht beleben wird.<\/li>\n<\/ul>\n\n\n\n<p class=\"has-text-align-left\"><a href=\"https:\/\/www.erneuerbare-energie.at\/presseaussendungen\/2025\/3\/6\/neue-steuer-und-zustzliche-daumenschrauben-bedrngen-erneuerbare-und-setzen-sterreichs-wirtschaftliche-resilienz-aufs-spiel\">Neue Steuer und zus\u00e4tzliche Daumenschrauben bedr\u00e4ngen Erneuerbare und setzen \u00d6sterreichs wirtschaftliche Resilienz aufs Spiel<\/a><\/p>\n\n\n\n<blockquote class=\"wp-block-quote alignfull has-text-align-center is-layout-flow wp-block-quote-is-layout-flow\">\n<h4 class=\"wp-block-heading\"><em>F\u00fcr stabile und leistbare Strompreise m\u00fcssen wir umfassend in den Ausbau erneuerbarer Energien investieren<\/em><\/h4>\n<\/blockquote>\n\n\n\n<p>Mit einem Vortrag von Christian Hummelbrunner, KEM Manager der Region Traunstein, wollen wir dazu beitragen, dass der Ausbau von Photovoltaik in der Gemeinde Gmunden sowohl bei privaten Haushalten als auch auf gemeindeeigenen Geb\u00e4uden z\u00fcgig voranschreitet.<\/p>\n\n\n\n<div class=\"wp-block-columns is-layout-flex wp-container-core-columns-is-layout-28f84493 wp-block-columns-is-layout-flex\">\n<div class=\"wp-block-column is-layout-flow wp-block-column-is-layout-flow\" style=\"flex-basis:100%\">\n<div class=\"wp-block-columns are-vertically-aligned-top is-layout-flex wp-container-core-columns-is-layout-c5150b4a wp-block-columns-is-layout-flex\">\n<div class=\"wp-block-column is-vertically-aligned-top is-layout-flow wp-block-column-is-layout-flow\" style=\"flex-basis:33.33%\">\n<figure data-wp-context=\"{&quot;imageId&quot;:&quot;6a070745dfe4f&quot;}\" data-wp-interactive=\"core\/image\" data-wp-key=\"6a070745dfe4f\" class=\"wp-block-image aligncenter size-large wp-lightbox-container\"><img loading=\"lazy\" decoding=\"async\" width=\"724\" height=\"1024\" data-wp-class--hide=\"state.isContentHidden\" data-wp-class--show=\"state.isContentVisible\" data-wp-init=\"callbacks.setButtonStyles\" data-wp-on--click=\"actions.showLightbox\" data-wp-on--load=\"callbacks.setButtonStyles\" data-wp-on-window--resize=\"callbacks.setButtonStyles\" src=\"https:\/\/www.forum-klimaschutz-gmunden.at\/wp-content\/uploads\/2025\/03\/Poster1-724x1024.png\" alt=\"\" class=\"wp-image-2677\" srcset=\"https:\/\/www.forum-klimaschutz-gmunden.at\/wp-content\/uploads\/2025\/03\/Poster1-724x1024.png 724w, https:\/\/www.forum-klimaschutz-gmunden.at\/wp-content\/uploads\/2025\/03\/Poster1-212x300.png 212w, https:\/\/www.forum-klimaschutz-gmunden.at\/wp-content\/uploads\/2025\/03\/Poster1-768x1086.png 768w, https:\/\/www.forum-klimaschutz-gmunden.at\/wp-content\/uploads\/2025\/03\/Poster1-1086x1536.png 1086w, https:\/\/www.forum-klimaschutz-gmunden.at\/wp-content\/uploads\/2025\/03\/Poster1-1448x2048.png 1448w, https:\/\/www.forum-klimaschutz-gmunden.at\/wp-content\/uploads\/2025\/03\/Poster1.png 1587w\" sizes=\"auto, (max-width: 724px) 100vw, 724px\" \/><button\n\t\t\tclass=\"lightbox-trigger\"\n\t\t\ttype=\"button\"\n\t\t\taria-haspopup=\"dialog\"\n\t\t\taria-label=\"Vergr\u00f6\u00dfern\"\n\t\t\tdata-wp-init=\"callbacks.initTriggerButton\"\n\t\t\tdata-wp-on--click=\"actions.showLightbox\"\n\t\t\tdata-wp-style--right=\"state.imageButtonRight\"\n\t\t\tdata-wp-style--top=\"state.imageButtonTop\"\n\t\t>\n\t\t\t<svg xmlns=\"http:\/\/www.w3.org\/2000\/svg\" width=\"12\" height=\"12\" fill=\"none\" viewBox=\"0 0 12 12\">\n\t\t\t\t<path fill=\"#fff\" d=\"M2 0a2 2 0 0 0-2 2v2h1.5V2a.5.5 0 0 1 .5-.5h2V0H2Zm2 10.5H2a.5.5 0 0 1-.5-.5V8H0v2a2 2 0 0 0 2 2h2v-1.5ZM8 12v-1.5h2a.5.5 0 0 0 .5-.5V8H12v2a2 2 0 0 1-2 2H8Zm2-12a2 2 0 0 1 2 2v2h-1.5V2a.5.5 0 0 0-.5-.5H8V0h2Z\" \/>\n\t\t\t<\/svg>\n\t\t<\/button><\/figure>\n<\/div>\n\n\n\n<div class=\"wp-block-column is-vertically-aligned-top has-global-padding is-layout-constrained wp-block-column-is-layout-constrained\" style=\"flex-basis:66.66%\">\n<p>Im Vortrag \u201eMach dein Dach zum Kraftwerk\u201c erkl\u00e4rt Christian Hummelbrunner, Manager der Klima- und Energie-Modellregion Traunstein, worauf es beim Umstieg auf Photovoltaik ankommt. Schritt f\u00fcr Schritt wird aufgezeigt, wie man eine eigene PV-Anlage plant und welche Faktoren bei der Dimensionierung eine Rolle spielen. Dabei geht es auch um die Frage, ob sich ein Batteriespeicher lohnt und wie Photovoltaik optimal mit E-Mobilit\u00e4t kombiniert wird.<\/p>\n<\/div>\n<\/div>\n<\/div>\n\n\n\n<div class=\"wp-block-column is-layout-flow wp-block-column-is-layout-flow\">\n<div class=\"wp-block-columns is-layout-flex wp-container-core-columns-is-layout-28f84493 wp-block-columns-is-layout-flex\">\n<div class=\"wp-block-column is-layout-flow wp-block-column-is-layout-flow\" style=\"flex-basis:33.33%\"><\/div>\n\n\n\n<div class=\"wp-block-column is-layout-flow wp-block-column-is-layout-flow\" style=\"flex-basis:66.66%\"><\/div>\n<\/div>\n<\/div>\n<\/div>\n\n\n\n<div data-wp-interactive=\"core\/file\" class=\"wp-block-file alignwide\" style=\"padding-right:var(--wp--preset--spacing--60);padding-left:var(--wp--preset--spacing--60)\"><object data-wp-bind--hidden=\"!state.hasPdfPreview\" hidden class=\"wp-block-file__embed\" data=\"https:\/\/www.forum-klimaschutz-gmunden.at\/wp-content\/uploads\/2025\/04\/Mach-dein-Dach-zum-Kraftwerk.pdf\" type=\"application\/pdf\" style=\"width:100%;height:600px\" aria-label=\"Einbettung von Mach dein Dach zum Kraftwerk.\"><\/object><a id=\"wp-block-file--media-adbc79ed-068e-4992-a4ec-be7a25bc1b21\" href=\"https:\/\/www.forum-klimaschutz-gmunden.at\/wp-content\/uploads\/2025\/04\/Mach-dein-Dach-zum-Kraftwerk.pdf\">Mach dein Dach zum Kraftwerk<\/a><\/div>\n\n\n\n<p>Vielen Dank an KEM Manager Christian Hummelbrunner f\u00fcr den Vortrag und an Direktor Rainer Leitner f\u00fcr die Zurverf\u00fcgungstellung des Saals.<\/p>\n\n\n\nngg_shortcode_0_placeholder\n\n\n\n<p class=\"has-text-align-center has-small-font-size\">Fotos von Josef Aigner<\/p>\n\n\n\n<div style=\"height:20px\" aria-hidden=\"true\" class=\"wp-block-spacer\"><\/div>\n\n\n\n<h4 class=\"wp-block-heading has-text-align-center\">Links<\/h4>\n\n\n\n<ul class=\"wp-block-list\">\n<li><a href=\"https:\/\/www.kem-traunsteinregion.at\/\" target=\"_blank\" rel=\"noreferrer noopener\">KEM \u2013 KEM Traunstein \u2013 wir gestalten die Energiewende!<\/a><\/li>\n\n\n\n<li><a href=\"https:\/\/www.sonne-ein.at\/\" target=\"_blank\" rel=\"noreferrer noopener\">Bundesverband Photovoltaic Austria \u2013 Schalt die Sonne ein<\/a><br>F\u00fcnf Gr\u00fcnde, warum du jetzt JA zu einer PV-Anlage sagen solltest<\/li>\n\n\n\n<li>Freifl\u00e4chenanlagen&nbsp;<a href=\"https:\/\/static1.squarespace.com\/static\/5b978be0697a98a663136c47\/t\/620e0b5cac49674e50e56c8e\/1645087606004\/PV_Austria_Leitlinie_PV-FFA.pdf\" target=\"_blank\" rel=\"noreferrer noopener\">PV_Austria_Leitlinie_PV-FFA.pdf<\/a><\/li>\n<\/ul>\n\n\n\n<div style=\"height:20px\" aria-hidden=\"true\" class=\"wp-block-spacer\"><\/div>\n\n\n\n<div class=\"wp-block-buttons is-content-justification-center is-layout-flex wp-container-core-buttons-is-layout-a89b3969 wp-block-buttons-is-layout-flex\">\n<div class=\"wp-block-button\"><a class=\"wp-block-button__link has-base-color has-text-color has-background has-link-color wp-element-button\" href=\"https:\/\/www.forum-klimaschutz-gmunden.at\/?page_id=1006\" style=\"background-color:#5a7396\">zur\u00fcck zu &#8222;Erneuerbare Energie&#8220;<\/a><\/div>\n<\/div>\n\n\n\n<p class=\"has-text-align-center has-small-font-size\">Titelbild: Christian Hummelbrunner | KEM Traunstein<\/p>\n\n\n\n<p><\/p>\n","protected":false},"excerpt":{"rendered":"<p>Die neue Regierung plant, den Stromverbrauch bis 2030 vollst\u00e4ndig durch erneuerbare Energien zu decken. Dennoch wurden Ma\u00dfnahmen beschlossen, die den Ausbau von Photovoltaik und Elektromobilit\u00e4t bremsen k\u00f6nnten. Neue Steuer und zus\u00e4tzliche Daumenschrauben bedr\u00e4ngen Erneuerbare und setzen \u00d6sterreichs wirtschaftliche Resilienz aufs Spiel F\u00fcr stabile und leistbare Strompreise m\u00fcssen wir umfassend in den Ausbau erneuerbarer Energien investieren [&hellip;]<\/p>\n","protected":false},"author":1,"featured_media":0,"parent":0,"menu_order":0,"comment_status":"closed","ping_status":"closed","template":"startseite","meta":{"ngg_post_thumbnail":0,"footnotes":""},"class_list":["post-2641","page","type-page","status-publish","hentry"],"_links":{"self":[{"href":"https:\/\/www.forum-klimaschutz-gmunden.at\/index.php?rest_route=\/wp\/v2\/pages\/2641","targetHints":{"allow":["GET"]}}],"collection":[{"href":"https:\/\/www.forum-klimaschutz-gmunden.at\/index.php?rest_route=\/wp\/v2\/pages"}],"about":[{"href":"https:\/\/www.forum-klimaschutz-gmunden.at\/index.php?rest_route=\/wp\/v2\/types\/page"}],"author":[{"embeddable":true,"href":"https:\/\/www.forum-klimaschutz-gmunden.at\/index.php?rest_route=\/wp\/v2\/users\/1"}],"replies":[{"embeddable":true,"href":"https:\/\/www.forum-klimaschutz-gmunden.at\/index.php?rest_route=%2Fwp%2Fv2%2Fcomments&post=2641"}],"version-history":[{"count":45,"href":"https:\/\/www.forum-klimaschutz-gmunden.at\/index.php?rest_route=\/wp\/v2\/pages\/2641\/revisions"}],"predecessor-version":[{"id":3887,"href":"https:\/\/www.forum-klimaschutz-gmunden.at\/index.php?rest_route=\/wp\/v2\/pages\/2641\/revisions\/3887"}],"wp:attachment":[{"href":"https:\/\/www.forum-klimaschutz-gmunden.at\/index.php?rest_route=%2Fwp%2Fv2%2Fmedia&parent=2641"}],"curies":[{"name":"wp","href":"https:\/\/api.w.org\/{rel}","templated":true}]}}