{"id":139,"date":"2024-04-18T12:47:23","date_gmt":"2024-04-18T10:47:23","guid":{"rendered":"http:\/\/www.forum-klimaschutz-gmunden.at\/?page_id=139"},"modified":"2025-01-25T17:50:36","modified_gmt":"2025-01-25T16:50:36","slug":"unsere-themen","status":"publish","type":"page","link":"https:\/\/www.forum-klimaschutz-gmunden.at\/?page_id=139","title":{"rendered":"Unsere Themen"},"content":{"rendered":"\n<div class=\"wp-block-cover alignfull is-light\"><span aria-hidden=\"true\" class=\"wp-block-cover__background has-background-dim\" style=\"background-color:#8195ae\"><\/span><img loading=\"lazy\" decoding=\"async\" width=\"2560\" height=\"1707\" class=\"wp-block-cover__image-background wp-image-2153\" alt=\"\" src=\"https:\/\/www.forum-klimaschutz-gmunden.at\/wp-content\/uploads\/2025\/01\/Vortr.-Muelltrennung-Copyright-C.-Auer-1-scaled.jpg\" data-object-fit=\"cover\" srcset=\"https:\/\/www.forum-klimaschutz-gmunden.at\/wp-content\/uploads\/2025\/01\/Vortr.-Muelltrennung-Copyright-C.-Auer-1-scaled.jpg 2560w, https:\/\/www.forum-klimaschutz-gmunden.at\/wp-content\/uploads\/2025\/01\/Vortr.-Muelltrennung-Copyright-C.-Auer-1-300x200.jpg 300w, https:\/\/www.forum-klimaschutz-gmunden.at\/wp-content\/uploads\/2025\/01\/Vortr.-Muelltrennung-Copyright-C.-Auer-1-1024x683.jpg 1024w, https:\/\/www.forum-klimaschutz-gmunden.at\/wp-content\/uploads\/2025\/01\/Vortr.-Muelltrennung-Copyright-C.-Auer-1-768x512.jpg 768w, https:\/\/www.forum-klimaschutz-gmunden.at\/wp-content\/uploads\/2025\/01\/Vortr.-Muelltrennung-Copyright-C.-Auer-1-1536x1024.jpg 1536w, https:\/\/www.forum-klimaschutz-gmunden.at\/wp-content\/uploads\/2025\/01\/Vortr.-Muelltrennung-Copyright-C.-Auer-1-2048x1365.jpg 2048w\" sizes=\"auto, (max-width: 2560px) 100vw, 2560px\" \/><div class=\"wp-block-cover__inner-container has-global-padding is-layout-constrained wp-block-cover-is-layout-constrained\">\n<p class=\"has-text-align-center has-base-color has-text-color has-link-color has-xx-large-font-size wp-elements-622b4c9db882ae9dbf0bde42b5cd90d1\"><strong>Unsere Themen<\/strong><\/p>\n<\/div><\/div>\n\n\n\n<div style=\"height:20px\" aria-hidden=\"true\" class=\"wp-block-spacer\"><\/div>\n\n\n\n<div style=\"height:0px\" aria-hidden=\"true\" class=\"wp-block-spacer\"><\/div>\n\n\n\n<p class=\"has-text-align-center\">Bei internen Diskussionen haben sich f\u00fcr Gmunden 6 Themenbl\u00f6cke von Bedeutung f\u00fcr den Klimaschutz und der Klimawandelanpassung herauskristallisiert. <\/p>\n\n\n\n<p class=\"has-text-align-center\">Diese Themenbl\u00f6cke sollen st\u00e4ndig erweitert und aktualisiert werden. B\u00fcrgerinnen und B\u00fcrger sind eingeladen daran mitzuarbeiten. <\/p>\n\n\n\n<div style=\"height:60px\" aria-hidden=\"true\" class=\"wp-block-spacer\"><\/div>\n\n\n\n<div class=\"wp-block-columns alignwide is-layout-flex wp-container-core-columns-is-layout-c4462de3 wp-block-columns-is-layout-flex\" style=\"padding-right:var(--wp--preset--spacing--30);padding-left:var(--wp--preset--spacing--30)\">\n<div class=\"wp-block-column has-global-padding is-content-justification-center is-layout-constrained wp-block-column-is-layout-constrained\">\n<div class=\"wp-block-outermost-icon-block items-justified-center\"><div class=\"icon-container\" style=\"width:60px;transform:rotate(0deg) scaleX(1) scaleY(1)\"><svg xmlns=\"http:\/\/www.w3.org\/2000\/svg\" viewBox=\"0 0 64 64\" xml:space=\"preserve\" style=\"fill-rule:evenodd;clip-rule:evenodd;stroke-linecap:round;stroke-linejoin:round;stroke-miterlimit:2\"><path d=\"m13 56 3.226-13.345a24.955 24.955 0 0 0-.334-12.967M19.615 13.422A16.823 16.823 0 0 1 32 8c9.308 0 16.865 7.557 16.865 16.865 0 2.436-.518 4.751-1.449 6.843a4.88 4.88 0 0 0 .456 4.886c.657 1.033 1.468 2.168 2.143 3.114a1.691 1.691 0 0 1-.966 2.624l-2.779.695-.968 5.812a2 2 0 0 1-2.301 1.643l-5.812-.968L38.486 56M37.189 49.514l-2.216-.675\" style=\"fill:none;stroke:#222a33;stroke-width:1.5px\"><\/path><path d=\"M26.727 38v-2.903c0-4.981 1.796-9.796 5.059-13.561l1.072-1.237M26.727 33.095l-.39-3.516a10.568 10.568 0 0 0-3.232-6.5l-6.187-5.865\" style=\"fill:none;stroke:#222a33;stroke-width:1.5px\"><\/path><path d=\"M24.185 24.103s1.237-4.461-1.136-8.174c-1.711-2.676-8.175-4.255-11.651-4.928A2.02 2.02 0 0 0 9 12.99c.026 2.599.631 6.856 3.831 10.296 4.974 5.348 9.4 3.27 9.4 3.27M29.207 24.512s-1.552-3.308-.196-6.51c.916-2.162 5.205-4.127 7.894-5.174a2.016 2.016 0 0 1 2.734 1.622c.236 2.056.142 5.111-1.706 7.926-3.163 4.818-6.882 3.786-6.882 3.786M21.15 21.225h-4.681M32 48l-1-1\" style=\"fill:none;stroke:#222a33;stroke-width:1.5px\"><\/path><\/svg><\/div><\/div>\n\n\n\n<p class=\"has-text-align-center\"><a href=\"https:\/\/www.forum-klimaschutz-gmunden.at\/?page_id=732\" data-type=\"page\" data-id=\"732\">Klimapolitik &#8211; Partizipation<\/a><\/p>\n\n\n\n<p class=\"has-text-align-center\">Warum ist kommunaler Klimaschutz notwendig und wie kann sich die Zivilbev\u00f6lkerung in Gmunden einbringen?<\/p>\n<\/div>\n\n\n\n<div class=\"wp-block-column has-global-padding is-layout-constrained wp-block-column-is-layout-constrained\">\n<div class=\"wp-block-outermost-icon-block aligncenter items-justified-center\"><div class=\"icon-container\" style=\"width:60px;transform:rotate(0deg) scaleX(1) scaleY(1)\"><svg xmlns=\"http:\/\/www.w3.org\/2000\/svg\" viewBox=\"0 0 64 64\" xml:space=\"preserve\" style=\"fill-rule:evenodd;clip-rule:evenodd;stroke-linecap:round;stroke-linejoin:round;stroke-miterlimit:2\"><path d=\"M8 51c3.702-2.019 7.368-3.585 11-4.701M22.764 45.301C34.185 42.752 45.261 44.695 56 51\" style=\"fill:none;stroke:#222a33;stroke-width:1.5px\"><\/path><path d=\"M34.586 44v-8.87c0-4.982 1.796-9.796 5.059-13.561l2.209-2.548M34.586 34.189l-.542-4.88a10.567 10.567 0 0 0-3.231-6.5l-7.855-7.446\" style=\"fill:none;stroke:#222a33;stroke-width:1.5px\"><\/path><path d=\"M31.573 23.53s1.466-5.289-1.347-9.69c-2.106-3.294-10.288-5.185-14.271-5.928a2.017 2.017 0 0 0-2.381 1.953c-.041 3.013.538 8.394 4.539 12.696 5.897 6.34 11.144 3.876 11.144 3.876M37.526 24.015s-1.84-3.921-.233-7.717c1.14-2.691 6.685-5.123 9.818-6.311a2.016 2.016 0 0 1 2.706 1.573c.359 2.418.407 6.336-1.948 9.922-3.75 5.712-8.157 4.488-8.157 4.488M27.975 20.119h-5.549\" style=\"fill:none;stroke:#222a33;stroke-width:1.5px\"><\/path><\/svg><\/div><\/div>\n\n\n\n<p class=\"has-text-align-center\"><a href=\"https:\/\/www.forum-klimaschutz-gmunden.at\/?page_id=776\" data-type=\"page\" data-id=\"776\">Boden &#8211; B\u00e4ume &#8211; Renaturierung<\/a><\/p>\n\n\n\n<p class=\"has-text-align-center\">Kommunen haben eine ganz besondere Verantwortung f\u00fcr Bodenschutz, gesunde B\u00e4ume und dem Schutz vor Starkregen.<\/p>\n<\/div>\n\n\n\n<div class=\"wp-block-column has-global-padding is-layout-constrained wp-block-column-is-layout-constrained\">\n<div class=\"wp-block-outermost-icon-block items-justified-center\"><div class=\"icon-container\" style=\"width:60px;transform:rotate(0deg) scaleX(1) scaleY(1)\"><svg xmlns=\"http:\/\/www.w3.org\/2000\/svg\" viewBox=\"0 0 64 64\" xml:space=\"preserve\" style=\"fill-rule:evenodd;clip-rule:evenodd;stroke-linecap:round;stroke-linejoin:round;stroke-miterlimit:2\"><path d=\"M41 15v-3.215A3.786 3.786 0 0 0 37.215 8h-10.43A3.786 3.786 0 0 0 23 11.785V15\" style=\"fill:none;stroke:#222a33;stroke-width:1.5px\"><\/path><path d=\"M56 16.778c0-.982-.796-1.778-1.778-1.778H9.778C8.796 15 8 15.796 8 16.778v1.444C8 19.204 8.796 20 9.778 20h44.444c.982 0 1.778-.796 1.778-1.778v-1.444zM14 20l2.281 32.845A3.39 3.39 0 0 0 19.662 56h24.676a3.39 3.39 0 0 0 3.381-3.155L49.653 25\" style=\"fill:none;stroke:#222a33;stroke-width:1.5px\"><\/path><path d=\"m38.902 36.3 2.006 3.475a2.155 2.155 0 0 1-1.866 3.232H32M28.501 43.007h-3.543a2.156 2.156 0 0 1-1.866-3.232l3.521-6.099M28.296 30.76l1.838-3.183a2.156 2.156 0 0 1 3.732 0l3.521 6.099\" style=\"fill:none;stroke:#222a33;stroke-width:1.5px\"><\/path><path d=\"m33.166 41.257-1.749 1.75 1.749 1.75M27.253 36.066l-.64-2.39-2.39.641M38.028 31.286l-.641 2.39-2.39-.64M17 20l1 12M18.417 37l.166 2\" style=\"fill:none;stroke:#222a33;stroke-width:1.5px\"><\/path><\/svg><\/div><\/div>\n\n\n\n<p class=\"has-text-align-center\"><a href=\"https:\/\/www.forum-klimaschutz-gmunden.at\/?page_id=857\" data-type=\"page\" data-id=\"857\">Ern\u00e4hrung &#8211; Kreislauf &#8211; Abfallwirtschaft<\/a><\/p>\n\n\n\n<p class=\"has-text-align-center\">Wie wir mit unserer Ern\u00e4hrung das Klima retten, m\u00f6glichst wenig Abfall produzieren und auch noch unsere Region f\u00f6rdern.<\/p>\n<\/div>\n<\/div>\n\n\n\n<div class=\"wp-block-columns alignwide is-layout-flex wp-container-core-columns-is-layout-88df7b71 wp-block-columns-is-layout-flex\" style=\"margin-top:var(--wp--preset--spacing--40);margin-bottom:var(--wp--preset--spacing--40);padding-right:var(--wp--preset--spacing--30);padding-left:var(--wp--preset--spacing--30)\">\n<div class=\"wp-block-column is-vertically-aligned-top has-global-padding is-content-justification-center is-layout-constrained wp-block-column-is-layout-constrained\">\n<div class=\"wp-block-outermost-icon-block items-justified-center\"><div class=\"icon-container\" style=\"width:60px;transform:rotate(0deg) scaleX(1) scaleY(1)\"><svg xmlns=\"http:\/\/www.w3.org\/2000\/svg\" viewBox=\"0 0 64 64\" xml:space=\"preserve\" style=\"fill-rule:evenodd;clip-rule:evenodd;stroke-linecap:round;stroke-linejoin:round;stroke-miterlimit:2\"><circle cx=\"32\" cy=\"32\" r=\"12\" style=\"fill:none;stroke:#222a33;stroke-width:1.5px\"><\/circle><path d=\"M39.682 35.636A8.483 8.483 0 0 1 34.2 40.21M32 16V8M40.907 16.572l2.186-3.785M48.214 23.546l3.785-2.185M48 32h8M49 41.815 52.785 44M42.269 48.214l2.185 3.785M32 48v8M23.093 47.428l-2.186 3.785M17.358 41.361l-3.785 2.185M16 32H8M18.144 24l-3.785-2.185M24.454 17.358l-2.185-3.785\" style=\"fill:none;stroke:#222a33;stroke-width:1.5px\"><\/path><\/svg><\/div><\/div>\n\n\n\n<p class=\"has-text-align-center\"><a href=\"https:\/\/www.forum-klimaschutz-gmunden.at\/?page_id=1006\" data-type=\"page\" data-id=\"1006\">Erneuerbare Energie<\/a><\/p>\n\n\n\n<p class=\"has-text-align-center\">\u00d6sterreich ist noch immer zu 2\/3 von fossiler Energie (Kohle, \u00d6l, Gas) abh\u00e4ngig. Was kann Gmunden f\u00fcr den Ausbau Erneuerbarer tun?<\/p>\n\n\n\n<div style=\"height:14px\" aria-hidden=\"true\" class=\"wp-block-spacer\"><\/div>\n<\/div>\n\n\n\n<div class=\"wp-block-column is-vertically-aligned-top has-global-padding is-layout-constrained wp-block-column-is-layout-constrained\">\n<div class=\"wp-block-outermost-icon-block items-justified-center\"><div class=\"icon-container\" style=\"width:60px;transform:rotate(0deg) scaleX(1) scaleY(1)\"><svg xmlns=\"http:\/\/www.w3.org\/2000\/svg\" viewBox=\"0 0 64 64\" xml:space=\"preserve\" style=\"fill-rule:evenodd;clip-rule:evenodd;stroke-linecap:round;stroke-linejoin:round;stroke-miterlimit:2\"><path d=\"M47.5 29.25c4.691 0 8.5 3.809 8.5 8.5s-3.809 8.5-8.5 8.5-8.5-3.809-8.5-8.5a8.505 8.505 0 0 1 4.853-7.679M24.25 41.244a8.506 8.506 0 0 1-7.75 5.006c-4.691 0-8.5-3.809-8.5-8.5s3.809-8.5 8.5-8.5 8.5 3.809 8.5 8.5M32 37.75l9-13.5H29\" style=\"fill:none;stroke:#222a33;stroke-width:1.5px\"><\/path><path d=\"M24 24.25s-7.482 13.591-7.5 13.5c-.018-.091 15.5 0 15.5 0l-11-19h5M47.5 37.75l-9.5-20h-1a2.5 2.5 0 0 0-2.5 2.5s0 0 0 0\" style=\"fill:none;stroke:#222a33;stroke-width:1.5px\"><\/path><\/svg><\/div><\/div>\n\n\n\n<p class=\"has-text-align-center\"><a href=\"https:\/\/www.forum-klimaschutz-gmunden.at\/?page_id=1118\" data-type=\"page\" data-id=\"1118\">Mobilit\u00e4tswende<\/a><\/p>\n\n\n\n<p class=\"has-text-align-center\">Der Verkehr ist der bedeutendste Energienachfragesektor. Gut 1\/3 der gesamten energetischen Endnachfrage flie\u00dft in Mobilit\u00e4t.<\/p>\n\n\n\n<div style=\"height:14px\" aria-hidden=\"true\" class=\"wp-block-spacer\"><\/div>\n<\/div>\n\n\n\n<div class=\"wp-block-column has-global-padding is-layout-constrained wp-block-column-is-layout-constrained\">\n<div class=\"wp-block-outermost-icon-block items-justified-center\"><div class=\"icon-container\" style=\"width:60px;transform:rotate(0deg) scaleX(1) scaleY(1)\"><svg xmlns=\"http:\/\/www.w3.org\/2000\/svg\" viewBox=\"0 0 64 65\" xml:space=\"preserve\" style=\"fill-rule:evenodd;clip-rule:evenodd;stroke-linecap:round;stroke-linejoin:round;stroke-miterlimit:2\"><path d=\"M42 33.927v-4.939a1.52 1.52 0 0 1 .103-.546c.162-.409.506-.734.925-.87.149-.048.304-.072.46-.072h3.024A1.486 1.486 0 0 1 48 28.988v4.309M29 35.293v-6.305a1.52 1.52 0 0 1 .103-.546c.162-.409.506-.734.925-.87.149-.048.304-.072.46-.072h3.024A1.486 1.486 0 0 1 35 28.988v5.675M16 36.659v-7.671a1.52 1.52 0 0 1 .103-.546c.162-.409.506-.734.925-.87.149-.048.304-.072.46-.072h3.024A1.486 1.486 0 0 1 22 28.988V33\" style=\"fill:none;stroke:#222a33;stroke-width:1.5px\"><\/path><path d=\"M56 35.212a2.48 2.48 0 0 0-2.74-2.468l-43.038 4.523A2.48 2.48 0 0 0 8 39.734V56.5h48V35.212z\" style=\"fill:none;stroke:#222a33;stroke-width:1.5px\"><\/path><path d=\"M12.25 42.189a.69.69 0 0 1 .689-.689h3.155a.689.689 0 0 1 .673.842l-.657 2.889a.688.688 0 0 1-.672.536h-2.499a.686.686 0 0 1-.689-.689v-2.889zM6 56.5h52M19.552 42.037a.689.689 0 0 1 .672-.537h2.587a.69.69 0 0 1 .689.689v2.889a.689.689 0 0 1-.689.689h-3.244a.687.687 0 0 1-.538-.259M19.375 49.189a.69.69 0 0 1 .689-.689h3.155a.689.689 0 0 1 .673.842l-.657 2.889a.688.688 0 0 1-.672.536h-2.499a.686.686 0 0 1-.689-.689v-2.889zm11.25 2.889a.689.689 0 0 1-.689.689h-3.244a.687.687 0 0 1-.672-.842l.657-2.888a.689.689 0 0 1 .672-.537h2.587a.69.69 0 0 1 .689.689v2.889zM48 36.659l3.307-.436A1.5 1.5 0 0 1 53 37.708V42.5M53 46.233V47.5M56.556 7.5a7.641 7.641 0 0 1 1.217 4.136v.001a7.636 7.636 0 0 1-7.636 7.636h-4.262a6.73 6.73 0 0 1-7.246 3.564 3.803 3.803 0 0 1-7.165-2.355A5.939 5.939 0 0 1 31 20.5h-3.095a5.747 5.747 0 0 1-5.972 2.651 3.251 3.251 0 1 1-5.591-3.27A6.001 6.001 0 0 1 13 14.5v-.039A6 6 0 0 1 19 8.5h8.901a7.67 7.67 0 0 1 .543-1\" style=\"fill:none;stroke:#222a33;stroke-width:1.5px\"><\/path><path d=\"M27.905 20.5s.826-1.044.095-3M38.629 22.837S37.625 22.737 36 21\" style=\"fill:none;stroke:#222a33;stroke-width:1.5px\"><\/path><\/svg><\/div><\/div>\n\n\n\n<p class=\"has-text-align-center\"><a href=\"https:\/\/www.forum-klimaschutz-gmunden.at\/?page_id=1135\" data-type=\"page\" data-id=\"1135\">Industrie &#8211; Emissionen &#8211; Zementwerk<\/a><\/p>\n\n\n\n<p class=\"has-text-align-center\">In Gmunden haben wir mit dem Zementwerk einen bedeutenden CO<sub>2<\/sub> Verursacher. Bringt eine neue Technologie auch saubere Luft?<\/p>\n<\/div>\n<\/div>\n\n\n\n<p class=\"has-text-align-center\"><strong>So sch\u00f6n k\u00f6nnte es sein&#8230; <\/strong><\/p>\n\n\n\n<p class=\"has-text-align-center\">Dar\u00fcber hinaus kann auch gr\u00f6\u00dfer gedacht werden. <br>Zum Beispiel mit Hilfe von Real-Utopien und Bildern einer besseren Zukunft.<\/p>\n\n\n\n<p class=\"has-text-align-center\"><a href=\"https:\/\/www.relevant.news\/utopien-warum-wir-dringend-mehr-traeumen-sollten\/\" target=\"_blank\" rel=\"noreferrer noopener\">Warum wir dringend mehr tr\u00e4umen sollten &#8211; relevant<\/a><strong> <\/strong><\/p>\n\n\n\n<figure class=\"wp-block-image size-full is-style-rounded is-style-rounded--1\"><img loading=\"lazy\" decoding=\"async\" width=\"1024\" height=\"576\" src=\"https:\/\/www.forum-klimaschutz-gmunden.at\/wp-content\/uploads\/2024\/09\/Real-Utopien-bazn-org-209-2.webp\" alt=\"Die Utopie einer gr\u00fcnen und nachhaltigen Welt.\" class=\"wp-image-376\" srcset=\"https:\/\/www.forum-klimaschutz-gmunden.at\/wp-content\/uploads\/2024\/09\/Real-Utopien-bazn-org-209-2.webp 1024w, https:\/\/www.forum-klimaschutz-gmunden.at\/wp-content\/uploads\/2024\/09\/Real-Utopien-bazn-org-209-2-300x169.webp 300w, https:\/\/www.forum-klimaschutz-gmunden.at\/wp-content\/uploads\/2024\/09\/Real-Utopien-bazn-org-209-2-768x432.webp 768w\" sizes=\"auto, (max-width: 1024px) 100vw, 1024px\" \/><figcaption class=\"wp-element-caption\">Bild: Zukunftsvision #209, Buntes Amt f\u00fcr Zukunft, CC BY-NC-SA 4.0<\/figcaption><\/figure>\n\n\n\n<div style=\"height:20px\" aria-hidden=\"true\" class=\"wp-block-spacer\"><\/div>\n\n\n\n<p class=\"has-text-align-center has-small-font-size\">Titelbild: Aloisia Altmanninger<\/p>\n","protected":false},"excerpt":{"rendered":"<p>Bei internen Diskussionen haben sich f\u00fcr Gmunden 6 Themenbl\u00f6cke von Bedeutung f\u00fcr den Klimaschutz und der Klimawandelanpassung herauskristallisiert. Diese Themenbl\u00f6cke sollen st\u00e4ndig erweitert und aktualisiert werden. B\u00fcrgerinnen und B\u00fcrger sind eingeladen daran mitzuarbeiten. Klimapolitik &#8211; Partizipation Warum ist kommunaler Klimaschutz notwendig und wie kann sich die Zivilbev\u00f6lkerung in Gmunden einbringen? Boden &#8211; B\u00e4ume &#8211; Renaturierung [&hellip;]<\/p>\n","protected":false},"author":1,"featured_media":0,"parent":0,"menu_order":0,"comment_status":"closed","ping_status":"closed","template":"startseite","meta":{"ngg_post_thumbnail":0,"footnotes":""},"class_list":["post-139","page","type-page","status-publish","hentry"],"_links":{"self":[{"href":"https:\/\/www.forum-klimaschutz-gmunden.at\/index.php?rest_route=\/wp\/v2\/pages\/139","targetHints":{"allow":["GET"]}}],"collection":[{"href":"https:\/\/www.forum-klimaschutz-gmunden.at\/index.php?rest_route=\/wp\/v2\/pages"}],"about":[{"href":"https:\/\/www.forum-klimaschutz-gmunden.at\/index.php?rest_route=\/wp\/v2\/types\/page"}],"author":[{"embeddable":true,"href":"https:\/\/www.forum-klimaschutz-gmunden.at\/index.php?rest_route=\/wp\/v2\/users\/1"}],"replies":[{"embeddable":true,"href":"https:\/\/www.forum-klimaschutz-gmunden.at\/index.php?rest_route=%2Fwp%2Fv2%2Fcomments&post=139"}],"version-history":[{"count":116,"href":"https:\/\/www.forum-klimaschutz-gmunden.at\/index.php?rest_route=\/wp\/v2\/pages\/139\/revisions"}],"predecessor-version":[{"id":2411,"href":"https:\/\/www.forum-klimaschutz-gmunden.at\/index.php?rest_route=\/wp\/v2\/pages\/139\/revisions\/2411"}],"wp:attachment":[{"href":"https:\/\/www.forum-klimaschutz-gmunden.at\/index.php?rest_route=%2Fwp%2Fv2%2Fmedia&parent=139"}],"curies":[{"name":"wp","href":"https:\/\/api.w.org\/{rel}","templated":true}]}}