{"id":137,"date":"2024-04-18T12:44:43","date_gmt":"2024-04-18T10:44:43","guid":{"rendered":"http:\/\/www.forum-klimaschutz-gmunden.at\/?page_id=137"},"modified":"2026-02-17T19:34:31","modified_gmt":"2026-02-17T18:34:31","slug":"aktuelles","status":"publish","type":"page","link":"https:\/\/www.forum-klimaschutz-gmunden.at\/?page_id=137","title":{"rendered":"Vortrag zur Energiewende"},"content":{"rendered":"\n<div class=\"wp-block-cover alignfull is-light\"><img loading=\"lazy\" decoding=\"async\" width=\"922\" height=\"519\" class=\"wp-block-cover__image-background wp-image-2376\" alt=\"\" src=\"https:\/\/www.forum-klimaschutz-gmunden.at\/wp-content\/uploads\/2025\/01\/PV-am-Traunsee.jpg\" data-object-fit=\"cover\" srcset=\"https:\/\/www.forum-klimaschutz-gmunden.at\/wp-content\/uploads\/2025\/01\/PV-am-Traunsee.jpg 922w, https:\/\/www.forum-klimaschutz-gmunden.at\/wp-content\/uploads\/2025\/01\/PV-am-Traunsee-300x169.jpg 300w, https:\/\/www.forum-klimaschutz-gmunden.at\/wp-content\/uploads\/2025\/01\/PV-am-Traunsee-768x432.jpg 768w\" sizes=\"auto, (max-width: 922px) 100vw, 922px\" \/><span aria-hidden=\"true\" class=\"wp-block-cover__background has-background-dim-40 has-background-dim\" style=\"background-color:#8195ae\"><\/span><div class=\"wp-block-cover__inner-container has-global-padding is-layout-constrained wp-block-cover-is-layout-constrained\">\n<h2 class=\"wp-block-heading alignfull has-text-align-center has-base-color has-text-color has-link-color has-xx-large-font-size wp-elements-6db3adbdba937c64e3b6bfdabbb6fe3b\">&#8222;<strong>Energiewende nachgerechnet<\/strong>&#8222;<\/h2>\n<\/div><\/div>\n\n\n\n<div data-wp-interactive=\"core\/file\" class=\"wp-block-file alignwide\" style=\"padding-right:var(--wp--preset--spacing--60);padding-left:var(--wp--preset--spacing--60)\"><object data-wp-bind--hidden=\"!state.hasPdfPreview\" hidden class=\"wp-block-file__embed\" data=\"https:\/\/www.forum-klimaschutz-gmunden.at\/wp-content\/uploads\/2024\/05\/Vortrag-Energiewende-Flugblatt_v3-1.pdf\" type=\"application\/pdf\" style=\"width:100%;height:600px\" aria-label=\"Einbettung von Vortrag-Energiewende-Flugblatt_v3-1.\"><\/object><a id=\"wp-block-file--media-f007fc4d-1a91-45e6-bc71-74071b5ff3b0\" href=\"https:\/\/www.forum-klimaschutz-gmunden.at\/wp-content\/uploads\/2024\/05\/Vortrag-Energiewende-Flugblatt_v3-1.pdf\">Vortrag-Energiewende-Flugblatt_v3-1<\/a><\/div>\n\n\n\n<hr class=\"wp-block-separator has-alpha-channel-opacity is-style-wide\"\/>\n\n\n\n<p>Im Vortrag wurde ein kompakter \u00dcberblick zum Status Quo und zu m\u00f6glichen Szenarien f\u00fcr einen Ausstieg aus fossiler Energie gegeben. Knapp 50 Besucher und Besucherinnen haben bei der anschlie\u00dfenden Diskussion mit konkreten Ideen und Berichten von bereits umgesetzten Projekten einen wertvollen Beitrag zur Thematik geleistet.<\/p>\n\n\n\nngg_shortcode_0_placeholder\n\n\n\n<p class=\"has-text-align-center\">Fotos von Aloisia Altmanninger<\/p>\n\n\n\n<div class=\"wp-block-buttons is-content-justification-center is-layout-flex wp-container-core-buttons-is-layout-a89b3969 wp-block-buttons-is-layout-flex\">\n<div class=\"wp-block-button is-style-fill\"><a class=\"wp-block-button__link has-base-color has-text-color has-background has-link-color wp-element-button\" style=\"background-color:#5a7396\">zur\u00fcck zur Themen-\u00dcbersicht<\/a><\/div>\n<\/div>\n\n\n\n<p><\/p>\n","protected":false},"excerpt":{"rendered":"<p>Im Vortrag wurde ein kompakter \u00dcberblick zum Status Quo und zu m\u00f6glichen Szenarien f\u00fcr einen Ausstieg aus fossiler Energie gegeben. Knapp 50 Besucher und Besucherinnen haben bei der anschlie\u00dfenden Diskussion mit konkreten Ideen und Berichten von bereits umgesetzten Projekten einen wertvollen Beitrag zur Thematik geleistet. Fotos von Aloisia Altmanninger<\/p>\n","protected":false},"author":1,"featured_media":0,"parent":0,"menu_order":0,"comment_status":"closed","ping_status":"closed","template":"startseite","meta":{"ngg_post_thumbnail":0,"footnotes":""},"class_list":["post-137","page","type-page","status-publish","hentry"],"_links":{"self":[{"href":"https:\/\/www.forum-klimaschutz-gmunden.at\/index.php?rest_route=\/wp\/v2\/pages\/137","targetHints":{"allow":["GET"]}}],"collection":[{"href":"https:\/\/www.forum-klimaschutz-gmunden.at\/index.php?rest_route=\/wp\/v2\/pages"}],"about":[{"href":"https:\/\/www.forum-klimaschutz-gmunden.at\/index.php?rest_route=\/wp\/v2\/types\/page"}],"author":[{"embeddable":true,"href":"https:\/\/www.forum-klimaschutz-gmunden.at\/index.php?rest_route=\/wp\/v2\/users\/1"}],"replies":[{"embeddable":true,"href":"https:\/\/www.forum-klimaschutz-gmunden.at\/index.php?rest_route=%2Fwp%2Fv2%2Fcomments&post=137"}],"version-history":[{"count":36,"href":"https:\/\/www.forum-klimaschutz-gmunden.at\/index.php?rest_route=\/wp\/v2\/pages\/137\/revisions"}],"predecessor-version":[{"id":3781,"href":"https:\/\/www.forum-klimaschutz-gmunden.at\/index.php?rest_route=\/wp\/v2\/pages\/137\/revisions\/3781"}],"wp:attachment":[{"href":"https:\/\/www.forum-klimaschutz-gmunden.at\/index.php?rest_route=%2Fwp%2Fv2%2Fmedia&parent=137"}],"curies":[{"name":"wp","href":"https:\/\/api.w.org\/{rel}","templated":true}]}}