{"id":1135,"date":"2024-11-05T12:45:13","date_gmt":"2024-11-05T11:45:13","guid":{"rendered":"https:\/\/www.forum-klimaschutz-gmunden.at\/?page_id=1135"},"modified":"2026-04-03T19:54:15","modified_gmt":"2026-04-03T17:54:15","slug":"industrie-produzierender-sektor","status":"publish","type":"page","link":"https:\/\/www.forum-klimaschutz-gmunden.at\/?page_id=1135","title":{"rendered":"Industrie &#8211; Emissionen &#8211;  Zementwerk"},"content":{"rendered":"\n<div class=\"wp-block-cover alignfull is-light\"><img loading=\"lazy\" decoding=\"async\" width=\"1024\" height=\"576\" class=\"wp-block-cover__image-background wp-image-3946 size-large\" alt=\"\" src=\"https:\/\/www.forum-klimaschutz-gmunden.at\/wp-content\/uploads\/2026\/04\/20260403_164714-2-1024x576.jpg\" data-object-fit=\"cover\" srcset=\"https:\/\/www.forum-klimaschutz-gmunden.at\/wp-content\/uploads\/2026\/04\/20260403_164714-2-1024x576.jpg 1024w, https:\/\/www.forum-klimaschutz-gmunden.at\/wp-content\/uploads\/2026\/04\/20260403_164714-2-300x169.jpg 300w, https:\/\/www.forum-klimaschutz-gmunden.at\/wp-content\/uploads\/2026\/04\/20260403_164714-2-768x432.jpg 768w, https:\/\/www.forum-klimaschutz-gmunden.at\/wp-content\/uploads\/2026\/04\/20260403_164714-2-1536x864.jpg 1536w, https:\/\/www.forum-klimaschutz-gmunden.at\/wp-content\/uploads\/2026\/04\/20260403_164714-2-2048x1152.jpg 2048w\" sizes=\"auto, (max-width: 1024px) 100vw, 1024px\" \/><span aria-hidden=\"true\" class=\"wp-block-cover__background has-background-dim\" style=\"background-color:#838b92\"><\/span><div class=\"wp-block-cover__inner-container has-global-padding is-layout-constrained wp-block-cover-is-layout-constrained\">\n<h2 class=\"wp-block-heading alignwide has-text-align-center has-base-color has-text-color has-link-color has-xx-large-font-size wp-elements-9babc072980999ff9e1f1c8db9784998\"><strong>Industrie &#8211; Emissionen &#8211; Zementwerk<\/strong><\/h2>\n<\/div><\/div>\n\n\n\n<div style=\"height:22px\" aria-hidden=\"true\" class=\"wp-block-spacer\"><\/div>\n\n\n\n<p class=\"has-text-align-center\">1\/3 der \u00f6sterreichischen Gesamtemissionen entf\u00e4llt auf die Industrie.<br>Somit ist die Industrie der Sektor mit den h\u00f6chsten Treibhausgas-Emissionen in \u00d6sterreich. Im Betrachtungszeitraum 1990 &#8211; 2022 ist es nicht gelungen die Emissionen zu reduzieren. Ober\u00f6sterreich produziert durch die hier ans\u00e4ssige Industrie besonders viele Emissionen .<\/p>\n\n\n\n<figure data-wp-context=\"{&quot;imageId&quot;:&quot;6a078e6ce4ab3&quot;}\" data-wp-interactive=\"core\/image\" data-wp-key=\"6a078e6ce4ab3\" class=\"wp-block-image size-large wp-lightbox-container\"><img loading=\"lazy\" decoding=\"async\" width=\"1024\" height=\"966\" data-wp-class--hide=\"state.isContentHidden\" data-wp-class--show=\"state.isContentVisible\" data-wp-init=\"callbacks.setButtonStyles\" data-wp-on--click=\"actions.showLightbox\" data-wp-on--load=\"callbacks.setButtonStyles\" data-wp-on-window--resize=\"callbacks.setButtonStyles\" src=\"https:\/\/www.forum-klimaschutz-gmunden.at\/wp-content\/uploads\/2024\/11\/share-1024x966.jpg\" alt=\"\" class=\"wp-image-1161\" srcset=\"https:\/\/www.forum-klimaschutz-gmunden.at\/wp-content\/uploads\/2024\/11\/share-1024x966.jpg 1024w, https:\/\/www.forum-klimaschutz-gmunden.at\/wp-content\/uploads\/2024\/11\/share-300x283.jpg 300w, https:\/\/www.forum-klimaschutz-gmunden.at\/wp-content\/uploads\/2024\/11\/share-768x725.jpg 768w, https:\/\/www.forum-klimaschutz-gmunden.at\/wp-content\/uploads\/2024\/11\/share-1536x1450.jpg 1536w, https:\/\/www.forum-klimaschutz-gmunden.at\/wp-content\/uploads\/2024\/11\/share-2048x1933.jpg 2048w, https:\/\/www.forum-klimaschutz-gmunden.at\/wp-content\/uploads\/2024\/11\/share-600x566.jpg 600w\" sizes=\"auto, (max-width: 1024px) 100vw, 1024px\" \/><button\n\t\t\tclass=\"lightbox-trigger\"\n\t\t\ttype=\"button\"\n\t\t\taria-haspopup=\"dialog\"\n\t\t\taria-label=\"Vergr\u00f6\u00dfern\"\n\t\t\tdata-wp-init=\"callbacks.initTriggerButton\"\n\t\t\tdata-wp-on--click=\"actions.showLightbox\"\n\t\t\tdata-wp-style--right=\"state.imageButtonRight\"\n\t\t\tdata-wp-style--top=\"state.imageButtonTop\"\n\t\t>\n\t\t\t<svg xmlns=\"http:\/\/www.w3.org\/2000\/svg\" width=\"12\" height=\"12\" fill=\"none\" viewBox=\"0 0 12 12\">\n\t\t\t\t<path fill=\"#fff\" d=\"M2 0a2 2 0 0 0-2 2v2h1.5V2a.5.5 0 0 1 .5-.5h2V0H2Zm2 10.5H2a.5.5 0 0 1-.5-.5V8H0v2a2 2 0 0 0 2 2h2v-1.5ZM8 12v-1.5h2a.5.5 0 0 0 .5-.5V8H12v2a2 2 0 0 1-2 2H8Zm2-12a2 2 0 0 1 2 2v2h-1.5V2a.5.5 0 0 0-.5-.5H8V0h2Z\" \/>\n\t\t\t<\/svg>\n\t\t<\/button><\/figure>\n\n\n\n<p>Detaillierte Darstellungen der Emissionen sind im <a href=\"https:\/\/klimadashboard.at\/\" target=\"_blank\" rel=\"noreferrer noopener\">Klimadashboard \u00d6sterreich<\/a> ersichtlich.<\/p>\n\n\n\n<blockquote class=\"wp-block-quote alignwide is-layout-flow wp-block-quote-is-layout-flow\">\n<h4 class=\"wp-block-heading has-text-align-center\"><em>Klimaneutralit\u00e4t sollte in erster Linie durch&nbsp;Ma\u00dfnahmen zur Minderung und Vermeidung von Treibhausgas-Emissionen erreicht werden<\/em><\/h4>\n<\/blockquote>\n\n\n\n<p>Trotz Ma\u00dfnahmen zur Treibhausgas-Reduktion wird ein Rest an schwer bzw.&nbsp;nicht vermeidbaren THG-Emissionen&nbsp;\u00fcbrig bleiben. Welche L\u00f6sungsans\u00e4tze f\u00fcr diese Restemissionen gibt es? Welche sind in Entwicklung? Mit dieser Thematik befasst sich die <a href=\"https:\/\/www.bmf.gv.at\/themen\/klimapolitik\/carbon_management.html\" target=\"_blank\" rel=\"noreferrer noopener\">Carbon Management<\/a>Strategie&nbsp;(CMS).<\/p>\n\n\n\n<p><strong>Zementwerk Gmunden<\/strong><br>In Gmunden haben wir mit dem Zementwerk ein Paradebeispiel f\u00fcr die Anwendung von Carbon Management. Bei der Produktion von Zement fallen enorme Mengen von CO<sub>2<\/sub> an. <\/p>\n\n\n\n<p>Mehr dazu: <br><a href=\"https:\/\/futurezone.at\/science\/zement-klimaschutz-co2-rueckgewinnung-emissionen-treibhausgase-beton-gmunden\/402836656\" target=\"_blank\" rel=\"noreferrer noopener\">So soll die Zementproduktion CO<sub>2<\/sub>-neutral werden (futurezone.at)<\/a><\/p>\n\n\n\n<div data-wp-interactive=\"core\/file\" class=\"wp-block-file alignwide\" style=\"margin-top:0;margin-right:0;margin-bottom:0;margin-left:0;padding-top:var(--wp--preset--spacing--30);padding-right:var(--wp--preset--spacing--60);padding-bottom:var(--wp--preset--spacing--30);padding-left:var(--wp--preset--spacing--60)\"><object data-wp-bind--hidden=\"!state.hasPdfPreview\" hidden class=\"wp-block-file__embed\" data=\"https:\/\/www.forum-klimaschutz-gmunden.at\/wp-content\/uploads\/2024\/11\/2023_09_13_BMF_CMS_Stakeholderdialog_Leibinger_Final.pdf\" type=\"application\/pdf\" style=\"width:100%;height:640px\" aria-label=\"Einbettung von 2023_09_13_BMF_CMS_Stakeholderdialog_Leibinger_Final.\"><\/object><a id=\"wp-block-file--media-e918d1ac-1a47-4bea-8657-fd8279c7e1f7\" href=\"https:\/\/www.forum-klimaschutz-gmunden.at\/wp-content\/uploads\/2024\/11\/2023_09_13_BMF_CMS_Stakeholderdialog_Leibinger_Final.pdf\">2023_09_13_BMF_CMS_Stakeholderdialog_Leibinger_Final<\/a><\/div>\n\n\n\n<p><strong>Geruchs- und L\u00e4rmbel\u00e4stigungen<\/strong><br><br>Eine CO<sub>2<\/sub>-Abscheidung bei der Zementproduktion sollte auch im Interesse der B\u00fcrger und B\u00fcrgerinnen sein. Bei einem anderen Punkt gehen jedoch die Interessen des Zementwerks und die der Gemeinde auseinander. Seit dem Fr\u00fchjahr 2019 klagen Anrainer \u00fcber massive Geruchs- und<strong> <\/strong>L\u00e4rmbel\u00e4stigungen. Anrainer taten sich zusammen und gr\u00fcndeten einen <a href=\"https:\/\/www.salzi.at\/2022\/02\/buergerbeirat-zementwerk-aeussert-sich-zu-neuem-kamin-und-emissionen\/\">B\u00fcrgerbeirat<\/a>, dessen Sprecher der Altm\u00fcnsterer Gerhard Plasser ist. <\/p>\n\n\n\n<p>Im jahrelangen Rechtsstreit um eine Vereinbarung aus dem Jahr 1996 zwischen dem Zementwerk Gmunden und den vier Gemeinden Pinsdorf, Ohlsdorf, Gmunden und Altm\u00fcnster gibt es nun ein klares Urteil: <a href=\"https:\/\/www.salzi.at\/2025\/04\/zementwerk-vereinbarung-bleibt-gueltig-gemeinden-gewinnen-rechtsstreit\/\">Zementwerk-Vereinbarung bleibt g\u00fcltig: Gemeinden gewinnen Rechtsstreit &#8211; salzi.at<\/a><\/p>\n\n\n\n<p>Die Vereinbarung von 1996 verpflichtet das Zementwerk gegen\u00fcber den Gemeinden, \u00fcber das gesetzliche Minimum hinausgehende Emissionsschutz- und Umwelttechnologien anzuwenden, die beste verf\u00fcgbare Technik einzusetzen und bestimmte Brennstoff-Importe zu vermeiden.<\/p>\n\n\n\n<p>B\u00fcrgermeister Stefan Krapf zeigt sich erfreut \u00fcber das Urteil: &#8222;Dies ist ein wichtiger Schritt in Richtung Transparenz und Mitbestimmung. Nun ist der Zeitpunkt gekommen, um offen aufeinander zuzugehen und mit dem Zementwerk Hatschek in einen konstruktiven Dialog zu treten sowie au\u00dfergerichtlich an gemeinsamen Konzepten und L\u00f6sungen zu arbeiten. Ein offenes und ehrliches Miteinander ist uns Gemeinden sehr wichtig und soll die Basis f\u00fcr ein effizientes Wirken zum Wohle der B\u00fcrgerinnen und B\u00fcrger sein\u201c, so Krapf.&nbsp;<\/p>\n\n\n\n<div style=\"height:20px\" aria-hidden=\"true\" class=\"wp-block-spacer\"><\/div>\n\n\n\n<div class=\"wp-block-buttons is-content-justification-center is-layout-flex wp-container-core-buttons-is-layout-a89b3969 wp-block-buttons-is-layout-flex\">\n<div class=\"wp-block-button\"><a class=\"wp-block-button__link has-base-color has-text-color has-link-color wp-element-button\" href=\"https:\/\/www.forum-klimaschutz-gmunden.at\/?page_id=139\">zur\u00fcck zur Themen-\u00dcbersicht<\/a><\/div>\n<\/div>\n\n\n\n<p class=\"has-text-align-center has-small-font-size\">Titelbild: Christian Auer<\/p>\n\n\n\n<p><\/p>\n","protected":false},"excerpt":{"rendered":"<p>1\/3 der \u00f6sterreichischen Gesamtemissionen entf\u00e4llt auf die Industrie.Somit ist die Industrie der Sektor mit den h\u00f6chsten Treibhausgas-Emissionen in \u00d6sterreich. Im Betrachtungszeitraum 1990 &#8211; 2022 ist es nicht gelungen die Emissionen zu reduzieren. Ober\u00f6sterreich produziert durch die hier ans\u00e4ssige Industrie besonders viele Emissionen . Detaillierte Darstellungen der Emissionen sind im Klimadashboard \u00d6sterreich ersichtlich. Klimaneutralit\u00e4t sollte in [&hellip;]<\/p>\n","protected":false},"author":1,"featured_media":0,"parent":0,"menu_order":0,"comment_status":"closed","ping_status":"closed","template":"startseite","meta":{"ngg_post_thumbnail":0,"footnotes":""},"class_list":["post-1135","page","type-page","status-publish","hentry"],"_links":{"self":[{"href":"https:\/\/www.forum-klimaschutz-gmunden.at\/index.php?rest_route=\/wp\/v2\/pages\/1135","targetHints":{"allow":["GET"]}}],"collection":[{"href":"https:\/\/www.forum-klimaschutz-gmunden.at\/index.php?rest_route=\/wp\/v2\/pages"}],"about":[{"href":"https:\/\/www.forum-klimaschutz-gmunden.at\/index.php?rest_route=\/wp\/v2\/types\/page"}],"author":[{"embeddable":true,"href":"https:\/\/www.forum-klimaschutz-gmunden.at\/index.php?rest_route=\/wp\/v2\/users\/1"}],"replies":[{"embeddable":true,"href":"https:\/\/www.forum-klimaschutz-gmunden.at\/index.php?rest_route=%2Fwp%2Fv2%2Fcomments&post=1135"}],"version-history":[{"count":57,"href":"https:\/\/www.forum-klimaschutz-gmunden.at\/index.php?rest_route=\/wp\/v2\/pages\/1135\/revisions"}],"predecessor-version":[{"id":3963,"href":"https:\/\/www.forum-klimaschutz-gmunden.at\/index.php?rest_route=\/wp\/v2\/pages\/1135\/revisions\/3963"}],"wp:attachment":[{"href":"https:\/\/www.forum-klimaschutz-gmunden.at\/index.php?rest_route=%2Fwp%2Fv2%2Fmedia&parent=1135"}],"curies":[{"name":"wp","href":"https:\/\/api.w.org\/{rel}","templated":true}]}}