{"id":1118,"date":"2024-11-12T20:58:33","date_gmt":"2024-11-12T19:58:33","guid":{"rendered":"https:\/\/www.forum-klimaschutz-gmunden.at\/?page_id=1118"},"modified":"2025-09-11T17:57:50","modified_gmt":"2025-09-11T15:57:50","slug":"mobilitaetswende","status":"publish","type":"page","link":"https:\/\/www.forum-klimaschutz-gmunden.at\/?page_id=1118","title":{"rendered":"Mobilit\u00e4tswende"},"content":{"rendered":"\n<div class=\"wp-block-cover alignfull is-light\"><img loading=\"lazy\" decoding=\"async\" width=\"1280\" height=\"417\" class=\"wp-block-cover__image-background wp-image-2261\" alt=\"\" src=\"https:\/\/www.forum-klimaschutz-gmunden.at\/wp-content\/uploads\/2025\/01\/1280px-ET131_Trauntor_Gmunden-4.jpg\" data-object-fit=\"cover\" srcset=\"https:\/\/www.forum-klimaschutz-gmunden.at\/wp-content\/uploads\/2025\/01\/1280px-ET131_Trauntor_Gmunden-4.jpg 1280w, https:\/\/www.forum-klimaschutz-gmunden.at\/wp-content\/uploads\/2025\/01\/1280px-ET131_Trauntor_Gmunden-4-300x98.jpg 300w, https:\/\/www.forum-klimaschutz-gmunden.at\/wp-content\/uploads\/2025\/01\/1280px-ET131_Trauntor_Gmunden-4-1024x334.jpg 1024w, https:\/\/www.forum-klimaschutz-gmunden.at\/wp-content\/uploads\/2025\/01\/1280px-ET131_Trauntor_Gmunden-4-768x250.jpg 768w\" sizes=\"auto, (max-width: 1280px) 100vw, 1280px\" \/><span aria-hidden=\"true\" class=\"wp-block-cover__background has-background-dim-40 has-background-dim\" style=\"background-color:#8195ae\"><\/span><div class=\"wp-block-cover__inner-container has-global-padding is-layout-constrained wp-block-cover-is-layout-constrained\">\n<h2 class=\"wp-block-heading has-text-align-center has-base-color has-text-color has-link-color has-xx-large-font-size wp-elements-2b5b6c0fce83f23d1a5b88d70ed55c99\"><strong>Mobilit\u00e4tswende<\/strong><\/h2>\n<\/div><\/div>\n\n\n\n<div style=\"height:21px\" aria-hidden=\"true\" class=\"wp-block-spacer\"><\/div>\n\n\n\n<p class=\"has-text-align-center\">Was w\u00fcnschen sich die Menschen in \u00d6sterreich? <br>Ganz oben steht der Verkehr, mit einem breiten Wunsch nach \u00d6ffis. Die Menschen fordern ein alltagstaugliches, g\u00fcnstiges Angebot f\u00fcr den Umstieg auf \u00d6ffis.&#8220; (Zukunftsplan der Bev\u00f6lkerung, Seite 10)<\/p>\n\n\n\n<div data-wp-interactive=\"core\/file\" class=\"wp-block-file alignwide\"><object data-wp-bind--hidden=\"!state.hasPdfPreview\" hidden class=\"wp-block-file__embed\" data=\"https:\/\/www.forum-klimaschutz-gmunden.at\/wp-content\/uploads\/2024\/11\/Zukunftsplan-der-Bevoelkerung-Zukunftsallianz-1.pdf\" type=\"application\/pdf\" style=\"width:100%;height:600px\" aria-label=\"Einbettung von Zukunftsplan-der-Bevoelkerung-Zukunftsallianz.\"><\/object><a id=\"wp-block-file--media-de5a0b6d-1297-4503-a527-d9a744a4854c\" href=\"https:\/\/www.forum-klimaschutz-gmunden.at\/wp-content\/uploads\/2024\/11\/Zukunftsplan-der-Bevoelkerung-Zukunftsallianz-1.pdf\">Zukunftsplan-der-Bevoelkerung-Zukunftsallianz<\/a><a href=\"https:\/\/www.forum-klimaschutz-gmunden.at\/wp-content\/uploads\/2024\/11\/Zukunftsplan-der-Bevoelkerung-Zukunftsallianz-1.pdf\" class=\"wp-block-file__button wp-element-button\" download aria-describedby=\"wp-block-file--media-de5a0b6d-1297-4503-a527-d9a744a4854c\">Herunterladen<\/a><\/div>\n\n\n\n<p class=\"has-text-align-left\">Demnach ist die Bev\u00f6lkerung bereit zum Umstieg auf alltagstaugliche, g\u00fcnstige \u00d6ffis. Insbesondere f\u00fcr Bev\u00f6lkerungsgruppen ohne Auto bedeuten diese Ma\u00dfnahmen auch eine Verbesserung der Erreichbarkeit.<\/p>\n\n\n\n<p>41 % des Energiebedarfs von Gmunden gehen auf Kosten des Verkehrs. Dieser verursacht 39 % der CO<sub>2<\/sub>-Emissionen. Das sind ca. 55.000 t CO<sub>2<\/sub>. <br>(Jahresbericht 2023; 1. Evaluierung der Klimastrategie Gmunden, Seite 19)<\/p>\n\n\n\n<p>Daraus geht klar hervor, dass dem Verkehr besonders viel Augenmerk zukommen muss. <\/p>\n\n\n\n<div style=\"height:20px\" aria-hidden=\"true\" class=\"wp-block-spacer\"><\/div>\n\n\n\n<h4 class=\"wp-block-heading has-text-align-center\">Besondere Herausforderungen f\u00fcr Gmunden<\/h4>\n\n\n\n<ul class=\"wp-block-list\">\n<li><strong>Pendlerstadt:<\/strong><br>Viele Bewohner pendeln nach Linz, V\u00f6cklabruck oder Bad Ischl.  Emissionsminderung durch bessere \u00d6ffi-Anbindung (z. B. Traunseetram, Bahn nach Attnang-Puchheim) ist zentral.<\/li>\n\n\n\n<li><strong>Tourismusverkehr:<\/strong> <br>Der Gro\u00dfteil der G\u00e4ste reist mit dem Pkw an. F\u00fcr Gmunden bedeutet das hohe CO\u2082-Emissionen und Parkplatzprobleme. Empfehlung: klimafreundliche Anreise f\u00f6rdern (Bahn, Shuttle, E-Mobilit\u00e4t).<\/li>\n\n\n\n<li><strong>Raumplanung:<\/strong><br>Zersiedelung und Einfamilienhausgebiete erh\u00f6hen die Pkw-Abh\u00e4ngigkeit. Empfehlung: dichte, multifunktionale Siedlungsstrukturen, um Verkehr zu reduzieren.<\/li>\n\n\n\n<li><strong>Gesundheit &amp; Lebensqualit\u00e4t:<\/strong><br>L\u00e4rm- und Abgasbelastungen durch Stra\u00dfenverkehr betreffen die Bev\u00f6lkerung. Ma\u00dfnahmen wie Temporeduktion, F\u00f6rderung von Rad- und Fu\u00dfwegen, Verkehrsberuhigung in Uferzonen sind f\u00fcr Gmunden besonders relevant.<\/li>\n<\/ul>\n\n\n\n<p>Die Gemeinde hat daher bereits Ma\u00dfnahmen umgesetzt bzw. sind diese in Umsetzung. Mehr dazu in der ersten Evaluierung der Klimastrategie auf Seite 30 und 31.<\/p>\n\n\n\n<div data-wp-interactive=\"core\/file\" class=\"wp-block-file alignwide\"><object data-wp-bind--hidden=\"!state.hasPdfPreview\" hidden class=\"wp-block-file__embed\" data=\"https:\/\/www.forum-klimaschutz-gmunden.at\/wp-content\/uploads\/2024\/11\/Klimafreundliche-Mobilitaet.pdf\" type=\"application\/pdf\" style=\"width:100%;height:600px\" aria-label=\"Einbettung von Klimafreundliche Mobilit\u00e4t.\"><\/object><a id=\"wp-block-file--media-4099e23e-7a46-4d47-b9af-7553436e06fe\" href=\"https:\/\/www.forum-klimaschutz-gmunden.at\/wp-content\/uploads\/2024\/11\/Klimafreundliche-Mobilitaet.pdf\">Klimafreundliche Mobilit\u00e4t<\/a><a href=\"https:\/\/www.forum-klimaschutz-gmunden.at\/wp-content\/uploads\/2024\/11\/Klimafreundliche-Mobilitaet.pdf\" class=\"wp-block-file__button wp-element-button\" download aria-describedby=\"wp-block-file--media-4099e23e-7a46-4d47-b9af-7553436e06fe\">Herunterladen<\/a><\/div>\n\n\n\n<div style=\"height:20px\" aria-hidden=\"true\" class=\"wp-block-spacer\"><\/div>\n\n\n\n<h4 class=\"wp-block-heading has-text-align-center\">Gmunden will zu Tempo 50 zur\u00fcck!<\/h4>\n\n\n\n<p>2025, in einem der hei\u00dfesten Jahre der Messgeschichte, \u00fcberlegt Gmunden ernsthaft <a href=\"https:\/\/www.forum-klimaschutz-gmunden.at\/?page_id=3192\" data-type=\"page\" data-id=\"3192\">Tempo 40 aufzuheben<\/a> und Tempo 50 wieder einzuf\u00fchren. Damit w\u00fcrde ein Meilenstein der Gmundner Klimastrategie im Verkehrssektor gekippt werden.<\/p>\n\n\n\n<div style=\"height:20px\" aria-hidden=\"true\" class=\"wp-block-spacer\"><\/div>\n\n\n\n<h4 class=\"wp-block-heading has-text-align-center\">Schnupperticket f\u00fcr Gmunden<\/h4>\n\n\n\n<figure class=\"wp-block-image size-full\"><a href=\"https:\/\/www.schnupperticket.at\/Home\" target=\"_blank\" rel=\" noreferrer noopener\"><img loading=\"lazy\" decoding=\"async\" width=\"998\" height=\"284\" src=\"https:\/\/www.forum-klimaschutz-gmunden.at\/wp-content\/uploads\/2025\/03\/image.png\" alt=\"\" class=\"wp-image-2586\" srcset=\"https:\/\/www.forum-klimaschutz-gmunden.at\/wp-content\/uploads\/2025\/03\/image.png 998w, https:\/\/www.forum-klimaschutz-gmunden.at\/wp-content\/uploads\/2025\/03\/image-300x85.png 300w, https:\/\/www.forum-klimaschutz-gmunden.at\/wp-content\/uploads\/2025\/03\/image-768x219.png 768w\" sizes=\"auto, (max-width: 998px) 100vw, 998px\" \/><\/a><\/figure>\n\n\n\n<p>Das Schnupperticket der Stadtgemeinde Gmunden ist eine Monatskarte des Ober\u00f6sterreichischen Verkehrsverbundes (O\u00d6VV), das von den Gemeindeb\u00fcrgerInnen bei der B\u00fcrgerservicestelle (Am Graben 2, 4810 Gmunden) entliehen werden kann.<\/p>\n\n\n\n<p>Mit dem O\u00d6VV-Schnupperticket k\u00f6nnen die Gmundner B\u00fcrgerinnen und B\u00fcrger Bus und Bahn auf zwei verschiedenen Strecken nutzen:<br>1. zwischen Gmunden und Linz (einschlie\u00dflich der \u00f6ffentlichen Verkehrsmittel in der Linzer Kernzone und P\u00f6stlingberg) und<br>2. zwischen Gmunden und Bad Ischl.<br>Die Stra\u00dfenbahnlinien zum und vom Bahnhof sind ebenfalls im Schnupperticket inkludiert.  <a href=\"https:\/\/www.schnupperticket.at\/gmunden\">Schnupperticket-Reservierung<\/a><\/p>\n\n\n\n<div style=\"height:20px\" aria-hidden=\"true\" class=\"wp-block-spacer\"><\/div>\n\n\n\n<h4 class=\"wp-block-heading has-text-align-center\">Das Forum darf auch mal weiter denken <br>Verkehrs-Utopien f\u00fcr Gmunden<\/h4>\n\n\n\n<p>Die gr\u00f6\u00dfte Errungenschaft der Gmundner Verkehrspolitik der letzten Jahrzehnte war 2018 die Fertigstellung der <strong>Verbindung von Gmundner Stra\u00dfenbahn und Regionalbahn Gmunden &#8211; Vorchdorf<\/strong>. War dieses Projekt am Anfang umstritten, so ist es jetzt ein Sinnbild von moderner, klimafreundlicher Mobilit\u00e4t und verleiht Gmunden ein beinahe gro\u00dfst\u00e4dtisches Flair.<\/p>\n\n\n\n<p>Warum nicht die <strong>Stra\u00dfenbahn bis nach Altm\u00fcnster<\/strong> verl\u00e4ngern? Eine Weiche bei der Bezirkshauptmannschaft Gmunden und geradeaus dem See entlang bis nach Altm\u00fcnster. Eigentlich ist das keine Utopie, denn Stern &amp; Hafferl hatte schon vor 100 Jahren einen fertigen Plan daf\u00fcr ausgearbeitet. Man stelle sich nur vor: Haltestellen Yachtclub, Orter Kreuzung, Strandbad, Solarbad Altm\u00fcnster und Altm\u00fcnster Marktstra\u00dfe! Das klingt nach Gr\u00fcnderzeit und bietet gro\u00dfe Entwicklungschancen f\u00fcr die zusammenwachsenden Gemeinden Gmunden und Altm\u00fcnster.<\/p>\n\n\n\n<figure class=\"wp-block-image size-full\"><img loading=\"lazy\" decoding=\"async\" width=\"779\" height=\"288\" src=\"https:\/\/www.forum-klimaschutz-gmunden.at\/wp-content\/uploads\/2025\/03\/image.jpeg\" alt=\"\" class=\"wp-image-2588\" srcset=\"https:\/\/www.forum-klimaschutz-gmunden.at\/wp-content\/uploads\/2025\/03\/image.jpeg 779w, https:\/\/www.forum-klimaschutz-gmunden.at\/wp-content\/uploads\/2025\/03\/image-300x111.jpeg 300w, https:\/\/www.forum-klimaschutz-gmunden.at\/wp-content\/uploads\/2025\/03\/image-768x284.jpeg 768w\" sizes=\"auto, (max-width: 779px) 100vw, 779px\" \/><\/figure>\n\n\n\n<p>1928: Endhaltestelle Altm\u00fcnster<\/p>\n\n\n\n<p>Warum nicht noch weiter denken und die <strong>Verbindung Gmunden &#8211; Lambach <\/strong>wieder herstellen? Die Trasse ist noch vorhanden! So kann man den Pendlerinnen und Pendlern zu den Industriegebieten Laakirchen und Steyrerm\u00fchl an attraktives Angebot zur Benutzung von \u00d6ffis machen und umgekehrt den Sch\u00fclerinnen und Sch\u00fcler den Weg nach Gmunden bzw. zum See bequem und sicher erm\u00f6glichen. Der Handel und die Gastronomie profitiert durch die Erweiterung des Einzugsgebietes jedenfalls.<\/p>\n\n\n\n<p>Im gleichen Ma\u00dfe wie der \u00f6ffentliche Verkehr erweitert wird <strong>soll der motorisierte Individualverkehr eingeschr\u00e4nkt werden<\/strong>. Wer ins Stadtgebiet will, soll das weiterhin mit einem E-Auto k\u00f6nnen. Benziner und Diesel m\u00fcssen umsteigen auf \u00f6ffentliche Verkehrsmittel.<\/p>\n\n\n\n<p>Gmunden ist durch die fr\u00fche Erschlie\u00dfung der Wasserkraft eine Stadt der Elektrizit\u00e4t. <strong>Ein Umstieg auf E-Mobilit\u00e4t ist daher auch in der Tradition der Energieversorgung der Stadt<\/strong>. Der Ausbau von Ladestationen, der Bau von Solarkraftwerken (z.B. auf einer Insel am See) und \u00f6ffentliche Verkehrsmittel (Bahn, Bus, Schiff und Seilbahn) die mit erneuerbarer Energie betrieben werden, geben der Stadt ein modernes, klimafreundliches Image.<\/p>\n\n\n\n<p>Haben Sie schon Bilder dazu im Kopf? Oder weitere klimafreundliche Utopien f\u00fcr Gmunden?<\/p>\n\n\n\n<p>Haltestelle &#8222;Strandbad&#8220; fehlt im folgenden Plan leider noch \ud83d\ude42 <\/p>\n\n\n\n<div data-wp-interactive=\"core\/file\" class=\"wp-block-file alignwide\"><object data-wp-bind--hidden=\"!state.hasPdfPreview\" hidden class=\"wp-block-file__embed\" data=\"https:\/\/www.forum-klimaschutz-gmunden.at\/wp-content\/uploads\/2025\/02\/liniennetzplan-stadtverkehr-gmunden.pdf\" type=\"application\/pdf\" style=\"width:100%;height:600px\" aria-label=\"Einbettung von liniennetzplan-stadtverkehr-gmunden.\"><\/object><a id=\"wp-block-file--media-87a06991-ba14-4917-a574-72b0053bac87\" href=\"https:\/\/www.forum-klimaschutz-gmunden.at\/wp-content\/uploads\/2025\/02\/liniennetzplan-stadtverkehr-gmunden.pdf\">liniennetzplan-stadtverkehr-gmunden<\/a><a href=\"https:\/\/www.forum-klimaschutz-gmunden.at\/wp-content\/uploads\/2025\/02\/liniennetzplan-stadtverkehr-gmunden.pdf\" class=\"wp-block-file__button wp-element-button\" download aria-describedby=\"wp-block-file--media-87a06991-ba14-4917-a574-72b0053bac87\">Herunterladen<\/a><\/div>\n\n\n\n<div style=\"height:20px\" aria-hidden=\"true\" class=\"wp-block-spacer\"><\/div>\n\n\n\n<div class=\"wp-block-buttons is-content-justification-center is-layout-flex wp-container-core-buttons-is-layout-a89b3969 wp-block-buttons-is-layout-flex\">\n<div class=\"wp-block-button is-style-fill\"><a class=\"wp-block-button__link has-base-color has-text-color has-background has-link-color wp-element-button\" href=\"https:\/\/www.forum-klimaschutz-gmunden.at\/?page_id=139\" style=\"background-color:#5a7396\">zur\u00fcck zur Themen-\u00dcbersicht<\/a><\/div>\n<\/div>\n\n\n\n<p class=\"has-text-align-center has-small-font-size\">Titelbild: Simon Legner | <a href=\"https:\/\/creativecommons.org\/licenses\/by-sa\/4.0\/\">CC BY-SA 4.0<\/a><\/p>\n\n\n\n<p><\/p>\n","protected":false},"excerpt":{"rendered":"<p>Was w\u00fcnschen sich die Menschen in \u00d6sterreich? Ganz oben steht der Verkehr, mit einem breiten Wunsch nach \u00d6ffis. Die Menschen fordern ein alltagstaugliches, g\u00fcnstiges Angebot f\u00fcr den Umstieg auf \u00d6ffis.&#8220; (Zukunftsplan der Bev\u00f6lkerung, Seite 10) Demnach ist die Bev\u00f6lkerung bereit zum Umstieg auf alltagstaugliche, g\u00fcnstige \u00d6ffis. Insbesondere f\u00fcr Bev\u00f6lkerungsgruppen ohne Auto bedeuten diese Ma\u00dfnahmen auch [&hellip;]<\/p>\n","protected":false},"author":1,"featured_media":0,"parent":0,"menu_order":0,"comment_status":"closed","ping_status":"closed","template":"startseite","meta":{"ngg_post_thumbnail":0,"footnotes":""},"class_list":["post-1118","page","type-page","status-publish","hentry"],"_links":{"self":[{"href":"https:\/\/www.forum-klimaschutz-gmunden.at\/index.php?rest_route=\/wp\/v2\/pages\/1118","targetHints":{"allow":["GET"]}}],"collection":[{"href":"https:\/\/www.forum-klimaschutz-gmunden.at\/index.php?rest_route=\/wp\/v2\/pages"}],"about":[{"href":"https:\/\/www.forum-klimaschutz-gmunden.at\/index.php?rest_route=\/wp\/v2\/types\/page"}],"author":[{"embeddable":true,"href":"https:\/\/www.forum-klimaschutz-gmunden.at\/index.php?rest_route=\/wp\/v2\/users\/1"}],"replies":[{"embeddable":true,"href":"https:\/\/www.forum-klimaschutz-gmunden.at\/index.php?rest_route=%2Fwp%2Fv2%2Fcomments&post=1118"}],"version-history":[{"count":66,"href":"https:\/\/www.forum-klimaschutz-gmunden.at\/index.php?rest_route=\/wp\/v2\/pages\/1118\/revisions"}],"predecessor-version":[{"id":3252,"href":"https:\/\/www.forum-klimaschutz-gmunden.at\/index.php?rest_route=\/wp\/v2\/pages\/1118\/revisions\/3252"}],"wp:attachment":[{"href":"https:\/\/www.forum-klimaschutz-gmunden.at\/index.php?rest_route=%2Fwp%2Fv2%2Fmedia&parent=1118"}],"curies":[{"name":"wp","href":"https:\/\/api.w.org\/{rel}","templated":true}]}}