{"id":1099,"date":"2024-10-31T18:15:50","date_gmt":"2024-10-31T17:15:50","guid":{"rendered":"https:\/\/www.forum-klimaschutz-gmunden.at\/?page_id=1099"},"modified":"2026-03-17T18:43:59","modified_gmt":"2026-03-17T17:43:59","slug":"vortrag-zur-abfallwirtschaft","status":"publish","type":"page","link":"https:\/\/www.forum-klimaschutz-gmunden.at\/?page_id=1099","title":{"rendered":"Vortrag zur Abfallwirtschaft"},"content":{"rendered":"\n<div class=\"wp-block-cover alignfull\"><img loading=\"lazy\" decoding=\"async\" width=\"2560\" height=\"1707\" class=\"wp-block-cover__image-background wp-image-2378\" alt=\"\" src=\"https:\/\/www.forum-klimaschutz-gmunden.at\/wp-content\/uploads\/2025\/01\/Sortieranlage_Saubermacher_GmbH-scaled.jpg\" data-object-fit=\"cover\" srcset=\"https:\/\/www.forum-klimaschutz-gmunden.at\/wp-content\/uploads\/2025\/01\/Sortieranlage_Saubermacher_GmbH-scaled.jpg 2560w, https:\/\/www.forum-klimaschutz-gmunden.at\/wp-content\/uploads\/2025\/01\/Sortieranlage_Saubermacher_GmbH-300x200.jpg 300w, https:\/\/www.forum-klimaschutz-gmunden.at\/wp-content\/uploads\/2025\/01\/Sortieranlage_Saubermacher_GmbH-1024x683.jpg 1024w, https:\/\/www.forum-klimaschutz-gmunden.at\/wp-content\/uploads\/2025\/01\/Sortieranlage_Saubermacher_GmbH-768x512.jpg 768w, https:\/\/www.forum-klimaschutz-gmunden.at\/wp-content\/uploads\/2025\/01\/Sortieranlage_Saubermacher_GmbH-1536x1024.jpg 1536w, https:\/\/www.forum-klimaschutz-gmunden.at\/wp-content\/uploads\/2025\/01\/Sortieranlage_Saubermacher_GmbH-2048x1365.jpg 2048w\" sizes=\"auto, (max-width: 2560px) 100vw, 2560px\" \/><span aria-hidden=\"true\" class=\"wp-block-cover__background has-background-dim-40 has-background-dim\" style=\"background-color:#8195ae\"><\/span><div class=\"wp-block-cover__inner-container has-global-padding is-layout-constrained wp-block-cover-is-layout-constrained\">\n<h2 class=\"wp-block-heading alignfull has-text-align-center has-xx-large-font-size\"><strong>Rohstoffquelle M\u00fclltonne<\/strong><\/h2>\n<\/div><\/div>\n\n\n\n<div style=\"height:20px\" aria-hidden=\"true\" class=\"wp-block-spacer\"><\/div>\n\n\n\n<h4 class=\"wp-block-heading has-text-align-center\">Der Vortrag beleuchtet die Bedeutung richtiger Abfalltrennung<\/h4>\n\n\n\n<p>Am 21.11.2024 l\u00e4dt das Forum Klimaschutz f\u00fcr Gmunden ins Rathaus Gmunden zu einem Vortrag mit dem Thema \u201eRohstoffquelle M\u00fclltonne\u201c ein. Im Fokus der Veranstaltung steht die Frage, warum Abfallvermeidung und M\u00fclltrennung aktiver Klimaschutz sind und wie durch die richtige Entsorgung Abfall zur Ressource wird.<\/p>\n\n\n\n<div class=\"wp-block-columns is-layout-flex wp-container-core-columns-is-layout-c5150b4a wp-block-columns-is-layout-flex\">\n<div class=\"wp-block-column is-layout-flow wp-block-column-is-layout-flow\">\n<figure data-wp-context=\"{&quot;imageId&quot;:&quot;6a07074373b28&quot;}\" data-wp-interactive=\"core\/image\" data-wp-key=\"6a07074373b28\" class=\"wp-block-image aligncenter size-full wp-lightbox-container\"><img loading=\"lazy\" decoding=\"async\" width=\"645\" height=\"911\" data-wp-class--hide=\"state.isContentHidden\" data-wp-class--show=\"state.isContentVisible\" data-wp-init=\"callbacks.setButtonStyles\" data-wp-on--click=\"actions.showLightbox\" data-wp-on--load=\"callbacks.setButtonStyles\" data-wp-on-window--resize=\"callbacks.setButtonStyles\" src=\"https:\/\/www.forum-klimaschutz-gmunden.at\/wp-content\/uploads\/2025\/04\/Poster-Vortrag-1.jpg\" alt=\"\" class=\"wp-image-2756\" srcset=\"https:\/\/www.forum-klimaschutz-gmunden.at\/wp-content\/uploads\/2025\/04\/Poster-Vortrag-1.jpg 645w, https:\/\/www.forum-klimaschutz-gmunden.at\/wp-content\/uploads\/2025\/04\/Poster-Vortrag-1-212x300.jpg 212w\" sizes=\"auto, (max-width: 645px) 100vw, 645px\" \/><button\n\t\t\tclass=\"lightbox-trigger\"\n\t\t\ttype=\"button\"\n\t\t\taria-haspopup=\"dialog\"\n\t\t\taria-label=\"Vergr\u00f6\u00dfern\"\n\t\t\tdata-wp-init=\"callbacks.initTriggerButton\"\n\t\t\tdata-wp-on--click=\"actions.showLightbox\"\n\t\t\tdata-wp-style--right=\"state.imageButtonRight\"\n\t\t\tdata-wp-style--top=\"state.imageButtonTop\"\n\t\t>\n\t\t\t<svg xmlns=\"http:\/\/www.w3.org\/2000\/svg\" width=\"12\" height=\"12\" fill=\"none\" viewBox=\"0 0 12 12\">\n\t\t\t\t<path fill=\"#fff\" d=\"M2 0a2 2 0 0 0-2 2v2h1.5V2a.5.5 0 0 1 .5-.5h2V0H2Zm2 10.5H2a.5.5 0 0 1-.5-.5V8H0v2a2 2 0 0 0 2 2h2v-1.5ZM8 12v-1.5h2a.5.5 0 0 0 .5-.5V8H12v2a2 2 0 0 1-2 2H8Zm2-12a2 2 0 0 1 2 2v2h-1.5V2a.5.5 0 0 0-.5-.5H8V0h2Z\" \/>\n\t\t\t<\/svg>\n\t\t<\/button><\/figure>\n<\/div>\n\n\n\n<div class=\"wp-block-column has-global-padding is-layout-constrained wp-block-column-is-layout-constrained\">\n<p>Zudem gibt es alle Informationen zur Einf\u00fchrung des Einwegpfandes auf Getr\u00e4nkeflaschen und -dosen sowie die Neuerungen bez\u00fcglich der Verpackungssammlung in der Gelben Tonne bei den Haushalten ab 1. J\u00e4nner 2025.<\/p>\n\n\n\n<p>Die Veranstaltung richtet sich an alle Interessierten, die mehr dar\u00fcber erfahren m\u00f6chten, wie kleine Verhaltens\u00e4nderungen im Alltag einen positiven Effekt auf unsere Umwelt haben. Der Vortrag zeigt auf, dass M\u00fclltrennung weit mehr ist als eine Pflicht \u2013 sie ist ein aktiver Beitrag zum Klimaschutz.<\/p>\n<\/div>\n<\/div>\n\n\n\n<p>Herzlichen Dank an Stefanie Holy und Christoph Stinglmayr f\u00fcr ihren hoch informativen Vortrag mit den aktuellen News zur Abfallsammlung!<\/p>\n\n\n\n<p>Dank auch an Stadtrat Michael Mugrauer f\u00fcr sein Mitdabeisein, an Christine Kopp f\u00fcr die schmackhaften \u00c4pfel (Die Kiste wurde geleert), an Aloisia Altmanninger f\u00fcr die Fotos, an alle Besucher die mit Ihren Fragen den kurzweiligen Vortrag mitgestaltet haben.<\/p>\n\n\n\n<p>Noch mehr Information zum Thema Abfallwirtschaft stellt die Website <a href=\"https:\/\/www.umweltprofis.at\/gmunden\/home.html\">Umweltprofis: Home<\/a> zur Verf\u00fcgung.<\/p>\n\n\n\nngg_shortcode_0_placeholder\n\n\n\n<p class=\"has-text-align-center has-small-font-size\">Fotos von Aloisia Altmanninger<\/p>\n\n\n\n<div class=\"wp-block-buttons is-content-justification-center is-layout-flex wp-container-core-buttons-is-layout-a89b3969 wp-block-buttons-is-layout-flex\">\n<div class=\"wp-block-button is-style-fill\"><a class=\"wp-block-button__link has-base-color has-text-color has-background has-link-color wp-element-button\" href=\"https:\/\/www.forum-klimaschutz-gmunden.at\/?page_id=857\" style=\"background-color:#5a7396\">zur\u00fcck zur Themen-\u00dcbersicht<\/a><\/div>\n<\/div>\n\n\n\n<p class=\"has-text-align-center has-small-font-size\">Titelbild: Sortieranlage Saubermacher GmbH<\/p>\n\n\n\n<p><\/p>\n","protected":false},"excerpt":{"rendered":"<p>Der Vortrag beleuchtet die Bedeutung richtiger Abfalltrennung Am 21.11.2024 l\u00e4dt das Forum Klimaschutz f\u00fcr Gmunden ins Rathaus Gmunden zu einem Vortrag mit dem Thema \u201eRohstoffquelle M\u00fclltonne\u201c ein. Im Fokus der Veranstaltung steht die Frage, warum Abfallvermeidung und M\u00fclltrennung aktiver Klimaschutz sind und wie durch die richtige Entsorgung Abfall zur Ressource wird. Zudem gibt es alle [&hellip;]<\/p>\n","protected":false},"author":1,"featured_media":0,"parent":0,"menu_order":0,"comment_status":"closed","ping_status":"closed","template":"startseite","meta":{"ngg_post_thumbnail":0,"footnotes":""},"class_list":["post-1099","page","type-page","status-publish","hentry"],"_links":{"self":[{"href":"https:\/\/www.forum-klimaschutz-gmunden.at\/index.php?rest_route=\/wp\/v2\/pages\/1099","targetHints":{"allow":["GET"]}}],"collection":[{"href":"https:\/\/www.forum-klimaschutz-gmunden.at\/index.php?rest_route=\/wp\/v2\/pages"}],"about":[{"href":"https:\/\/www.forum-klimaschutz-gmunden.at\/index.php?rest_route=\/wp\/v2\/types\/page"}],"author":[{"embeddable":true,"href":"https:\/\/www.forum-klimaschutz-gmunden.at\/index.php?rest_route=\/wp\/v2\/users\/1"}],"replies":[{"embeddable":true,"href":"https:\/\/www.forum-klimaschutz-gmunden.at\/index.php?rest_route=%2Fwp%2Fv2%2Fcomments&post=1099"}],"version-history":[{"count":33,"href":"https:\/\/www.forum-klimaschutz-gmunden.at\/index.php?rest_route=\/wp\/v2\/pages\/1099\/revisions"}],"predecessor-version":[{"id":3889,"href":"https:\/\/www.forum-klimaschutz-gmunden.at\/index.php?rest_route=\/wp\/v2\/pages\/1099\/revisions\/3889"}],"wp:attachment":[{"href":"https:\/\/www.forum-klimaschutz-gmunden.at\/index.php?rest_route=%2Fwp%2Fv2%2Fmedia&parent=1099"}],"curies":[{"name":"wp","href":"https:\/\/api.w.org\/{rel}","templated":true}]}}