{"id":1006,"date":"2024-10-28T20:19:19","date_gmt":"2024-10-28T19:19:19","guid":{"rendered":"https:\/\/www.forum-klimaschutz-gmunden.at\/?page_id=1006"},"modified":"2026-02-08T14:06:11","modified_gmt":"2026-02-08T13:06:11","slug":"erneuerbare-energie","status":"publish","type":"page","link":"https:\/\/www.forum-klimaschutz-gmunden.at\/?page_id=1006","title":{"rendered":"Erneuerbare Energie"},"content":{"rendered":"\n<div class=\"wp-block-cover alignfull is-light\"><img loading=\"lazy\" decoding=\"async\" width=\"1024\" height=\"424\" class=\"wp-block-cover__image-background wp-image-2242\" alt=\"\" src=\"https:\/\/www.forum-klimaschutz-gmunden.at\/wp-content\/uploads\/2025\/01\/image-15-1024x681-4.png\" data-object-fit=\"cover\" srcset=\"https:\/\/www.forum-klimaschutz-gmunden.at\/wp-content\/uploads\/2025\/01\/image-15-1024x681-4.png 1024w, https:\/\/www.forum-klimaschutz-gmunden.at\/wp-content\/uploads\/2025\/01\/image-15-1024x681-4-300x124.png 300w, https:\/\/www.forum-klimaschutz-gmunden.at\/wp-content\/uploads\/2025\/01\/image-15-1024x681-4-768x318.png 768w\" sizes=\"auto, (max-width: 1024px) 100vw, 1024px\" \/><span aria-hidden=\"true\" class=\"wp-block-cover__background has-background-dim-40 has-background-dim\" style=\"background-color:#8195ae\"><\/span><div class=\"wp-block-cover__inner-container has-global-padding is-layout-constrained wp-block-cover-is-layout-constrained\">\n<p class=\"has-text-align-center has-base-color has-text-color has-link-color has-xx-large-font-size wp-elements-2b24ab632c457418f02581704b5f9779\"><strong>Erneuerbare Energie<\/strong><\/p>\n<\/div><\/div>\n\n\n\n<div style=\"height:15px\" aria-hidden=\"true\" class=\"wp-block-spacer\"><\/div>\n\n\n\n<p class=\"has-text-align-center\">Auch wenn der Anteil von erneuerbarer Energie in den letzten Jahren deutlich gesteigert wurde, sind wir noch immer abh\u00e4ngig von Kohle, \u00d6l und Gas, die bei der Verbrennung das klimasch\u00e4dliche Treibhausgas CO<sub>2<\/sub> freisetzen.<\/p>\n\n\n\n<blockquote class=\"wp-block-quote alignfull has-text-align-center is-layout-flow wp-block-quote-is-layout-flow\">\n<h4 class=\"wp-block-heading\"><em>\u00d6sterreich ist noch immer zu 2\/3 von fossiler Energie abh\u00e4ngig<\/em><\/h4>\n<\/blockquote>\n\n\n\n<p class=\"has-text-align-center\">Um eine Trendwende hin zu 100&nbsp;% erneuerbarer Energie m\u00f6glich zu machen, sind umfassende Ver\u00e4nderungen und Investitionen in allen Sektoren (Strom, W\u00e4rme, Mobilit\u00e4t) notwendig (<a href=\"https:\/\/positionen.wienenergie.at\/grafiken\/energieverbrauch-oesterreich\/\">Energiev<\/a><a href=\"https:\/\/positionen.wienenergie.at\/grafiken\/energieverbrauch-oesterreich\/\" target=\"_blank\" rel=\"noreferrer noopener\">e<\/a><a href=\"https:\/\/positionen.wienenergie.at\/grafiken\/energieverbrauch-oesterreich\/\">rbrauch \u00d6sterreich \u00bb in TWh nach Sektoren<\/a>)<\/p>\n\n\n\n<figure data-wp-context=\"{&quot;imageId&quot;:&quot;6a0707432d43f&quot;}\" data-wp-interactive=\"core\/image\" data-wp-key=\"6a0707432d43f\" class=\"wp-block-image size-large wp-lightbox-container\"><img loading=\"lazy\" decoding=\"async\" width=\"1024\" height=\"481\" data-wp-class--hide=\"state.isContentHidden\" data-wp-class--show=\"state.isContentVisible\" data-wp-init=\"callbacks.setButtonStyles\" data-wp-on--click=\"actions.showLightbox\" data-wp-on--load=\"callbacks.setButtonStyles\" data-wp-on-window--resize=\"callbacks.setButtonStyles\" src=\"https:\/\/www.forum-klimaschutz-gmunden.at\/wp-content\/uploads\/2025\/01\/Screenshot-2025-01-20-163139-1-1024x481.png\" alt=\"\" class=\"wp-image-2251\" srcset=\"https:\/\/www.forum-klimaschutz-gmunden.at\/wp-content\/uploads\/2025\/01\/Screenshot-2025-01-20-163139-1-1024x481.png 1024w, https:\/\/www.forum-klimaschutz-gmunden.at\/wp-content\/uploads\/2025\/01\/Screenshot-2025-01-20-163139-1-300x141.png 300w, https:\/\/www.forum-klimaschutz-gmunden.at\/wp-content\/uploads\/2025\/01\/Screenshot-2025-01-20-163139-1-768x361.png 768w, https:\/\/www.forum-klimaschutz-gmunden.at\/wp-content\/uploads\/2025\/01\/Screenshot-2025-01-20-163139-1.png 1251w\" sizes=\"auto, (max-width: 1024px) 100vw, 1024px\" \/><button\n\t\t\tclass=\"lightbox-trigger\"\n\t\t\ttype=\"button\"\n\t\t\taria-haspopup=\"dialog\"\n\t\t\taria-label=\"Vergr\u00f6\u00dfern\"\n\t\t\tdata-wp-init=\"callbacks.initTriggerButton\"\n\t\t\tdata-wp-on--click=\"actions.showLightbox\"\n\t\t\tdata-wp-style--right=\"state.imageButtonRight\"\n\t\t\tdata-wp-style--top=\"state.imageButtonTop\"\n\t\t>\n\t\t\t<svg xmlns=\"http:\/\/www.w3.org\/2000\/svg\" width=\"12\" height=\"12\" fill=\"none\" viewBox=\"0 0 12 12\">\n\t\t\t\t<path fill=\"#fff\" d=\"M2 0a2 2 0 0 0-2 2v2h1.5V2a.5.5 0 0 1 .5-.5h2V0H2Zm2 10.5H2a.5.5 0 0 1-.5-.5V8H0v2a2 2 0 0 0 2 2h2v-1.5ZM8 12v-1.5h2a.5.5 0 0 0 .5-.5V8H12v2a2 2 0 0 1-2 2H8Zm2-12a2 2 0 0 1 2 2v2h-1.5V2a.5.5 0 0 0-.5-.5H8V0h2Z\" \/>\n\t\t\t<\/svg>\n\t\t<\/button><\/figure>\n\n\n\n<p class=\"has-text-align-left\">F\u00fcr Gmunden f\u00fchrte das &#8222;Klimab\u00fcndnis \u00d6sterreich&#8220; 2019 eine Bilanzierung des CO<sub>2<\/sub>&#8211; und Energieverbrauchs f\u00fcr folgende Sektoren durch: Gemeindeeigene Objekte, Wohnen (Haushalte), Betriebe, Verkehr, Landwirtschaft und Abfall.<\/p>\n\n\n\n<figure data-wp-context=\"{&quot;imageId&quot;:&quot;6a0707432dad1&quot;}\" data-wp-interactive=\"core\/image\" data-wp-key=\"6a0707432dad1\" class=\"wp-block-image size-full wp-lightbox-container\"><img loading=\"lazy\" decoding=\"async\" width=\"847\" height=\"790\" data-wp-class--hide=\"state.isContentHidden\" data-wp-class--show=\"state.isContentVisible\" data-wp-init=\"callbacks.setButtonStyles\" data-wp-on--click=\"actions.showLightbox\" data-wp-on--load=\"callbacks.setButtonStyles\" data-wp-on-window--resize=\"callbacks.setButtonStyles\" src=\"https:\/\/www.forum-klimaschutz-gmunden.at\/wp-content\/uploads\/2025\/01\/Screenshot-2025-01-15-001526.jpg\" alt=\"\" class=\"wp-image-1807\" srcset=\"https:\/\/www.forum-klimaschutz-gmunden.at\/wp-content\/uploads\/2025\/01\/Screenshot-2025-01-15-001526.jpg 847w, https:\/\/www.forum-klimaschutz-gmunden.at\/wp-content\/uploads\/2025\/01\/Screenshot-2025-01-15-001526-300x280.jpg 300w, https:\/\/www.forum-klimaschutz-gmunden.at\/wp-content\/uploads\/2025\/01\/Screenshot-2025-01-15-001526-768x716.jpg 768w\" sizes=\"auto, (max-width: 847px) 100vw, 847px\" \/><button\n\t\t\tclass=\"lightbox-trigger\"\n\t\t\ttype=\"button\"\n\t\t\taria-haspopup=\"dialog\"\n\t\t\taria-label=\"Vergr\u00f6\u00dfern\"\n\t\t\tdata-wp-init=\"callbacks.initTriggerButton\"\n\t\t\tdata-wp-on--click=\"actions.showLightbox\"\n\t\t\tdata-wp-style--right=\"state.imageButtonRight\"\n\t\t\tdata-wp-style--top=\"state.imageButtonTop\"\n\t\t>\n\t\t\t<svg xmlns=\"http:\/\/www.w3.org\/2000\/svg\" width=\"12\" height=\"12\" fill=\"none\" viewBox=\"0 0 12 12\">\n\t\t\t\t<path fill=\"#fff\" d=\"M2 0a2 2 0 0 0-2 2v2h1.5V2a.5.5 0 0 1 .5-.5h2V0H2Zm2 10.5H2a.5.5 0 0 1-.5-.5V8H0v2a2 2 0 0 0 2 2h2v-1.5ZM8 12v-1.5h2a.5.5 0 0 0 .5-.5V8H12v2a2 2 0 0 1-2 2H8Zm2-12a2 2 0 0 1 2 2v2h-1.5V2a.5.5 0 0 0-.5-.5H8V0h2Z\" \/>\n\t\t\t<\/svg>\n\t\t<\/button><\/figure>\n\n\n\n<p>Abbildung aus: Jahresbericht 2023 \u2013 1. Evaluierung der Klimastrategie Gmunden, Seite 19. Mit welchen Energietr\u00e4gern der Energiebedarf in der Gemeinde gedeckt wird, geht daraus leider nicht hervor.<\/p>\n\n\n\n<div style=\"height:20px\" aria-hidden=\"true\" class=\"wp-block-spacer\"><\/div>\n\n\n\n<h4 class=\"wp-block-heading has-text-align-center\">Potentiale f\u00fcr Gmunden<\/h4>\n\n\n\n<p><strong>Sanierung von Gemeindegeb\u00e4uden<\/strong> <a href=\"https:\/\/www.energiesparverband.at\/fileadmin\/esv\/Broschueren\/Broschuere-EED-Gemeinden.pdf\" data-type=\"link\" data-id=\"https:\/\/www.energiesparverband.at\/fileadmin\/esv\/Broschueren\/Broschuere-EED-Gemeinden.pdf\" target=\"_blank\" rel=\"noreferrer noopener\"><strong>EED III<\/strong><\/a><br>Energieeffizienz-Ma\u00dfnahmen im \u00f6ffentlichen Bereich leisten einen wesentlichen Beitrag zum Klimaschutz und zur Energie- und Kosteneinsparung. Sie sind aber auch wichtig, um die Akzeptanz f\u00fcr die Energiewende bei den B\u00fcrgerInnen zu erh\u00f6hen.<\/p>\n\n\n\n<p>Seit Oktober 2025 muss eine <a href=\"https:\/\/www.gmunden.at\/verwaltung-politik\/servicesformulare\/gebaeudeinventar\/\" target=\"_blank\" rel=\"noreferrer noopener\">vollst\u00e4ndige Inventarliste<\/a> aufliegen. <\/p>\n\n\n\n<p><strong>Photovoltaik-Anlagen<\/strong><br>Ob Ihr Dach f\u00fcr eine PV-Anlage geeignet ist, k\u00f6nnen Sie mithilfe des <a href=\"https:\/\/solarkataster-traunsteinregion.at\/#s=startscreen\" target=\"_blank\" rel=\"noreferrer noopener\">Solarkataster Traunstein<\/a> feststellen. Welche D\u00e4cher, Carports etc. k\u00f6nnen f\u00fcr Photovoltaik genutzt werden?<\/p>\n\n\n\n<p><strong>Erneuerbare Energiegemeinschaften (EEG)<\/strong><br>EEGs erm\u00f6glichen es, \u00dcberschussstrom etwa von PV-Anlagen an Nachbarn zu verkaufen bzw. zu beziehen. Alle wesentlichen Informationen dazu gibt es auf der Website der <a href=\"https:\/\/energiegemeinschaften.gv.at\/erneuerbare-energie-gemeinschaften-eeg\/\" target=\"_blank\" rel=\"noreferrer noopener\">Energiegemeinschaften<\/a>.<\/p>\n\n\n\n<p><strong>Erneuerbare Energiegemeinschaft in Gmunden <\/strong><br><a href=\"https:\/\/www.kem-traunsteinregion.at\/projekte\/energiegemeinschaft-keramikstadt\/\" target=\"_blank\" rel=\"noreferrer noopener\">EEG Keramikstadt<\/a>: Noch nie war es f\u00fcr Gmundnerinnen und Gmundner so einfach Strom aus erneuerbaren Quellen (Photovoltaik) zu beziehen. Neben einem fairen Preis je kWh sind noch folgende Vorteile erw\u00e4hnenswert:<\/p>\n\n\n\n<ul class=\"wp-block-list\">\n<li>PV-Strom verursacht kaum Betriebskosten. Daher sind die Stromkosten langfristig planbar.<\/li>\n\n\n\n<li>PV-Strom ist ein wichtiger Schritt auf dem Weg zu einer Unabh\u00e4ngigkeit von fossilen Energietr\u00e4gern.<\/li>\n\n\n\n<li>Dies tr\u00e4gt wesentlich zur Energiewende bei.<\/li>\n<\/ul>\n\n\n\n<p><strong>Vortrag &#8222;Energiewende nachgerechnet&#8220;<\/strong><br>Fritz Feichtingers Vortrag gibt einen kompakter \u00dcberblick zum Status Quo und zu m\u00f6glichen Szenarien f\u00fcr einen Ausstieg aus fossiler Energie. <a href=\"https:\/\/www.forum-klimaschutz-gmunden.at\/?page_id=137\" data-type=\"page\" data-id=\"137\">Vortrag zur Energiewende<\/a><\/p>\n\n\n\n<p><strong>Vortrag &#8222;Mach dein Dach zum Kraftwerk&#8220;<\/strong> <br>Mit einem Vortrag von Christian Hummelbrunner, KEM Manager der Region Traunstein, wollen wir dazu beitragen, dass der Ausbau von Photovoltaik in der Gemeinde Gmunden sowohl bei privaten Haushalten als auch auf gemeindeeigenen Geb\u00e4uden z\u00fcgig voranschreitet. <br><a href=\"https:\/\/www.forum-klimaschutz-gmunden.at\/?page_id=2641\">Mach dein Dach zum Kraftwerk \u2013 Forum f\u00fcr Klimaschutz in Gmunden<\/a><\/p>\n\n\n\n<p><strong>Vortrag &#8222;Energiespeicher verstehen&#8220;<\/strong><br>Im Vortrag \u201eEnergiespeicher verstehen\u201c erkl\u00e4rt der Mechatroniker Karl Zeilhofer praxisnah, welche M\u00f6glichkeiten Batteriesysteme f\u00fcr Eigenverbrauch und Autarkie bieten, mit welchen Leistungen gerechnet werden kann und warum Speicher das Netz entlasten sowie den Ausbaubedarf reduzieren k\u00f6nnen. <br><a href=\"https:\/\/www.forum-klimaschutz-gmunden.at\/?page_id=3350\">Vortrag Energiespeicher \u2013 Forum f\u00fcr Klimaschutz in Gmunden<\/a><\/p>\n\n\n\n<p><strong>Geothermie in Gmunden<\/strong><br>Das Forum bef\u00fcrwortet das Projekt Geothermie. Wir weisen aber im Vorfeld bereits auf ein No Go hin, das nicht ausgeschlossen werden kann: Sollte bei einer Probebohrung auf Gas gesto\u00dfen werden, so muss klar gestellt werden, dass eine Gasf\u00f6rderung nicht in Frage kommt. <\/p>\n\n\n\n<p>Mehr dazu auf folgenden Seiten:<br><a href=\"https:\/\/ooe.orf.at\/stories\/3193771\/\" target=\"_blank\" rel=\"noreferrer noopener\">M\u00f6glichkeit f\u00fcr Geothermie in Gmunden (ooe.ORF.at)<\/a> <br><a href=\"https:\/\/www.tips.at\/nachrichten\/gmunden\/wirtschaft-politik\/633290-forschungsprojekt-testet-einsatz-von-geothermie-in-gmundner-molkerei\" target=\"_blank\" rel=\"noreferrer noopener\">Forschungsprojekt testet Einsatz von Geothermie in Gmundner Molkerei (tips.at)<\/a><\/p>\n\n\n\n<p>Um die Bev\u00f6lkerung bei diesem Projekt &#8222;mitzunehmen&#8220;, ist Information und Transparenz der Projektpartner dringend n\u00f6tig. <\/p>\n\n\n\n<p><a href=\"https:\/\/www.energieag.at\/energieabergut\/blog\/pumpspeicherkraftwerk-ebensee\" target=\"_blank\" rel=\"noreferrer noopener\"><strong>Pumpspeicherkraftwerk<\/strong> <strong>Ebensee<\/strong><\/a> <br>Zwar nicht in Gmunden sondern in Ebensee entsteht derzeit ein modernes Pumpspeicherkraftwerk. Die Inbetriebnahme wird voraussichtlich Ende 2027 erfolgen. \u00dcber den <a href=\"https:\/\/www.energieag.at\/energieabergut\/Blog\/Baufortschritt-PSKW-Ebensee\" target=\"_blank\" rel=\"noreferrer noopener\">aktuellen Baufortschritt des Pumpspeicherkraftwerks Ebensee<\/a> spricht Projektleiter DI Klaus H\u00f6ller.<\/p>\n\n\n\n<p><strong>Sparsamer Umgang mit Energie<\/strong><br>Der alleinige Umstieg auf erneuerbare Energien reicht auf Dauer nicht aus, um unseren Energiebedarf zu decken. Wichtig ist, dass wir in Zukunft generell sparsamer mit Energie umgehen und diese effizienter speichern und nutzen. Nur durch die Durchsetzung eines ganzen B\u00fcndels an Ma\u00dfnahmen, kann die Energiewende klappen (aus <a href=\"https:\/\/www.kem-traunsteinregion.at\/themen\/energiewende\/\" target=\"_blank\" rel=\"noreferrer noopener nofollow\">KEM Traunstein<\/a>).<\/p>\n\n\n\n<div style=\"height:20px\" aria-hidden=\"true\" class=\"wp-block-spacer\"><\/div>\n\n\n\n<h4 class=\"wp-block-heading has-text-align-center\">Links <\/h4>\n\n\n\n<div class=\"wp-block-group has-global-padding is-layout-constrained wp-block-group-is-layout-constrained\">\n<ul class=\"wp-block-list\">\n<li><a href=\"https:\/\/www.erneuerbare-energie.at\/\" target=\"_blank\" rel=\"noreferrer noopener\">Erneuerbare Energie \u00d6sterreich<\/a> mit Forderungskatalog an das Regierungsprogramm 2024-2029<\/li>\n\n\n\n<li><a href=\"https:\/\/pvaustria.at\/\" target=\"_blank\" rel=\"noreferrer noopener\">Bundesverband Photovoltaic Austria<\/a> <\/li>\n\n\n\n<li><a href=\"https:\/\/www.energyagency.at\/petajoule\" target=\"_blank\" rel=\"noreferrer noopener\">Podcast: AEA &#8211; \u00d6sterreichische Energieagentur<\/a><br>Petajoule ist der erste \u00f6sterreichische Podcast zum Thema Energie.<\/li>\n<\/ul>\n<\/div>\n\n\n\n<div style=\"height:17px\" aria-hidden=\"true\" class=\"wp-block-spacer\"><\/div>\n\n\n\n<div class=\"wp-block-buttons is-content-justification-center is-layout-flex wp-container-core-buttons-is-layout-a89b3969 wp-block-buttons-is-layout-flex\">\n<div class=\"wp-block-button\"><a class=\"wp-block-button__link has-base-color has-text-color has-link-color wp-element-button\" href=\"https:\/\/www.forum-klimaschutz-gmunden.at\/?page_id=139\">zur\u00fcck zur Themen-\u00dcbersicht<\/a><\/div>\n<\/div>\n\n\n\n<p class=\"has-text-align-center has-small-font-size\">Titelbild: Energie AG, <a href=\"https:\/\/www.energieag.at\/energieabergut\/blog\/pumpspeicherkraftwerk-ebensee\">Unsere Investition in die Energie-Zukunft<\/a>)<\/p>\n\n\n\n<p><\/p>\n","protected":false},"excerpt":{"rendered":"<p>Auch wenn der Anteil von erneuerbarer Energie in den letzten Jahren deutlich gesteigert wurde, sind wir noch immer abh\u00e4ngig von Kohle, \u00d6l und Gas, die bei der Verbrennung das klimasch\u00e4dliche Treibhausgas CO2 freisetzen. \u00d6sterreich ist noch immer zu 2\/3 von fossiler Energie abh\u00e4ngig Um eine Trendwende hin zu 100&nbsp;% erneuerbarer Energie m\u00f6glich zu machen, sind [&hellip;]<\/p>\n","protected":false},"author":1,"featured_media":0,"parent":0,"menu_order":0,"comment_status":"closed","ping_status":"closed","template":"startseite","meta":{"ngg_post_thumbnail":0,"footnotes":""},"class_list":["post-1006","page","type-page","status-publish","hentry"],"_links":{"self":[{"href":"https:\/\/www.forum-klimaschutz-gmunden.at\/index.php?rest_route=\/wp\/v2\/pages\/1006","targetHints":{"allow":["GET"]}}],"collection":[{"href":"https:\/\/www.forum-klimaschutz-gmunden.at\/index.php?rest_route=\/wp\/v2\/pages"}],"about":[{"href":"https:\/\/www.forum-klimaschutz-gmunden.at\/index.php?rest_route=\/wp\/v2\/types\/page"}],"author":[{"embeddable":true,"href":"https:\/\/www.forum-klimaschutz-gmunden.at\/index.php?rest_route=\/wp\/v2\/users\/1"}],"replies":[{"embeddable":true,"href":"https:\/\/www.forum-klimaschutz-gmunden.at\/index.php?rest_route=%2Fwp%2Fv2%2Fcomments&post=1006"}],"version-history":[{"count":100,"href":"https:\/\/www.forum-klimaschutz-gmunden.at\/index.php?rest_route=\/wp\/v2\/pages\/1006\/revisions"}],"predecessor-version":[{"id":3587,"href":"https:\/\/www.forum-klimaschutz-gmunden.at\/index.php?rest_route=\/wp\/v2\/pages\/1006\/revisions\/3587"}],"wp:attachment":[{"href":"https:\/\/www.forum-klimaschutz-gmunden.at\/index.php?rest_route=%2Fwp%2Fv2%2Fmedia&parent=1006"}],"curies":[{"name":"wp","href":"https:\/\/api.w.org\/{rel}","templated":true}]}}